{"id":13700,"date":"2023-02-01T12:56:55","date_gmt":"2023-02-01T12:56:55","guid":{"rendered":"https:\/\/www.rentriders.pt\/?post_type=product&#038;p=13700"},"modified":"2026-05-13T09:33:26","modified_gmt":"2026-05-13T09:33:26","slug":"honda-adv-350cc","status":"publish","type":"product","link":"https:\/\/www.rentriders.pt\/fr\/produto\/honda-adv-350cc\/","title":{"rendered":"HONDA &#8211; ADV 350"},"content":{"rendered":"<p><\/p>\n<h2>Maxiscooter &#8211; HONDA ADV 350 \u2013 Categorie de Location D2<\/h2>\n<table>\n<tbody>\n<tr>\n<td colspan=\"2\"><strong>Moteur<\/strong><\/td>\n<\/tr>\n<tr>\n<td>Type<\/td>\n<td>Monocilindric 4 temps<\/td>\n<\/tr>\n<tr>\n<td>D\u00e9placement<\/td>\n<td>330 cc<\/td>\n<\/tr>\n<tr>\n<td>Puissance<\/td>\n<td>21,7 kw (28.8 CV)\u00a0 \u2013\u00a0 8.500 rpm<\/td>\n<\/tr>\n<tr>\n<td>Syst\u00e8me de r\u00e9frig\u00e9ration<\/td>\n<td>Refroidissement liquide<\/td>\n<\/tr>\n<tr>\n<td>Alimentation<\/td>\n<td>CDI<\/td>\n<\/tr>\n<tr>\n<td>Transmission<\/td>\n<td>Onduleur<\/td>\n<\/tr>\n<tr>\n<td>Approbation<\/td>\n<td>Euro 4<\/td>\n<\/tr>\n<tr>\n<td colspan=\"2\"><strong>Chassis<\/strong><\/td>\n<\/tr>\n<tr>\n<td>Longueur (mm)<\/td>\n<td>2.200mm<\/td>\n<\/tr>\n<tr>\n<td>Largeur (mm)<\/td>\n<td>895mm<\/td>\n<\/tr>\n<tr>\n<td>Hauteur (mm)<\/td>\n<td>1.295mm<\/td>\n<\/tr>\n<tr>\n<td>Empattement (mm)<\/td>\n<td>1.520mm<\/td>\n<\/tr>\n<tr>\n<td>Poids \u00e0 sec (kg)<\/td>\n<td>186<\/td>\n<\/tr>\n<tr>\n<td>R\u00e9servoir de carburant (L)<\/td>\n<td>11.7<\/td>\n<\/tr>\n<tr>\n<td>Suspension avant<\/td>\n<td>Fourche t\u00e9lescopique hydraulique invers\u00e9e<\/td>\n<\/tr>\n<tr>\n<td>Suspension arri\u00e8re<\/td>\n<td>Double amortisseur<\/td>\n<\/tr>\n<tr>\n<td>Frein avant<\/td>\n<td>Disc 256 mm \u2013 ABS<\/td>\n<\/tr>\n<tr>\n<td>Frein arri\u00e8re<\/td>\n<td>Disc 240 mm \u2013 ABS<\/td>\n<\/tr>\n<tr>\n<td>Pneu avant<\/td>\n<td>120\/70-15MC 56P<\/td>\n<\/tr>\n<tr>\n<td>Pneu arri\u00e8re<\/td>\n<td>140\/70-14MC 62P<\/td>\n<\/tr>\n<\/tbody>\n<\/table>\n<h3 style=\"text-align: justify;\">Louer un\u00a0 Maxiscooter chez Rent Riders est la meilleure fa\u00e7on de visiter et de conna\u00eetre le Portugal, en particulier de Lisbonne et ses magnifiques environs.<\/h3>\n<p style=\"text-align: justify;\">Allez \u00e0 Sintra, Cascais, Costa de Caparica ou tout autre endroit que vous souhaitez visiter ou d\u00e9couvrir pilotant l\u2019un des Maxi Sccoters de location ce sera inoubliable! Seul ou ensemble, le choix est le v\u00f4tre! Il suffit de venir \u00e0 RentRiders.Pt, louer un scooter et partir!<\/p>\n<p style=\"text-align: justify;\">Louer un Maxi Scooter ou une Moto de cat\u00e9gorie D2, moteur jusqu\u2019\u00e0 350CC, sera plus facile\u00a0 aller plus loin,\u00a0 visiter Cascais, Sintra, Costa de Caparica, Sesimbra et beaucoup d\u2019autres endroits baign\u00e9s par l\u2019Oc\u00e9an Atlantique, avec un plus grand confort.<\/p>\n<p style=\"text-align: justify;\">Louer un moto et d\u00e9couvrir la meilleure cuisine portugaise! Si vous aimez le poisson faites un tour \u00e0 Sesimbra profitez d\u2019un bon d\u00e9jeuner avec ce que la mer nous offre de mieux! Tout cela sans vous ennuyer avec les\u00a0 embouteillages\u00a0 et le parkings.<\/p>\n<h4 style=\"text-align: justify;\">Louer un Maxiscooter HONDA ADV 350CC et inclut \u201cBoca do Inferno\u201d, pr\u00e8s de Cascais, profitant les bonnes palourdes portugaises avec la mer bleue comme scenario.<\/h4>\n<p><\/p>","protected":false},"excerpt":{"rendered":"<p>Louez un Maxiscooter Honda ADV 350i chez RentRiders et amusez-vous \u00e0 Lisbonne et ses environs sur deux roues ! \ud83d\ude42<\/p>\n<p><em>Remarque : Il est n\u00e9cessaire d&rsquo;avoir un Permis de Conduire Moto de Cat\u00e9gorie A ou A2 (Classe 6 au Canada).<\/em><\/p>\n","protected":false},"featured_media":14646,"template":"","meta":{"iawp_total_views":1217},"product_brand":[],"product_cat":[41],"product_tag":[],"class_list":{"0":"post-13700","1":"product","2":"type-product","3":"status-publish","4":"has-post-thumbnail","6":"product_cat-aluguer-de-maxiscooters-300cc-cat-d","8":"first","9":"instock","10":"sale","11":"taxable","12":"shipping-taxable","13":"purchasable","14":"product-type-simple","15":"czr-hentry"},"_links":{"self":[{"href":"https:\/\/www.rentriders.pt\/fr\/wp-json\/wp\/v2\/product\/13700","targetHints":{"allow":["GET"]}}],"collection":[{"href":"https:\/\/www.rentriders.pt\/fr\/wp-json\/wp\/v2\/product"}],"about":[{"href":"https:\/\/www.rentriders.pt\/fr\/wp-json\/wp\/v2\/types\/product"}],"wp:featuredmedia":[{"embeddable":true,"href":"https:\/\/www.rentriders.pt\/fr\/wp-json\/wp\/v2\/media\/14646"}],"wp:attachment":[{"href":"https:\/\/www.rentriders.pt\/fr\/wp-json\/wp\/v2\/media?parent=13700"}],"wp:term":[{"taxonomy":"product_brand","embeddable":true,"href":"https:\/\/www.rentriders.pt\/fr\/wp-json\/wp\/v2\/product_brand?post=13700"},{"taxonomy":"product_cat","embeddable":true,"href":"https:\/\/www.rentriders.pt\/fr\/wp-json\/wp\/v2\/product_cat?post=13700"},{"taxonomy":"product_tag","embeddable":true,"href":"https:\/\/www.rentriders.pt\/fr\/wp-json\/wp\/v2\/product_tag?post=13700"}],"curies":[{"name":"wp","href":"https:\/\/api.w.org\/{rel}","templated":true}]}}