{"id":11429,"date":"2020-07-07T17:33:29","date_gmt":"2020-07-07T17:33:29","guid":{"rendered":"https:\/\/www.rentriders.pt\/?post_type=product&#038;p=11429"},"modified":"2026-01-04T22:20:58","modified_gmt":"2026-01-04T22:20:58","slug":"scott-aspect","status":"publish","type":"product","link":"https:\/\/www.rentriders.pt\/fr\/produto\/scott-aspect\/","title":{"rendered":"SCOTT &#8211; ASPECT"},"content":{"rendered":"<p><\/p>\n<h2 style=\"text-align: center;\"><strong>Louez un v\u00e9lo de route pour visiter Lisbonne \u2013 Cat. BM<\/strong><\/h2>\n<h3><strong>Les principales caract\u00e9ristiques de Scott Aspect comprennent:<\/strong><\/h3>\n<p>Frame: Aspect 700 \/ 900 series Alloy 6061 DB \/ Performance geometry Internal cable routing<br \/>\nFork: Suntour XCM-HLO Hyd. Lockout \/ 100mm travel<br \/>\nHeadset: GW 1SI110 OE integ.<br \/>\nBars: Syncros M3.0 \/ 720mm black \/ 31,8mm \/ 12mm rise \/ 9\u00b0 BS<br \/>\nStem: Syncros M3.0 \/ 7\u00b0 \/ Black<br \/>\nShifters: Shimano SL-M370-9R R-fire plus<br \/>\nFront Mech: Shimano FD-M3000 \/ 31.8mm<br \/>\nRear Mech: Shimano Alivio RD-M4000<br \/>\nSpeed: 27<br \/>\nChainset: Shimano FC-M3000 40x30x22<br \/>\nBottom Bracket: Shimano BB-UN-26 Cartridge Type<br \/>\nCassette: Shimano CS-HG200-9 \/ 11-34T<br \/>\nChain: KMC X9<br \/>\nFront Brake: Shimano BR-M315 \/ Hydr. Disc SM-RT10 CL Rotor \/ 160<br \/>\nRear Brake: Shimano BR-M315 \/ Hydr. Disc SM-RT10 CL Rotor \/ 160<br \/>\nRims: Syncros X-20 Disc 32H \/ black<br \/>\nFront Hub: Shimano HB TX505<br \/>\nRear Hub: Shimano FH-TX5058<br \/>\nTyres: Kenda Slant 6 2.1 \/ 30TPI Front \u2013 Kenda Slant 6 2.1 \/ 30TPI Rear<br \/>\nSeatpost: Syncros M3.0 27.2mm \/ 350mm \/ Black<br \/>\nPedals: Wellgo M-141SDU<br \/>\nWeight: 13.92 KG\/30.69 LBS<\/p>\n<p>&nbsp;<\/p>\n<p>Le mod\u00e8le de v\u00e9lo Scott Aspect vous fournira un plus grand comfort \u00e0 visiter Lisbonne. Allez tout le fleuve derri\u00e8re le volant de cette bicyclette sera une exp\u00e9rience inoubliable. Location de biciclette cest avec Rent Riders \u2013 Lisbonne!<\/p>\n<h4>Un excellent compagnon pour ses d\u00e9couvertes \u00e0 Lisbonne.<\/h4>\n<p><\/p>","protected":false},"excerpt":{"rendered":"<p>Louez un Vel\u00f3 de montagne Scott Aspect chez Rent Riders et partez \u00e0 l\u2019aventure \u00e0 Lisbonne sur deux roues!<\/p>\n","protected":false},"featured_media":14738,"template":"","meta":{"iawp_total_views":462},"product_brand":[],"product_cat":[48],"product_tag":[],"class_list":{"0":"post-11429","1":"product","2":"type-product","3":"status-publish","4":"has-post-thumbnail","6":"product_cat-aluguer-de-bicicletas-montanha-cat-bc","8":"first","9":"instock","10":"taxable","11":"shipping-taxable","12":"purchasable","13":"product-type-variable","14":"czr-hentry"},"_links":{"self":[{"href":"https:\/\/www.rentriders.pt\/fr\/wp-json\/wp\/v2\/product\/11429","targetHints":{"allow":["GET"]}}],"collection":[{"href":"https:\/\/www.rentriders.pt\/fr\/wp-json\/wp\/v2\/product"}],"about":[{"href":"https:\/\/www.rentriders.pt\/fr\/wp-json\/wp\/v2\/types\/product"}],"wp:featuredmedia":[{"embeddable":true,"href":"https:\/\/www.rentriders.pt\/fr\/wp-json\/wp\/v2\/media\/14738"}],"wp:attachment":[{"href":"https:\/\/www.rentriders.pt\/fr\/wp-json\/wp\/v2\/media?parent=11429"}],"wp:term":[{"taxonomy":"product_brand","embeddable":true,"href":"https:\/\/www.rentriders.pt\/fr\/wp-json\/wp\/v2\/product_brand?post=11429"},{"taxonomy":"product_cat","embeddable":true,"href":"https:\/\/www.rentriders.pt\/fr\/wp-json\/wp\/v2\/product_cat?post=11429"},{"taxonomy":"product_tag","embeddable":true,"href":"https:\/\/www.rentriders.pt\/fr\/wp-json\/wp\/v2\/product_tag?post=11429"}],"curies":[{"name":"wp","href":"https:\/\/api.w.org\/{rel}","templated":true}]}}