{"id":11426,"date":"2020-07-07T17:34:44","date_gmt":"2020-07-07T17:34:44","guid":{"rendered":"https:\/\/www.rentriders.pt\/?post_type=product&#038;p=11426"},"modified":"2026-04-17T16:39:09","modified_gmt":"2026-04-17T16:39:09","slug":"scott-speedster","status":"publish","type":"product","link":"https:\/\/www.rentriders.pt\/fr\/produto\/scott-speedster\/","title":{"rendered":"SCOTT &#8211; SPEEDSTER &#038; TREK &#8211; DOMANE AL 2"},"content":{"rendered":"<p><\/p>\n<h2 style=\"text-align: center;\"><strong>Louez le v\u00e9lo id\u00e9al pour d\u00e9couvrir Lisbonne \u2013 Cat. BR<\/strong><\/h2>\n<h3><strong>Principales caract\u00e9ristiques du v\u00e9lo SCOTT SPEEDSTER :<\/strong><\/h3>\n<p>\u2022 Sous-ch\u00e2ssis Speedster \/ Tube de direction int\u00e9gr\u00e9 en alliage 6061 \u00e0 section conique<br \/>\n\u2022 Fourche de direction Speedster Alloy 1 1\/8\u2033 en alliage<br \/>\n\u2022 Casque d&rsquo;\u00e9coute \u00e0 coupelle en acier int\u00e9gr\u00e9<br \/>\n\u2022 D\u00e9railleur arri\u00e8re Shimano Claris RD-2400-SS 8 vitesses<br \/>\n\u2022 D\u00e9railleur avant Shimano Claris FD-2400<br \/>\n\u2022 Shimano Claris ST-2400 Double commande 16 commandes de vitesse<br \/>\n\u2022 Freins Tektro Comp SCBR-312 39-51 mm<br \/>\n\u2022 Ensemble de plateaux Shimano Claris FC-2450 noir 50\/34 dents<br \/>\n\u2022 Guidon ergonomique Syncros RR2.0 31,8 mm<br \/>\n\u2022 Potence JD ST92A Alliage 1 1\/8\u2033 \/ quatre boulons 31,8 mm<br \/>\n\u2022 P\u00e9dales PLATEFORME<br \/>\n\u2022 Tige de selle Syncros RR2.5 31,6\/300 mm<br \/>\n\u2022 Selle Syncros FL2.5<br \/>\n\u2022 Moyeu (avant) Formula Comp 24 H<br \/>\n\u2022 Moyeu (arri\u00e8re) Formula Comp 28 H<br \/>\n\u2022 Cha\u00eene Shimano HB-M618 CL<br \/>\n\u2022 Cassette Shimano CS-HG50 8 vitesses 11-30T<br \/>\n\u2022 Jante Syncros Race 22 24 Avant \/ 28 Arri\u00e8re<br \/>\n\u2022 Pneus Kenda Kontender 700x25C<br \/>\n\u2022 Poids approximatif 10,14 kg<\/p>\n<h3><strong>Principales caract\u00e9ristiques du v\u00e9lo TREK DOMANE AL 2 :<\/strong><\/h3>\n<p>\u2022 Cadre : Alpha 100 Series Aluminium, supports de garde-boue, compatible DuoTrap S, frein sur jante, blocage rapide 130&#215;5 mm<br \/>\n\u2022 Fourche : Domane Carbon, pivot droit en alliage, supports de garde-boue, blocage rapide 5&#215;100 mm<br \/>\n\u2022 Nombre de vitesses : 16<br \/>\n\u2022 Manettes de vitesse : Shimano Claris R2000, 8 vitesses<br \/>\n\u2022 Manivelles : Shimano RS200<br \/>\n\u2022 Plaques : 50\/34F<br \/>\n\u2022 Cassette arri\u00e8re : Shimano HG31, 11-32, 8 vitesses<br \/>\n\u2022 Cha\u00eene : Shimano Sora HG71, 8 vitesses<br \/>\n\u2022 D\u00e9railleur avant : Shimano Claris R2000, collier de serrage 31,8 mm<br \/>\n\u2022 D\u00e9railleur arri\u00e8re : Shimano Claris R2000, chape longue, pignon maximum 34 dents<br \/>\n\u2022 Bo\u00eetier de p\u00e9dalier : Shimano UN30, 68 mm, cartouche filet\u00e9e, axe 110 mm<br \/>\n\u2022 P\u00e9dales : Wellgo, corps en nylon, cage en alliage<br \/>\n\u2022 Jantes : Bontrager Tubeless Ready, 24 trous, 17 mm de large, valve Presta<br \/>\n\u2022 Moyeu avant : Formula TK-31, alliage, 5 x 100 mm \u00e0 blocage rapide<br \/>\n\u2022 Moyeu arri\u00e8re : Formula TK-32, alliage, moyeu libre Shimano 8\/9\/10, attache rapide 5 x 130 mm<br \/>\n\u2022 Pneu avant : Bontrager R1 Hard-Case Lite, tringle m\u00e9tallique, 60 tpi, 700 x 28 c<br \/>\n\u2022 Pneu arri\u00e8re : Bontrager R1 Hard-Case Lite, tringle m\u00e9tallique, 60 tpi, 700 x 28 c<br \/>\n\u2022 Freins : alliage double pivot<br \/>\n\u2022 Cintre : Bontrager Comp VR-C, alliage 31,8 mm, port\u00e9e 100 mm, chute 124 mm<br \/>\n\u2022 Ruban de guidon : Ruban Bontrager Gel Cork<br \/>\n\u2022 Jeu de direction : FSA int\u00e9gr\u00e9, roulement \u00e0 cartouche \u00e9tanche, 1-1\/8&Prime;<br \/>\n\u2022 Potence : Bontrager Elite 31.8 compatible Blend-r, 7 degr\u00e9s<br \/>\n\u2022 Selle : Bontrager P3 Verse Comp, rails en acier<br \/>\n\u2022 Tige de selle : alliage Bontrager, 27,2 mm, d\u00e9port de 12 mm<br \/>\n\u2022 Accessoires : N\/A<br \/>\n\u2022 Poids : 56 &#8211; 9,57 kg \/ 21,09 lb<\/p>\n<p><strong>Nous ne fournissons pas de p\u00e9dales \u00e0 clipser, vous sugg\u00e9rant d&rsquo;apporter les v\u00f4tres.<\/strong><\/p>\n<p>Le v\u00e9los Scott Speedster et Trek Domane Al 2, sont v\u00e9los de route l\u00e9ger avec un design attrayant et un cadre con\u00e7u pour de grandes performances.<\/p>\n<h4>Excellent compagnon pour ses d\u00e9couvertes \u00e0 Lisbonne et sus environs !<\/h4>\n<p><\/p>","protected":false},"excerpt":{"rendered":"<p>Louez un Vel\u00f3 Scott Speedster chez Rent Riders et partez \u00e0 l\u2019aventure \u00e0 Lisbonne sur deux roues!<\/p>\n","protected":false},"featured_media":14737,"template":"","meta":{"iawp_total_views":579},"product_brand":[],"product_cat":[49],"product_tag":[],"class_list":{"0":"post-11426","1":"product","2":"type-product","3":"status-publish","4":"has-post-thumbnail","6":"product_cat-aluguer-de-bicicletas-estrada-cat-bm","8":"first","9":"instock","10":"taxable","11":"shipping-taxable","12":"purchasable","13":"product-type-variable","14":"czr-hentry"},"_links":{"self":[{"href":"https:\/\/www.rentriders.pt\/fr\/wp-json\/wp\/v2\/product\/11426","targetHints":{"allow":["GET"]}}],"collection":[{"href":"https:\/\/www.rentriders.pt\/fr\/wp-json\/wp\/v2\/product"}],"about":[{"href":"https:\/\/www.rentriders.pt\/fr\/wp-json\/wp\/v2\/types\/product"}],"wp:featuredmedia":[{"embeddable":true,"href":"https:\/\/www.rentriders.pt\/fr\/wp-json\/wp\/v2\/media\/14737"}],"wp:attachment":[{"href":"https:\/\/www.rentriders.pt\/fr\/wp-json\/wp\/v2\/media?parent=11426"}],"wp:term":[{"taxonomy":"product_brand","embeddable":true,"href":"https:\/\/www.rentriders.pt\/fr\/wp-json\/wp\/v2\/product_brand?post=11426"},{"taxonomy":"product_cat","embeddable":true,"href":"https:\/\/www.rentriders.pt\/fr\/wp-json\/wp\/v2\/product_cat?post=11426"},{"taxonomy":"product_tag","embeddable":true,"href":"https:\/\/www.rentriders.pt\/fr\/wp-json\/wp\/v2\/product_tag?post=11426"}],"curies":[{"name":"wp","href":"https:\/\/api.w.org\/{rel}","templated":true}]}}