{"id":11422,"date":"2020-07-07T17:32:33","date_gmt":"2020-07-07T17:32:33","guid":{"rendered":"https:\/\/www.rentriders.pt\/?post_type=product&#038;p=11422"},"modified":"2026-05-08T07:38:31","modified_gmt":"2026-05-08T07:38:31","slug":"scott-e-sub-active","status":"publish","type":"product","link":"https:\/\/www.rentriders.pt\/fr\/produto\/scott-e-sub-active\/","title":{"rendered":"SCOTT &#8211; SUB E-ACTIVE"},"content":{"rendered":"<p><\/p>\n<h2 style=\"text-align: center;\"><strong>\u00a0Louez un v\u00e9lo \u00e9lectrique \u00ab premium \u00bb pour visiter Lisbonne \u2013 Cat. BE<\/strong><\/h2>\n<h3><strong>Les principales caract\u00e9ristiques des les Vel\u00f3s \u00c9lectriques Scott Sub e-Active comprennent:<\/strong><\/h3>\n<p>DISTANCE jusqu\u2019\u00e0 140km in Eco Mode (Eco, Turbo, Sport, Tour, Off modes disponible)<br \/>\nCADRE E-SUB 6061 Alloy<br \/>\nFOURCHE Suntour NEX-E25 DS QR<br \/>\nE.DRIVE SYSTEM Bosch Active 250w System w\/ 400wh battery pack \/ Purion display \/ 2A Charger<br \/>\nCASQUE GW semi integrated<br \/>\nD\u00c9RAILLEUR ARRI\u00c9RE Shimano Acera T3000 9 Speed<br \/>\nD\u00c9PLACEMENTS Shimano Acera T3000<br \/>\nMANETTES Shimano BR-M315 Disc<br \/>\nFREINS Shimano BR-M315 Disc<br \/>\nP\u00c9DALIER Miranda Classic 0<br \/>\nGUIDON Syncros UC1.5 640mm \/ 10\u00b0 bend<br \/>\nH\u2019STEM Syncros UC3.0 adjustable<br \/>\nP\u00c9DALES VP 615<br \/>\nTIGE DE SELLE Syncros UC3.0 \/ 31.6mm<br \/>\nSI\u00c9GE Syncros Urban Commuter 2.5<br \/>\nHUB (AVANT) Shimano HB-TX50 CL<br \/>\nHUB (ARRI\u00c9RE) Shimano FH-TX50 CL<br \/>\nCHAINE KMC X9<br \/>\nCASSETTE Shimano CS-HG200 11-34 T<br \/>\nSPOKES Sapim double butted<br \/>\nJANTES Rodi<br \/>\nWHEELS\/TIRES Schwalbe Energizer Plus 700x50c<br \/>\nFEUX avant \/ \u00a0arri\u00e9re Axa Blue Line<br \/>\nRACK &amp; AILE pince \u00e0 ressort (support weldon \u00e0 cr\u00e9maill\u00e8re), ailes larges, b\u00e9quille Syncros<br \/>\nEXTRAS Abus Pro Tectic Cadre \/ Verrouillage batterie<br \/>\nAPPROX POIDS 24.90 Kg<\/p>\n<p>Le mod\u00e8le de v\u00e9lo Scott E-Sub Active, disponible avec cadre adapt\u00e9 pour les hommes et les femmes est un haut de gamme qui vous fournira un plus grand confort \u00e0 visiter Lisbonne. Allez tout le fleuve derri\u00e8re le volant de cette bicyclette sera une exp\u00e9rience inoubliable.<\/p>\n<h4>Location de biciclette cest avec Rent Riders \u2013 Lisbonne! Un excellent compagnon pour ses d\u00e9couvertes \u00e0 Lisbonne.<\/h4>\n<p><\/p>","protected":false},"excerpt":{"rendered":"<p>Louez un Vel\u00f3 electric Scott Sub e-Active chez Rent Riders et partez \u00e0 l\u2019aventure \u00e0 Lisbonne sur deux roues!<\/p>\n","protected":false},"featured_media":14739,"template":"","meta":{"iawp_total_views":845},"product_brand":[],"product_cat":[50],"product_tag":[],"class_list":{"0":"post-11422","1":"product","2":"type-product","3":"status-publish","4":"has-post-thumbnail","6":"product_cat-aluguer-de-bicicletas-electricas-cat-be","8":"first","9":"instock","10":"taxable","11":"shipping-taxable","12":"purchasable","13":"product-type-variable","14":"czr-hentry"},"_links":{"self":[{"href":"https:\/\/www.rentriders.pt\/fr\/wp-json\/wp\/v2\/product\/11422","targetHints":{"allow":["GET"]}}],"collection":[{"href":"https:\/\/www.rentriders.pt\/fr\/wp-json\/wp\/v2\/product"}],"about":[{"href":"https:\/\/www.rentriders.pt\/fr\/wp-json\/wp\/v2\/types\/product"}],"wp:featuredmedia":[{"embeddable":true,"href":"https:\/\/www.rentriders.pt\/fr\/wp-json\/wp\/v2\/media\/14739"}],"wp:attachment":[{"href":"https:\/\/www.rentriders.pt\/fr\/wp-json\/wp\/v2\/media?parent=11422"}],"wp:term":[{"taxonomy":"product_brand","embeddable":true,"href":"https:\/\/www.rentriders.pt\/fr\/wp-json\/wp\/v2\/product_brand?post=11422"},{"taxonomy":"product_cat","embeddable":true,"href":"https:\/\/www.rentriders.pt\/fr\/wp-json\/wp\/v2\/product_cat?post=11422"},{"taxonomy":"product_tag","embeddable":true,"href":"https:\/\/www.rentriders.pt\/fr\/wp-json\/wp\/v2\/product_tag?post=11422"}],"curies":[{"name":"wp","href":"https:\/\/api.w.org\/{rel}","templated":true}]}}