{"id":10982,"date":"2020-07-02T22:20:06","date_gmt":"2020-07-02T22:20:06","guid":{"rendered":"https:\/\/www.rentriders.pt\/?post_type=product&#038;p=10982"},"modified":"2026-04-29T19:37:29","modified_gmt":"2026-04-29T19:37:29","slug":"honda-shi-125cc","status":"publish","type":"product","link":"https:\/\/www.rentriders.pt\/fr\/produto\/honda-shi-125cc\/","title":{"rendered":"HONDA &#8211; SHi 125"},"content":{"rendered":"<p><\/p>\n<h2>Scooter &#8211; HONDA SHi ABS 125 &#8211; Cat\u00e9gorie de Location C1<\/h2>\n<table>\n<tbody>\n<tr>\n<td colspan=\"2\"><strong>Moteur<\/strong><\/td>\n<\/tr>\n<tr>\n<td>Type<\/td>\n<td>Monocylindre &#8211; 4 temps &#8211;\u00a0 SOHC &#8211; 2 Vannes<\/td>\n<\/tr>\n<tr>\n<td>D\u00e9placement<\/td>\n<td>125 cc<\/td>\n<\/tr>\n<tr>\n<td>Puissance<\/td>\n<td>8,98kW (11 ch) \u00e0 8 500 tr\/min<\/td>\n<\/tr>\n<tr>\n<td>Syst\u00e8me de r\u00e9frig\u00e9ration<\/td>\n<td>Liquide<\/td>\n<\/tr>\n<tr>\n<td>Alimentation<\/td>\n<td>Injection \u00e9lectronique PGM-FI<\/td>\n<\/tr>\n<tr>\n<td>Transmission<\/td>\n<td>Par courroie \u2013\u00a0Variation continue V-Matic<\/td>\n<\/tr>\n<tr>\n<td>Approbation<\/td>\n<td>Euro 4<\/td>\n<\/tr>\n<tr>\n<td colspan=\"2\"><strong><b>Chassis<\/b><\/strong><\/td>\n<\/tr>\n<tr>\n<td>Longueur (mm)<\/td>\n<td>2034<\/td>\n<\/tr>\n<tr>\n<td>Largeur (mm)<\/td>\n<td>740<\/td>\n<\/tr>\n<tr>\n<td>Hauteur (mm)<\/td>\n<td>1158<\/td>\n<\/tr>\n<tr>\n<td>Empattement (mm)<\/td>\n<td>1340<\/td>\n<\/tr>\n<tr>\n<td>Poids \u00e0 sec (kg)<\/td>\n<td>136.9<\/td>\n<\/tr>\n<tr>\n<td>R\u00e9servoir de carburant (L)<\/td>\n<td>7.5<\/td>\n<\/tr>\n<tr>\n<td>Suspension avant<\/td>\n<td>Fourche \u00f8 33 mm, d\u00e9battement 89 mm<\/td>\n<\/tr>\n<tr>\n<td>Suspension arri\u00e8re<\/td>\n<td>Combin\u00e9s amortisseurs r\u00e9glables en pr\u00e9charge (5 positions), d\u00e9battement 83 mm<\/td>\n<\/tr>\n<tr>\n<td>Frein avant<\/td>\n<td>Simple disque avec \u00e9trier 3 pistons, ABS<\/td>\n<\/tr>\n<tr>\n<td>Frein arri\u00e8re<\/td>\n<td>Simple disque avec \u00e9trier simple piston, ABS<\/td>\n<\/tr>\n<tr>\n<td>Pneu avant<\/td>\n<td>100\/80 16<\/td>\n<\/tr>\n<tr>\n<td>Pneu arri\u00e8re<\/td>\n<td>120\/80 \u2013 16<\/td>\n<\/tr>\n<tr>\n<td>Capacit\u00e9 de charge maximale<\/td>\n<td>180Kg<\/td>\n<\/tr>\n<\/tbody>\n<\/table>\n<h3 style=\"text-align: justify;\">Notre nouveau mod\u00e8le de location \u00e0 Lisbonne chez Rent Riders \u2013 HONDA SH 125i \u2013 125CC \u2013 est tr\u00e8s agile et \u00e9conomique! Avec son bo\u00eetier haut peut contenir deux casques et aller \u00e0 votre vie \u00ab sans poids suppl\u00e9mentaire \u00bb.<\/h3>\n<h4 style=\"text-align: justify;\">Louez ce mod\u00e8le est synonyme de \u00ab Rides \u00bb plein de bonnes courbes, ses roues 16\u2033 offrent une conduite tr\u00e8s agr\u00e9able avec la stabilit\u00e9 et la s\u00e9curit\u00e9!<\/h4>\n<p><\/p>","protected":false},"excerpt":{"rendered":"<p>Louez un scooter Honda SHi 125cc chez RentRiders et amusez-vous \u00e0 Lisbonne sur deux roues!<\/p>\n","protected":false},"featured_media":14654,"template":"","meta":{"iawp_total_views":591},"product_brand":[],"product_cat":[40],"product_tag":[],"class_list":{"0":"post-10982","1":"product","2":"type-product","3":"status-publish","4":"has-post-thumbnail","6":"product_cat-aluguer-de-scooters-125cc-cat-c1","8":"first","9":"instock","10":"sold-individually","11":"taxable","12":"shipping-taxable","13":"purchasable","14":"product-type-simple","15":"czr-hentry"},"_links":{"self":[{"href":"https:\/\/www.rentriders.pt\/fr\/wp-json\/wp\/v2\/product\/10982","targetHints":{"allow":["GET"]}}],"collection":[{"href":"https:\/\/www.rentriders.pt\/fr\/wp-json\/wp\/v2\/product"}],"about":[{"href":"https:\/\/www.rentriders.pt\/fr\/wp-json\/wp\/v2\/types\/product"}],"wp:featuredmedia":[{"embeddable":true,"href":"https:\/\/www.rentriders.pt\/fr\/wp-json\/wp\/v2\/media\/14654"}],"wp:attachment":[{"href":"https:\/\/www.rentriders.pt\/fr\/wp-json\/wp\/v2\/media?parent=10982"}],"wp:term":[{"taxonomy":"product_brand","embeddable":true,"href":"https:\/\/www.rentriders.pt\/fr\/wp-json\/wp\/v2\/product_brand?post=10982"},{"taxonomy":"product_cat","embeddable":true,"href":"https:\/\/www.rentriders.pt\/fr\/wp-json\/wp\/v2\/product_cat?post=10982"},{"taxonomy":"product_tag","embeddable":true,"href":"https:\/\/www.rentriders.pt\/fr\/wp-json\/wp\/v2\/product_tag?post=10982"}],"curies":[{"name":"wp","href":"https:\/\/api.w.org\/{rel}","templated":true}]}}