{"id":10980,"date":"2020-07-02T22:14:50","date_gmt":"2020-07-02T22:14:50","guid":{"rendered":"https:\/\/www.rentriders.pt\/?post_type=product&#038;p=10980"},"modified":"2026-04-13T09:41:54","modified_gmt":"2026-04-13T09:41:54","slug":"honda-sh-mode-125cc-2","status":"publish","type":"product","link":"https:\/\/www.rentriders.pt\/fr\/produto\/honda-sh-mode-125cc-2-2\/","title":{"rendered":"HONDA &#8211; SH MODE 125"},"content":{"rendered":"<p><\/p>\n<h2>Scooter &#8211; HONDA SH MODE 125CC &#8211; Cat\u00e9gorie de Location C<\/h2>\n<table>\n<tbody>\n<tr>\n<td colspan=\"2\">\n<h4><strong>Moteur<\/strong><\/h4>\n<\/td>\n<\/tr>\n<tr>\n<td>Type<\/td>\n<td>Monocylindre &#8211; 4 Temps &#8211;\u00a0 SOHC &#8211; 2 Vannes<\/td>\n<\/tr>\n<tr>\n<td>D\u00e9placement<\/td>\n<td>125cc<\/td>\n<\/tr>\n<tr>\n<td>Puissance<\/td>\n<td>11.2 Cv\/8.750rpm &#8211; 8,4 kW\/8.750rpm<\/td>\n<\/tr>\n<tr>\n<td>Syst\u00e8me de r\u00e9frig\u00e9ration<\/td>\n<td>Refroidissement liquide<\/td>\n<\/tr>\n<tr>\n<td>Alimentation<\/td>\n<td>Syst\u00e8me d&rsquo;injection d&rsquo;essence programm\u00e9e (PGM-FI)<\/td>\n<\/tr>\n<tr>\n<td>Transmission<\/td>\n<td>Courroie trap\u00e9zo\u00efdale &#8211; CVT<\/td>\n<\/tr>\n<tr>\n<td>Approbation<\/td>\n<td>Euro 4<\/td>\n<\/tr>\n<tr>\n<td colspan=\"2\"><strong><b>Chassis<\/b><\/strong><\/td>\n<\/tr>\n<tr>\n<td>Longueur (mm)<\/td>\n<td>1950<\/td>\n<\/tr>\n<tr>\n<td>Largeur (mm)<\/td>\n<td>670<\/td>\n<\/tr>\n<tr>\n<td>Hauteur (mm)<\/td>\n<td>1110<\/td>\n<\/tr>\n<tr>\n<td>Empattement (mm)<\/td>\n<td>1305<\/td>\n<\/tr>\n<tr>\n<td>Poids \u00e0 sec (kg)<\/td>\n<td>118<\/td>\n<\/tr>\n<tr>\n<td>R\u00e9servoir de carburant (L)<\/td>\n<td>5.5<\/td>\n<\/tr>\n<tr>\n<td>Suspension avant<\/td>\n<td>Fourche t\u00e9lescopique de 31 mm &#8211; d\u00e9battement de 89 mm<\/td>\n<\/tr>\n<tr>\n<td>Suspension arri\u00e8re<\/td>\n<td>Mono amortisseur<\/td>\n<\/tr>\n<tr>\n<td>Frein avant<\/td>\n<td>Disc 220 mm<\/td>\n<\/tr>\n<tr>\n<td>Frein arri\u00e8re<\/td>\n<td>Tambour de 130 mm<\/td>\n<\/tr>\n<tr>\n<td>Pneu avant<\/td>\n<td>100\/80 \u2013 16<\/td>\n<\/tr>\n<tr>\n<td>Pneu arri\u00e8re<\/td>\n<td>120\/80 \u2013 14<\/td>\n<\/tr>\n<tr>\n<td>USB<\/td>\n<td>1 prise<\/td>\n<\/tr>\n<tr>\n<td>Capacit\u00e9 de charge maximale<\/td>\n<td>177Kg<\/td>\n<\/tr>\n<\/tbody>\n<\/table>\n<h3 style=\"text-align: justify;\">Notre nouveau mod\u00e8le de location \u00e0 Lisbonne chez Rent Riders Honda SH Mode 125cc est tr\u00e8s agile et \u00e9conomique! Avec son \u00ab\u00a0Top case\u00a0\u00bb peut contenir deux casques et aller \u00e0 votre vie \u00ab sans poids suppl\u00e9mentaire \u00bb.<\/h3>\n<h4 style=\"text-align: justify;\">Louez ce mod\u00e8le est synonyme de \u00ab Rides \u00bb plein de bonnes courbes, se roue arri\u00e8re de 16\u2033 offrent une conduite tr\u00e8s agr\u00e9able avec la stabilit\u00e9 et la s\u00e9curit\u00e9!<\/h4>\n<p><\/p>","protected":false},"excerpt":{"rendered":"<p>Louez un scooter Honda SH Mode 125cc, avec Top Case, chez RentRiders et profitez de Lisbonne sur deux roues ! \ud83d\ude42<\/p>\n","protected":false},"featured_media":14653,"template":"","meta":{"iawp_total_views":1394},"product_brand":[],"product_cat":[39],"product_tag":[],"class_list":{"0":"post-10980","1":"product","2":"type-product","3":"status-publish","4":"has-post-thumbnail","6":"product_cat-aluguer-de-scooters-125cc-cat-c","8":"first","9":"instock","10":"sale","11":"sold-individually","12":"taxable","13":"shipping-taxable","14":"purchasable","15":"product-type-simple","16":"czr-hentry"},"_links":{"self":[{"href":"https:\/\/www.rentriders.pt\/fr\/wp-json\/wp\/v2\/product\/10980","targetHints":{"allow":["GET"]}}],"collection":[{"href":"https:\/\/www.rentriders.pt\/fr\/wp-json\/wp\/v2\/product"}],"about":[{"href":"https:\/\/www.rentriders.pt\/fr\/wp-json\/wp\/v2\/types\/product"}],"wp:featuredmedia":[{"embeddable":true,"href":"https:\/\/www.rentriders.pt\/fr\/wp-json\/wp\/v2\/media\/14653"}],"wp:attachment":[{"href":"https:\/\/www.rentriders.pt\/fr\/wp-json\/wp\/v2\/media?parent=10980"}],"wp:term":[{"taxonomy":"product_brand","embeddable":true,"href":"https:\/\/www.rentriders.pt\/fr\/wp-json\/wp\/v2\/product_brand?post=10980"},{"taxonomy":"product_cat","embeddable":true,"href":"https:\/\/www.rentriders.pt\/fr\/wp-json\/wp\/v2\/product_cat?post=10980"},{"taxonomy":"product_tag","embeddable":true,"href":"https:\/\/www.rentriders.pt\/fr\/wp-json\/wp\/v2\/product_tag?post=10980"}],"curies":[{"name":"wp","href":"https:\/\/api.w.org\/{rel}","templated":true}]}}