{"id":10970,"date":"2020-07-02T17:54:08","date_gmt":"2020-07-02T17:54:08","guid":{"rendered":"https:\/\/www.rentriders.pt\/?post_type=product&#038;p=10970"},"modified":"2026-05-12T01:46:59","modified_gmt":"2026-05-12T01:46:59","slug":"sym-orbit-iii-50cc","status":"publish","type":"product","link":"https:\/\/www.rentriders.pt\/fr\/produto\/sym-orbit-iii-50cc\/","title":{"rendered":"SYM \u2013 ORBIT III 50"},"content":{"rendered":"<p><\/p>\n<h2>Scooter &#8211; SYM ORBIT III 50 &#8211; Cat\u00e9gorie de Location A<\/h2>\n<table>\n<tbody>\n<tr>\n<td colspan=\"2\"><strong>Moteur<\/strong><\/td>\n<\/tr>\n<tr>\n<td>Type<\/td>\n<td>Monocylindre 4 temps<\/td>\n<\/tr>\n<tr>\n<td>D\u00e9placement<\/td>\n<td>49.5 cc<\/td>\n<\/tr>\n<tr>\n<td>Puissance<\/td>\n<td>3.2 cv \/ 8500 rpm<\/td>\n<\/tr>\n<tr>\n<td>Syst\u00e8me de r\u00e9frig\u00e9ration<\/td>\n<td>Air forc\u00e9e<\/td>\n<\/tr>\n<tr>\n<td>Alimentation<\/td>\n<td>Carburateur &#8211;\u00a0Injection \u00e9lectronique<\/td>\n<\/tr>\n<tr>\n<td>Transmission<\/td>\n<td>Variable<\/td>\n<\/tr>\n<tr>\n<td>Approbation<\/td>\n<td>Euro 4<\/td>\n<\/tr>\n<tr>\n<td colspan=\"2\"><strong>Chassis<\/strong><\/td>\n<\/tr>\n<tr>\n<td>Longueur (mm)<\/td>\n<td>1905<\/td>\n<\/tr>\n<tr>\n<td>Largeur (mm)<\/td>\n<td>690<\/td>\n<\/tr>\n<tr>\n<td>Hauteur (mm)<\/td>\n<td>1125<\/td>\n<\/tr>\n<tr>\n<td>Empattement (mm)<\/td>\n<td>1310<\/td>\n<\/tr>\n<tr>\n<td>Poids \u00e0 sec (kg)<\/td>\n<td>99<\/td>\n<\/tr>\n<tr>\n<td>R\u00e9servoir de carburant (L)<\/td>\n<td>5.2<\/td>\n<\/tr>\n<tr>\n<td>Suspension avant<\/td>\n<td>Hydraulique Fourche T\u00e9lescopique<\/td>\n<\/tr>\n<tr>\n<td>Suspension arri\u00e8re<\/td>\n<td>Double amortisseur<\/td>\n<\/tr>\n<tr>\n<td>Frein avant<\/td>\n<td>Disque 190 mm<\/td>\n<\/tr>\n<tr>\n<td>Frein arri\u00e8re<\/td>\n<td>Tambour de frein<\/td>\n<\/tr>\n<tr>\n<td>Pneu avant<\/td>\n<td>120\/70 &#8211; 12<\/td>\n<\/tr>\n<tr>\n<td>Pneu arri\u00e8re<\/td>\n<td>130\/70 &#8211; 12<\/td>\n<\/tr>\n<tr>\n<td>Capacit\u00e9 de charge maximale<\/td>\n<td>140Kg<\/td>\n<\/tr>\n<\/tbody>\n<\/table>\n<hr \/>\n<h3 style=\"text-align: justify;\"><strong>La location d&rsquo;un de nos scooters seront des cheveux dans le vent, ne pas \u00ab sentir \u00bb sur la congestion de la peau, n&rsquo;aura pas de probl\u00e8mes de stationnement et, surtout, se d\u00e9roulera \u00e0 travers Lisbonne avec une totale libert\u00e9.<\/strong><\/h3>\n<p style=\"text-align: justify;\">Gr\u00e2ce \u00e0 l&rsquo;un de nos scooters de location vont apprendre \u00e0 conna\u00eetre plus pour moins. Plus de sites en moins de temps. Louer un scooter ou une moto et l&rsquo;exp\u00e9rience. Vous verrez que non seulement ne regrette pas, comme retourner pour un autre tour!<\/p>\n<p style=\"text-align: justify;\">En RentRiders.Pt louer un scooter est facile. Ici quitter l&rsquo;aventure de d\u00e9couvrir la capitale et ses environs. Lisbonne a le plus beau monde naturel \u00ab lumi\u00e8re \u00bb. Aux commandes de l&rsquo;un de nos scooters&rsquo;ll profiter de ce don de la nature que seul a Lisbonne!<\/p>\n<p style=\"text-align: justify;\">Visite de Lisbonne en pleine sans se soucier du temps de transport et des files d&rsquo;attente interminables. Nos scooters sont champions de faible consommation. Avec quelques euros nos scooters viennent l\u00e0 o\u00f9 d&rsquo;autres ne peuvent pas. Restez \u00ab loin \u00bb de la station d&rsquo;essence plus et d&rsquo;en profiter pour la location et le plaisir de conduire un de nos scooters! Nos scooters Sym sont rapides, confortables et fiables. Comptez sur eux pour un tour d&rsquo;amusement!<\/p>\n<h4 style=\"text-align: justify;\">Ne pas d\u00e9pendre des partis de transport ou des tiers, louer un de nos scooters et se sentir libre de faire ce que vous voulez! Lis est bonne location et de conduire un de nos scooters ou des v\u00e9los!<\/h4>\n<p><\/p>","protected":false},"excerpt":{"rendered":"<p>Louez un scooter chez Rent Riders et partez \u00e0 l&rsquo;aventure \u00e0 Lisbonne sur deux roues!<\/p>\n<p><span style=\"text-decoration: underline;\"><strong>Ce scooter est pour une seule personne.<\/strong><\/span><\/p>\n","protected":false},"featured_media":14665,"template":"","meta":{"iawp_total_views":1672},"product_brand":[],"product_cat":[37],"product_tag":[],"class_list":{"0":"post-10970","1":"product","2":"type-product","3":"status-publish","4":"has-post-thumbnail","6":"product_cat-aluguer-de-scooters-50cc-cat-a","8":"first","9":"instock","10":"sold-individually","11":"taxable","12":"shipping-taxable","13":"purchasable","14":"product-type-simple","15":"czr-hentry"},"_links":{"self":[{"href":"https:\/\/www.rentriders.pt\/fr\/wp-json\/wp\/v2\/product\/10970","targetHints":{"allow":["GET"]}}],"collection":[{"href":"https:\/\/www.rentriders.pt\/fr\/wp-json\/wp\/v2\/product"}],"about":[{"href":"https:\/\/www.rentriders.pt\/fr\/wp-json\/wp\/v2\/types\/product"}],"wp:featuredmedia":[{"embeddable":true,"href":"https:\/\/www.rentriders.pt\/fr\/wp-json\/wp\/v2\/media\/14665"}],"wp:attachment":[{"href":"https:\/\/www.rentriders.pt\/fr\/wp-json\/wp\/v2\/media?parent=10970"}],"wp:term":[{"taxonomy":"product_brand","embeddable":true,"href":"https:\/\/www.rentriders.pt\/fr\/wp-json\/wp\/v2\/product_brand?post=10970"},{"taxonomy":"product_cat","embeddable":true,"href":"https:\/\/www.rentriders.pt\/fr\/wp-json\/wp\/v2\/product_cat?post=10970"},{"taxonomy":"product_tag","embeddable":true,"href":"https:\/\/www.rentriders.pt\/fr\/wp-json\/wp\/v2\/product_tag?post=10970"}],"curies":[{"name":"wp","href":"https:\/\/api.w.org\/{rel}","templated":true}]}}