{"id":83,"date":"2016-03-20T15:35:08","date_gmt":"2016-03-20T15:35:08","guid":{"rendered":"http:\/\/www.rentriders.pt\/?page_id=83"},"modified":"2025-08-28T09:21:45","modified_gmt":"2025-08-28T09:21:45","slug":"aluguer-de-motos-e-scooters-125-cc-cat-b","status":"publish","type":"page","link":"https:\/\/www.rentriders.pt\/fr\/location-motos-scooters-lisbonne\/location-de-motos-e-scooters-125-cc-cat-b\/","title":{"rendered":"Location de Motos e Scooters 110CC \u2013 Cat. B"},"content":{"rendered":"<p><\/p>\n<h2 style=\"text-align: center;\"><strong>Louez ici votre Scooter \u00e0 Lisbonne @ RentRiders<sup>\u00ae<\/sup><\/strong><\/h2>\n<p style=\"text-align: center;\">R\u00e9servez dej\u00e1 et b\u00e9n\u00e9ficiez d&rsquo;une r\u00e9duction de 15%* sur le tarif affich\u00e9 de l&rsquo;agence dans toutes les cat\u00e9gories de location de scooters. Tout inclus*!<\/p>\n<p style=\"text-align: center;\"><span style=\"color: #339966;\"><strong>\u21d2 <\/strong><span style=\"text-decoration: underline;\"><strong>Les prix et r\u00e9ductions indiqu\u00e9s concernent exclusivement les r\u00e9servations effectu\u00e9es en ligne<\/strong><\/span>. <strong>\u21d0<\/strong><\/span><\/p>\n<p style=\"text-align: center;\">Payez 20% du montant total de la location et le reste lors de Check-in. Rent-a-Ride \u00e0 Lisbonne @ RentRiders<sup>\u00ae<\/sup> \ud83d\ude42<\/p>\n<p style=\"text-align: center;\"><div class=\"woocommerce columns-4 \"><ul class=\"products columns-4\">\n<li class=\"czr-hentry product type-product post-10979 status-publish first instock product_cat-aluguer-de-scooters-110cc-cat-b has-post-thumbnail sold-individually taxable shipping-taxable purchasable product-type-simple\">\n\t<a href=\"https:\/\/www.rentriders.pt\/fr\/produto\/honda-vision-110cc\/\" class=\"woocommerce-LoopProduct-link woocommerce-loop-product__link\"><img loading=\"lazy\" decoding=\"async\" width=\"300\" height=\"300\" src=\"https:\/&#47;&#119;&#119;&#x77;&#x2e;&#x72;en&#116;&#114;&#x69;&#x64;&#x65;&#x72;s&#46;&#112;&#116;&#x2f;&#x77;&#x70;&#x2d;c&#111;&#110;&#116;&#x65;&#x6e;&#x74;\/u&#112;&#108;&#111;&#x61;&#x64;&#x73;\/2&#48;&#50;&#x33;&#x2f;&#x30;&#x37;\/H&#111;&#110;&#x64;&#x61;&#x2d;Vi&#115;&#105;&#111;&#x6e;&#x2d;&#x31;10&#99;&#99;&#x2d;&#x40;&#x2d;&#x52;en&#116;&#82;&#x69;&#x64;&#x65;rs&#46;&#80;&#116;_-300x300.avif\" class=\"attachment-woocommerce_thumbnail size-woocommerce_thumbnail\" alt=\"Location de Scooters Honda Vision 110CC CBS \u00e1 Lisbonne @ Rentriders.Pt\" srcset=\"https:&#x2f;&#x2f;&#x77;&#x77;&#119;&#46;ren&#x74;&#x72;&#x69;&#x64;&#101;&#114;s&#46;p&#x74;&#x2f;&#x77;&#x70;&#45;&#99;&#111;nt&#x65;&#x6e;&#x74;&#x2f;&#117;&#112;&#108;oa&#x64;&#x73;&#x2f;&#x32;&#48;&#50;&#51;\/0&#x37;&#x2f;&#x48;&#x6f;&#110;&#100;&#97;-V&#x69;&#x73;&#x69;&#x6f;&#110;&#45;&#49;10&#x63;&#x63;&#x2d;&#x40;&#45;&#82;&#101;nt&#x52;&#x69;&#x64;&#x65;&#114;&#115;&#46;Pt_-300x300.avif 300w, https:&#x2f;&#x2f;&#x77;&#x77;&#119;&#46;&#114;&#101;ntr&#x69;&#x64;&#x65;&#x72;&#x73;&#46;&#112;&#116;\/wp&#x2d;&#x63;&#x6f;&#x6e;&#x74;&#101;&#110;&#116;\/up&#x6c;&#x6f;&#x61;&#x64;&#x73;&#47;&#50;&#48;23\/&#x30;&#x37;&#x2f;&#x48;&#x6f;&#110;&#100;&#97;-Vi&#x73;&#x69;&#x6f;&#x6e;&#x2d;&#49;&#49;&#48;cc-&#x40;&#x2d;&#x52;&#x65;&#x6e;&#116;&#82;&#105;&#100;er&#x73;&#x2e;&#x50;&#x74;_-100x100.avif 100w, https:&#x2f;&#47;&#x77;&#119;w&#x2e;&#114;e&#x6e;&#116;&#x72;&#x69;d&#x65;&#114;s&#x2e;&#112;&#x74;&#x2f;w&#x70;&#45;c&#x6f;&#110;t&#x65;&#110;&#x74;&#47;u&#x70;&#108;o&#x61;&#100;&#x73;&#x2f;2&#x30;&#50;3&#x2f;&#48;&#x37;&#x2f;H&#x6f;&#110;d&#x61;&#45;V&#x69;&#115;&#x69;&#111;n&#x2d;&#49;1&#x30;&#99;&#x63;&#x2d;&#64;&#x2d;&#82;e&#x6e;&#116;&#x52;&#x69;&#100;&#x65;&#114;s&#x2e;&#80;t_-150x150.avif 150w, https:&#47;&#x2f;w&#119;&#x77;&#46;&#114;&#x65;n&#116;&#x72;i&#100;&#x65;&#114;&#x73;&#x2e;&#112;&#x74;&#x2f;&#119;&#x70;-&#99;&#x6f;n&#116;&#x65;n&#116;&#x2f;u&#112;&#x6c;&#111;&#x61;&#x64;&#115;&#x2f;&#x32;&#48;&#x32;3&#47;&#x30;7&#47;&#x48;o&#110;&#x64;a&#45;&#x56;&#105;&#x73;&#x69;&#111;&#x6e;&#x2d;&#49;&#x31;0&#99;&#x63;-&#64;&#x2d;R&#101;&#x6e;t&#82;&#x69;&#100;&#x65;&#x72;&#115;&#x2e;&#x50;&#116;_-510x510.avif 510w\" sizes=\"auto, (max-width: 300px) 100vw, 300px\" \/><h2 class=\"woocommerce-loop-product__title\">HONDA \u2013 VISION 110<\/h2>\n\t<span class=\"price\">Max. <span class=\"woocommerce-Price-amount amount\"><bdi>36,50&nbsp;<span class=\"woocommerce-Price-currencySymbol\">&euro;<\/span><\/bdi><\/span> par 1 jour<\/span>\n<\/a><a href=\"https:\/\/www.rentriders.pt\/fr\/produto\/honda-vision-110cc\/\" rel=\"nofollow\" class=\"button\">Rent &amp; Ride<\/a>\t<span id=\"woocommerce_loop_add_to_cart_link_describedby_10979\" class=\"screen-reader-text\">\n\t\t\t<\/span>\n<\/li>\n<\/ul>\n<\/div><\/p>\n<p style=\"text-align: center;\"><strong><span style=\"text-decoration: underline;\">L\u2019habitude de conduire des cyclomoteurs ou des motocycles est indispensable \u00e0 votre s\u00e9curit\u00e9 et \u00e0 celle des tiers.<\/span><\/strong><\/p>\n<p><em>* <span style=\"text-decoration: underline;\">Remise exclusive pour les r\u00e9servations online effectu\u00e9es ici.<\/span> La remise de 15% est incluse, est d\u00e9j\u00e0 remise, dans le prix final affich\u00e9. Les prix affich\u00e9s au comptoir de l&rsquo;agence peuvent pr\u00e9senter des diff\u00e9rences de plus de 15% par rapport aux prix online. Vous pouvez v\u00e9rifier ce qui est inclus dans le prix indiqu\u00e9 dans chaque cat\u00e9gorie.<\/em><\/p>\n<hr \/>\n<h4 style=\"text-align: center;\"><strong>Louer un Scooter Honda Vision 110cc \u00e0 RentRiders<sup>\u00ae<\/sup> et visiter Lisbonne avec total libert\u00e9 !<\/strong><\/h4>\n<p>Louer un scooter chez RentRiders<sup>\u00ae<\/sup> et circuler \u00e0 Lisbonne avec totale libert\u00e9 et grande excitation. Nos scooters vous am\u00e8nennt \u00e0 la decouverte de Lisbonne sans probl\u00e8mes et sans embouteillages!<\/p>\n<p>Partir de RentRiders<sup>\u00ae<\/sup> au volant d&rsquo;un de nos scooters de location, c\u00b4est t\u00b4aventurer \u00e0 la d\u00e9couverte de la capitale du Portugal. Lisbonne a la plus belle lumi\u00e8re du monde !<\/p>\n<p>Pilotant un de nos scooters vous profiterez de ce don de la nature que seulement Lisbonne peut vous offrir! Lis est bonne location et conduire l&rsquo;une de nos scooters! En louant un de nos scooters vous partirez les cheveux au vent, sans se preocuper avec les embouteillages, ni avec les parkings.<\/p>\n<p>Vous d\u00e9couvrirez Lisbonne avec totale libert\u00e9! Avec un de nos scooters de location vous conna\u00eetrez plus d\u00b4endroits plus rapidement. Louer un scooter ou une moto c\u00b4est une exp\u00e9rience extraordinnaire. Vous allez pas regreter et vous deviendrez notre client!<\/p>\n<h4 style=\"text-align: center;\"><strong>Chez RentRiders<sup>\u00ae<\/sup> louer un scooter est facile. Nous offrons un service de location de scooters avec grande qualit\u00e9 et fiabilit\u00e9 au meilleur prix!<\/strong><\/h4>\n<p>Visiter Lisbonne a votre aise sans vous pr\u00e9occuper ni des horaires des transports, ni des embuteillages. Nos scooters sont champions des bas consomations! Avec quelques euros vous irez o\u00fa vous voudrez.<\/p>\n<p>Restez \u00ab\u00a0loin\u00a0\u00bb des stations de service et\u00a0 profiter pleinement du plaisir de louer et conduire l&rsquo;un de nos scooters! Nos scooters Honda sont rapides, confortables et fiables. Comptez sur eux pour une visite diff\u00e9rente!<\/p>\n<h5 style=\"text-align: center;\">Louer un scooter c&rsquo;est le meilleur choix pour un tour \u00e0 deux sur Lisbonne!<\/h5>\n<p style=\"text-align: justify;\">Nous sommes situ\u00e9s au centre pour votre commodit\u00e9. Nous irons vous chercher \u00e0 l&rsquo;h\u00f4tel, ou \u00e0 un autre endroit, et en fin de journn\u00e9e vous y reconduirons.<\/p>\n<p style=\"text-align: justify;\">Connaitre Lisbonne est facile et amusant en louant un de nos scooter! Louant et pilotant l&rsquo;un de nos scooters HONDA VISION 110CC !<\/p>\n<p style=\"text-align: justify;\">Voir nos tarifs de location de nos scooters. Louer un scooter et devenir un \u201cRider\u201d&#8230; Pas de stress!<\/p>\n<p style=\"text-align: justify;\">Nos scooters et motos offrent une exp\u00e9rience unique sur deux roues. Plus de kilom\u00e8tres et de confort, avec une plus grande autonomie et de la s\u00e9curit\u00e9. Une exp\u00e9rience innovante aux commandes d&rsquo;un scooter est ce que nous vous proposons de louer un de nos derniers mod\u00e8les de scooters et motos.<\/p>\n<p style=\"text-align: justify;\">Avec notre location de scooters connaitre le centre de Lisbonne, visiter le ch\u00e2teau de \u201cS\u00e3o Jorge\u201d, decouvrir \u201cBairro Alto\u201d, regarder le fleuve \u201cTejo\u201d, admirer les belles vues de Lisbonne &#8230; et plus encore!<\/p>\n<p style=\"text-align: justify;\">D\u00e9couvrez Lisbonne et Portugal avec Rent Riders Scooters, Motos et V\u00e9los! Louer un scooter, une Moto ou un v\u00e9lo et essayer notre nouvelle flotte dans cette aventure!<\/p>\n<h6 style=\"text-align: center;\"><strong>Louer un scooter\u00a0HONDA VISION 110CC\u00a0et \u00ab\u00a0Ride\u00a0\u00bb!<\/strong><\/h6>\n<p><\/p>","protected":false},"excerpt":{"rendered":"<p>Location de Scooter 110CC &#8211; Cat\u00e9gorie B. Louer un scooter est le meilleur choix pour conna\u00eetre Lisbonne. Louez un scooter et d\u00e9couvrez Lisbonne !<\/p>\n","protected":false},"author":1,"featured_media":14664,"parent":77,"menu_order":20,"comment_status":"closed","ping_status":"closed","template":"","meta":{"iawp_total_views":291,"footnotes":""},"class_list":["post-83","page","type-page","status-publish","has-post-thumbnail","czr-hentry"],"_links":{"self":[{"href":"https:\/\/www.rentriders.pt\/fr\/wp-json\/wp\/v2\/pages\/83","targetHints":{"allow":["GET"]}}],"collection":[{"href":"https:\/\/www.rentriders.pt\/fr\/wp-json\/wp\/v2\/pages"}],"about":[{"href":"https:\/\/www.rentriders.pt\/fr\/wp-json\/wp\/v2\/types\/page"}],"author":[{"embeddable":true,"href":"https:\/\/www.rentriders.pt\/fr\/wp-json\/wp\/v2\/users\/1"}],"replies":[{"embeddable":true,"href":"https:\/\/www.rentriders.pt\/fr\/wp-json\/wp\/v2\/comments?post=83"}],"version-history":[{"count":20,"href":"https:\/\/www.rentriders.pt\/fr\/wp-json\/wp\/v2\/pages\/83\/revisions"}],"predecessor-version":[{"id":16867,"href":"https:\/\/www.rentriders.pt\/fr\/wp-json\/wp\/v2\/pages\/83\/revisions\/16867"}],"up":[{"embeddable":true,"href":"https:\/\/www.rentriders.pt\/fr\/wp-json\/wp\/v2\/pages\/77"}],"wp:featuredmedia":[{"embeddable":true,"href":"https:\/\/www.rentriders.pt\/fr\/wp-json\/wp\/v2\/media\/14664"}],"wp:attachment":[{"href":"https:\/\/www.rentriders.pt\/fr\/wp-json\/wp\/v2\/media?parent=83"}],"curies":[{"name":"wp","href":"https:\/\/api.w.org\/{rel}","templated":true}]}}