{"id":81,"date":"2016-03-20T15:34:23","date_gmt":"2016-03-20T15:34:23","guid":{"rendered":"http:\/\/www.rentriders.pt\/?page_id=81"},"modified":"2025-08-28T11:00:12","modified_gmt":"2025-08-28T11:00:12","slug":"motos-e-scooters-50-cc-cat-a","status":"publish","type":"page","link":"https:\/\/www.rentriders.pt\/fr\/location-motos-scooters-lisbonne\/location-de-scooters-50-cc-cat-a\/","title":{"rendered":"Location de Scooters 50 CC &#8211; Cat. A"},"content":{"rendered":"<p><\/p>\n<h2 style=\"padding-left: 40px; text-align: center;\"><strong>Louez ici votre Scooter \u00e0 Lisbonne @ RentRiders<sup>\u00ae<\/sup><\/strong><\/h2>\n<p style=\"text-align: center;\">R\u00e9servez dej\u00e1 et b\u00e9n\u00e9ficiez d&rsquo;une r\u00e9duction de 15%* sur le tarif affich\u00e9 de l&rsquo;agence dans toutes les cat\u00e9gories de location de scooters. Tout inclus*!<\/p>\n<p style=\"text-align: center;\"><span style=\"color: #339966;\"><strong>\u21d2 <\/strong><span style=\"text-decoration: underline;\"><strong>Les prix et r\u00e9ductions indiqu\u00e9s concernent exclusivement les r\u00e9servations effectu\u00e9es en ligne<\/strong><\/span>. <strong>\u21d0<\/strong><\/span><\/p>\n<p style=\"text-align: center;\">Payez 20% du montant total de la location et le reste lors de Check-in. Rent-a-Ride \u00e0 Lisbonne @ RentRiders<sup>\u00ae<\/sup> \ud83d\ude42<\/p>\n<p style=\"text-align: center;\"><div class=\"woocommerce columns-4 \"><ul class=\"products columns-4\">\n<li class=\"czr-hentry product type-product post-10970 status-publish first instock product_cat-aluguer-de-scooters-50cc-cat-a has-post-thumbnail sold-individually taxable shipping-taxable purchasable product-type-simple\">\n\t<a href=\"https:\/\/www.rentriders.pt\/fr\/produto\/sym-orbit-iii-50cc\/\" class=\"woocommerce-LoopProduct-link woocommerce-loop-product__link\"><img loading=\"lazy\" decoding=\"async\" width=\"300\" height=\"300\" src=\"https:&#x2f;&#x2f;&#x77;&#x77;&#119;&#46;&#114;en&#x74;&#x72;&#x69;&#x64;&#x65;&#114;&#115;&#46;pt&#x2f;&#x77;&#x70;&#x2d;&#x63;&#111;&#110;&#116;en&#x74;&#x2f;&#x75;&#x70;&#x6c;&#111;&#97;&#100;s\/&#x32;&#x30;&#x32;&#x33;&#x2f;&#48;&#55;&#47;Sy&#x6d;&#x2d;&#x4f;&#x72;&#x62;&#105;&#116;&#45;50&#x63;&#x63;&#x2d;&#x40;&#x2d;&#82;&#101;&#110;tR&#x69;&#x64;&#x65;&#x72;&#x73;&#46;&#80;&#116;_-300x300.avif\" class=\"attachment-woocommerce_thumbnail size-woocommerce_thumbnail\" alt=\"Location de scooters \u00e0 Lisbonne Sym Orbit III 50cc @ RentRiders.Pt\" srcset=\"https:&#x2f;&#47;&#119;&#x77;&#x77;&#46;&#114;&#x65;&#x6e;&#116;&#114;&#x69;&#x64;&#101;&#114;&#x73;&#x2e;&#112;&#116;&#x2f;&#x77;&#112;&#45;&#x63;&#x6f;&#110;&#116;&#x65;&#x6e;&#116;&#47;&#x75;&#x70;&#108;&#111;&#x61;&#x64;&#115;&#47;&#x32;&#x30;&#50;&#51;&#x2f;&#x30;&#55;&#47;&#x53;&#x79;&#109;&#45;&#x4f;&#x72;&#98;&#105;&#x74;&#x2d;&#53;&#48;&#x63;&#x63;&#45;&#64;&#x2d;&#x52;&#101;&#110;&#x74;&#x52;&#105;&#100;&#x65;&#x72;&#115;&#46;&#x50;&#x74;_-300x300.avif 300w, https:\/&#47;&#119;&#x77;&#x77;&#46;&#114;&#101;&#x6e;&#x74;&#x72;i&#100;&#101;&#x72;&#x73;&#46;p&#116;&#x2f;&#x77;&#x70;-&#99;&#111;&#x6e;&#x74;en&#116;&#x2f;&#x75;&#x70;l&#111;&#97;&#x64;&#x73;\/2&#48;&#x32;&#x33;&#x2f;0&#55;&#47;&#x53;&#x79;&#x6d;-&#79;&#114;&#x62;&#x69;t&#45;&#53;&#x30;&#x63;&#x63;-&#64;&#45;&#x52;&#x65;nt&#82;&#x69;&#x64;&#x65;r&#115;&#46;&#x50;&#x74;_-100x100.avif 100w, https:&#x2f;&#47;w&#x77;&#x77;&#46;r&#x65;&#110;t&#x72;&#x69;&#100;e&#x72;&#115;&#46;&#x70;&#x74;&#47;w&#x70;&#x2d;&#99;&#x6f;&#x6e;&#116;e&#x6e;&#x74;&#47;u&#x70;&#108;o&#x61;&#x64;&#115;\/&#x32;&#48;2&#x33;&#x2f;&#48;7&#x2f;&#x53;&#121;&#x6d;&#x2d;&#79;r&#x62;&#x69;&#116;-&#x35;&#48;c&#x63;&#x2d;&#64;-&#x52;&#101;n&#x74;&#x52;&#105;d&#x65;&#x72;&#115;&#x2e;&#x50;&#116;_-150x150.avif 150w, https:&#x2f;&#47;w&#x77;&#119;&#46;&#x72;&#101;n&#x74;&#114;i&#x64;&#101;r&#x73;&#x2e;p&#x74;&#x2f;&#119;&#x70;&#x2d;&#99;&#x6f;&#x6e;&#116;e&#x6e;&#116;\/&#x75;&#112;l&#x6f;&#97;d&#x73;&#47;2&#x30;&#x32;3&#x2f;&#x30;&#55;&#x2f;&#x53;&#121;&#x6d;&#x2d;&#79;r&#x62;&#105;t&#x2d;&#53;0&#x63;&#99;-&#x40;&#45;R&#x65;&#x6e;t&#x52;&#x69;&#100;&#x65;&#x72;&#115;&#x2e;&#x50;&#116;_-510x510.avif 510w\" sizes=\"auto, (max-width: 300px) 100vw, 300px\" \/><h2 class=\"woocommerce-loop-product__title\">SYM \u2013 ORBIT III 50<\/h2>\n\t<span class=\"price\">Max. <span class=\"woocommerce-Price-amount amount\"><bdi>34,50&nbsp;<span class=\"woocommerce-Price-currencySymbol\">&euro;<\/span><\/bdi><\/span> par 1 jour<\/span>\n<\/a><a href=\"https:\/\/www.rentriders.pt\/fr\/produto\/sym-orbit-iii-50cc\/\" rel=\"nofollow\" class=\"button\">Rent &amp; Ride<\/a>\t<span id=\"woocommerce_loop_add_to_cart_link_describedby_10970\" class=\"screen-reader-text\">\n\t\t\t<\/span>\n<\/li>\n<\/ul>\n<\/div><\/p>\n<p style=\"text-align: center;\"><strong><span style=\"text-decoration: underline;\">L\u2019habitude de conduire des cyclomoteurs ou des motocycles est indispensable \u00e0 votre s\u00e9curit\u00e9 et \u00e0 celle des tiers.<\/span><\/strong><\/p>\n<p><em>*<span style=\"text-decoration: underline;\">Remise exclusive pour les r\u00e9servations online effectu\u00e9es ici.<\/span> La remise de 15% est incluse, est d\u00e9j\u00e0 remise, dans le prix final affich\u00e9. Les prix affich\u00e9s au comptoir de l&rsquo;agence peuvent pr\u00e9senter des diff\u00e9rences de plus de 15% par rapport aux prix online. Vous pouvez v\u00e9rifier ce qui est inclus dans le prix indiqu\u00e9 dans chaque cat\u00e9gorie.<\/em><\/p>\n<hr \/>\n<h4 style=\"text-align: center;\"><strong>Louer un scooter Sym Orbit 50cc \u00e0 Rent Riders et visit\u00e9 Lisbonne avec libert\u00e9 !<\/strong><\/h4>\n<p style=\"text-align: justify;\">Louer un scooter chez Rent Riders et circuler \u00e0 Lisbonne avec totale libert\u00e9 et grande excitation! Sortir de Rent Riders\u00a0 pilotant un scooter seul ou acompagn\u00e9 d&rsquo;un ami (e), le choix est le v\u00f4tre! Nos scooters SYM ORBIT III 50 CC vous am\u00e8nennt \u00e0 la decouverte de Lisbonne sans probl\u00e8mes et sans embouteillages! Partir de RentRiders.Pt au volant d&rsquo;un de nos scooters de location, c\u00b4est t\u00b4aventurer \u00e0 la d\u00e9couverte de la capitale du Portugal. Lisbonne a la plus belle lumi\u00e8re du monde !<\/p>\n<p style=\"text-align: justify;\">Pilotant un de nos scooters vous profiterez de ce don de la nature que seulement Lisbonne peut vous offrir! Lis est bonne location et conduire l&rsquo;une de nos scooters SYM ORBIT III 50 CC! En louant un de nos scooters vous partirez les cheveux au vent, sans se preocuper avec les embouteillages, ni avec les parkings. Vous d\u00e9couvrirez Lisbonne avec totale libert\u00e9! Avec un de nos scooters de location vous conna\u00eetrez plus d\u00b4endroits plus rapidement. Louer un scooter ou une moto c\u00b4est une exp\u00e9rience extraordinnaire. Vous allez pas regreter et vous deviendrez notre client!<\/p>\n<p style=\"text-align: justify;\">Connaitre le centre de Lisbonne, visiter le ch\u00e2teau de \u201cS\u00e3o Jorge\u201d, decouvrir \u201cBairro Alto\u201d, regarder le fleuve \u201cTejo\u201d, admirer les belles vues de Lisbonne &#8230; et plus encore avec notre location de scooters!<\/p>\n<h5 style=\"text-align: center;\">Visiter Lisbonne a votre aise sans vous pr\u00e9occuper ni des horaires des transports, ni des embuteillages.<\/h5>\n<p style=\"text-align: justify;\">Nos scooters de location\u00a0sont champions des bas consomations! Avec quelques euros vous irez o\u00fa vous voudrez. Restez \u00ab\u00a0loin\u00a0\u00bb des stations de service et\u00a0 profiter pleinement du plaisir de louer et conduire l&rsquo;un de nos scooters! Nos scooters Sym sont rapides, confortables et fiables. Comptez sur eux pour une visite diff\u00e9rente!<\/p>\n<p style=\"text-align: justify;\">Chez Rent Riders &#8211; Location de Scooters Lisbonne\u00a0&#8211;\u00a0louer un scooter SYM ORBIT III 50 est facile! Nous offrons un service de location de scooters avec grande qualit\u00e9 et fiabilit\u00e9 au meilleur prix!<\/p>\n<p style=\"text-align: justify;\">Nous sommes situ\u00e9s au centre (Saldanha)\u00a0pour votre commodit\u00e9. Nous irons vous chercher \u00e0 l&rsquo;h\u00f4tel, ou \u00e0 un autre endroit, et en fin de journn\u00e9e vous y reconduirons.<\/p>\n<p style=\"text-align: justify;\">Connaitre Lisbonne est facile et amusant en louant un de nos scooter SYM ORBIT III 50! \u201cLis\u201d est \u201cbonne\u201d!<\/p>\n<h6 style=\"text-align: justify;\"><strong>Louant et pilotant l&rsquo;un de nos scooters SYM ORBIT III 50cc! Louer un scooter SYM ORBIT III 50cc\u00a0et devenir un \u201cRider\u201d.Louez-moi&#8230; sans Stress !<\/strong><\/h6>\n<p><\/p>","protected":false},"excerpt":{"rendered":"<p>Louez un scooter Cat\u00e9gorie A &#8211; 50CC. Visitez Lisbonne en toute libert\u00e9. Service de location de scooter de qualit\u00e9 au meilleur prix !<\/p>\n","protected":false},"author":1,"featured_media":7644,"parent":77,"menu_order":10,"comment_status":"closed","ping_status":"closed","template":"","meta":{"iawp_total_views":817,"footnotes":""},"class_list":["post-81","page","type-page","status-publish","has-post-thumbnail","czr-hentry"],"_links":{"self":[{"href":"https:\/\/www.rentriders.pt\/fr\/wp-json\/wp\/v2\/pages\/81","targetHints":{"allow":["GET"]}}],"collection":[{"href":"https:\/\/www.rentriders.pt\/fr\/wp-json\/wp\/v2\/pages"}],"about":[{"href":"https:\/\/www.rentriders.pt\/fr\/wp-json\/wp\/v2\/types\/page"}],"author":[{"embeddable":true,"href":"https:\/\/www.rentriders.pt\/fr\/wp-json\/wp\/v2\/users\/1"}],"replies":[{"embeddable":true,"href":"https:\/\/www.rentriders.pt\/fr\/wp-json\/wp\/v2\/comments?post=81"}],"version-history":[{"count":8,"href":"https:\/\/www.rentriders.pt\/fr\/wp-json\/wp\/v2\/pages\/81\/revisions"}],"predecessor-version":[{"id":16868,"href":"https:\/\/www.rentriders.pt\/fr\/wp-json\/wp\/v2\/pages\/81\/revisions\/16868"}],"up":[{"embeddable":true,"href":"https:\/\/www.rentriders.pt\/fr\/wp-json\/wp\/v2\/pages\/77"}],"wp:featuredmedia":[{"embeddable":true,"href":"https:\/\/www.rentriders.pt\/fr\/wp-json\/wp\/v2\/media\/7644"}],"wp:attachment":[{"href":"https:\/\/www.rentriders.pt\/fr\/wp-json\/wp\/v2\/media?parent=81"}],"curies":[{"name":"wp","href":"https:\/\/api.w.org\/{rel}","templated":true}]}}