{"id":6844,"date":"2018-10-02T16:40:51","date_gmt":"2018-10-02T16:40:51","guid":{"rendered":"https:\/\/www.rentriders.pt\/?page_id=6844"},"modified":"2025-08-28T11:03:15","modified_gmt":"2025-08-28T11:03:15","slug":"aluguer-de-motociclos-500cc-cat-e","status":"publish","type":"page","link":"https:\/\/www.rentriders.pt\/fr\/location-motos-scooters-lisbonne\/location-de-motos-500-cc-cat-e\/","title":{"rendered":"Location de Motos 500 CC &#8211; Cat. E"},"content":{"rendered":"<p><\/p>\n<h2 style=\"text-align: center;\"><strong>Louez ici votre Moto \u00e0 Lisbonne @ RentRiders<sup>\u00ae<\/sup><\/strong><\/h2>\n<p style=\"text-align: center;\">R\u00e9servez dej\u00e1 et b\u00e9n\u00e9ficiez d&rsquo;une r\u00e9duction de 15%* sur le tarif affich\u00e9 de l&rsquo;agence dans toutes les cat\u00e9gories de location de motos. Tout inclus*!<\/p>\n<p style=\"text-align: center;\"><span style=\"color: #339966;\">\u21d2 <span style=\"text-decoration: underline;\"><strong>Os<\/strong><\/span><\/span><span style=\"text-decoration: underline; color: #339966;\"><strong> pre\u00e7os e descontos apresentados s\u00e3o exclusivamente para reservas efetuadas online.<\/strong><\/span> <span style=\"color: #339966;\"><strong>\u21d0<\/strong><\/span><\/p>\n<p style=\"text-align: center;\">Payez 20% du montant total de la location et le reste lors de Check-in. Rent-a-Ride \u00e0 Lisbonne @ RentRiders<sup>\u00ae<\/sup> \ud83d\ude42<\/p>\n<p style=\"text-align: center;\"><div class=\"woocommerce columns-4 \"><ul class=\"products columns-4\">\n<li class=\"czr-hentry product type-product post-10985 status-publish first instock product_cat-aluguer-de-motos-500cc-cat-e has-post-thumbnail sale taxable shipping-taxable purchasable product-type-simple\">\n\t<a href=\"https:\/\/www.rentriders.pt\/fr\/produto\/honda-cb500x-500cc\/\" class=\"woocommerce-LoopProduct-link woocommerce-loop-product__link\">\n\t<span class=\"onsale\">Promo\u00a0!<\/span>\n\t<img loading=\"lazy\" decoding=\"async\" width=\"300\" height=\"300\" src=\"https:\/\/ww&#119;&#46;&#114;&#101;&#110;&#x74;&#x72;&#x69;&#x64;&#x65;&#x72;&#x73;&#46;pt\/&#119;&#112;&#45;&#99;&#111;&#x6e;&#x74;&#x65;&#x6e;&#x74;&#x2f;&#x75;&#x70;load&#115;&#47;&#50;&#48;&#50;&#x30;&#x2f;&#x30;&#x37;&#x2f;&#x48;&#x6f;&#x6e;da-C&#66;&#53;&#48;&#48;&#88;&#x2d;&#x40;&#x2d;&#x52;&#x65;&#x6e;&#x74;Ride&#114;&#115;&#46;&#80;&#116;_-300x300.avif\" class=\"attachment-woocommerce_thumbnail size-woocommerce_thumbnail\" alt=\"Location de Motos Honda CB500X \u00e0 Lisbonne\" srcset=\"https:&#x2f;&#x2f;&#x77;&#119;&#119;&#46;r&#x65;&#x6e;&#x74;&#x72;&#105;&#100;er&#x73;&#x2e;&#x70;&#116;&#47;&#119;p-&#x63;&#x6f;&#x6e;&#116;&#101;nt&#x2f;&#x75;&#x70;&#x6c;&#111;&#97;ds&#x2f;&#x32;&#x30;&#50;&#48;&#47;07&#x2f;&#x48;&#x6f;&#110;&#100;a-&#x43;&#x42;&#x35;&#x30;&#48;&#88;-&#64;&#x2d;&#x52;&#x65;&#110;&#116;&#82;id&#x65;&#x72;&#x73;&#46;&#80;&#116;_-300x300.avif 300w, https:&#x2f;\/&#x77;&#119;&#x77;&#x2e;r&#x65;&#110;&#x74;&#x72;i&#x64;&#101;&#x72;&#x73;&#46;&#x70;&#116;&#x2f;&#x77;p&#x2d;&#99;&#x6f;&#x6e;t&#x65;&#110;&#x74;&#x2f;u&#x70;&#108;&#x6f;&#x61;d&#x73;&#47;&#x32;&#x30;2&#x30;&#47;&#x30;&#x37;\/&#x48;&#111;&#x6e;&#x64;a&#x2d;&#67;&#x42;&#x35;0&#x30;&#88;&#x2d;&#x40;-&#x52;&#101;&#x6e;&#x74;R&#x69;&#100;&#x65;&#x72;s&#x2e;&#80;&#x74;_-100x100.avif 100w, https:&#47;&#x2f;w&#119;&#x77;&#46;&#114;&#x65;n&#116;&#x72;i&#100;&#x65;&#114;&#x73;&#x2e;&#112;&#x74;&#x2f;&#119;&#x70;-&#99;&#x6f;n&#116;&#x65;n&#116;&#x2f;u&#112;&#x6c;&#111;&#x61;&#x64;&#115;&#x2f;&#x32;&#48;&#x32;0&#47;&#x30;7&#47;&#x48;o&#110;&#x64;a&#45;&#x43;&#66;&#x35;&#x30;&#48;&#x58;&#x2d;&#64;&#x2d;R&#101;&#x6e;t&#82;&#x69;d&#101;&#x72;s&#46;&#x50;&#116;_-150x150.avif 150w, https:&#x2f;&#x2f;&#119;&#119;w&#x2e;&#x72;&#x65;&#110;&#116;r&#x69;&#x64;&#x65;&#114;&#115;&#46;&#x70;&#x74;&#x2f;&#119;&#112;-&#x63;&#x6f;&#x6e;&#116;en&#x74;&#x2f;&#x75;&#112;lo&#x61;&#x64;&#115;&#47;20&#x32;&#x30;&#47;&#48;7\/&#x48;&#x6f;&#110;&#100;a&#x2d;&#x43;&#x42;&#53;&#48;0&#x58;&#x2d;&#x40;&#45;&#82;e&#x6e;&#x74;&#x52;&#105;&#100;e&#x72;&#x73;&#x2e;&#80;&#116;_-510x510.avif 510w\" sizes=\"auto, (max-width: 300px) 100vw, 300px\" \/><h2 class=\"woocommerce-loop-product__title\">HONDA &#8211; CB 500X<\/h2>\n\t<span class=\"price\">Max. <span class=\"woocommerce-Price-amount amount\"><bdi>78,50&nbsp;<span class=\"woocommerce-Price-currencySymbol\">&euro;<\/span><\/bdi><\/span> par 1 jour<\/span>\n<\/a><a href=\"https:\/\/www.rentriders.pt\/fr\/produto\/honda-cb500x-500cc\/\" rel=\"nofollow\" class=\"button\">Rent &amp; Ride<\/a>\t<span id=\"woocommerce_loop_add_to_cart_link_describedby_10985\" class=\"screen-reader-text\">\n\t\t\t<\/span>\n<\/li>\n<\/ul>\n<\/div><\/p>\n<p style=\"text-align: center;\"><strong><span style=\"text-decoration: underline;\">L\u2019habitude de conduire des cyclomoteurs ou des motocycles est indispensable \u00e0 votre s\u00e9curit\u00e9 et \u00e0 celle des tiers.<\/span><\/strong><\/p>\n<p><em>* <span style=\"text-decoration: underline;\">Remise exclusive pour les r\u00e9servations online effectu\u00e9es ici.<\/span> La remise de 15% est incluse, est d\u00e9j\u00e0 remise, dans le prix final affich\u00e9. Les prix affich\u00e9s au comptoir de l&rsquo;agence peuvent pr\u00e9senter des diff\u00e9rences de plus de 15% par rapport aux prix online. Vous pouvez v\u00e9rifier ce qui est inclus dans le prix indiqu\u00e9 dans chaque cat\u00e9gorie.<\/em><\/p>\n<hr \/>\n<h4 style=\"text-align: center;\"><strong>Location de Motos Honda CB500X \u00e0 Lisbonne c\u00b4est @ RentRiders<sup>\u00ae<\/sup> <\/strong><strong>\u00a0<\/strong><\/h4>\n<p style=\"text-align: justify;\">RentRiders<sup>\u00ae <\/sup>est votre agence de location de Motos \u00e0 Lisbonne . Avec notre service de location de motos il est facile de trouver des monuments uniques et de belles plages pr\u00e8s de Lisbonne !<\/p>\n<p style=\"text-align: justify;\">Lorsque vous choisissez de louer une moto dans cette valeur de segment, la puissance, le confort et la performance!<\/p>\n<p style=\"text-align: justify;\">Louer un v\u00e9lo \u00e0 RentRiders<sup>\u00ae<\/sup> \u00e0 Lisbonne est la meilleure fa\u00e7on de visiter et de conna\u00eetre le Portugal, en particulier Lisbonne et ses environs magnifiques. Aller \u00e0 Sintra, \u00e0 Cascais, \u00e0 Costa de Caparica ou \u00e0 tout autre endroit o\u00f9 vous souhaitez visiter, ou \u00e0 d\u00e9couvrir, au contr\u00f4le de l&rsquo;un de nos v\u00e9los de location, vous fournira certainement quelque chose d&rsquo;inoubliable.<\/p>\n<p style=\"text-align: justify;\">Seul ou accompagn\u00e9, le choix est \u00e0 vous! Venez simplement \u00e0 RentRiders.Pt, louez une moto et voyez-vous!<\/p>\n<p style=\"text-align: justify;\">Louez un scooter ou une moto de cat\u00e9gorie E, avec moteur de 500cc, et vous pourrez faire des visites et des visites plus larges, vous permettant d&rsquo;explorer encore plus de Lisbonne, mais aussi autres localit\u00e9s baign\u00e9es par l&rsquo;oc\u00e9an Atlantique avec plus de confort!<\/p>\n<p style=\"text-align: justify;\">Chez RentRiders<sup>\u00ae<\/sup> louer une moto ou louer est facile! De l\u00e0, d\u00e9couvrez l&rsquo;aventure de d\u00e9couvrir la capitale et ses alentours. Lisbonne a la plus belle \u00ab\u00a0lumi\u00e8re naturelle\u00a0\u00bb au monde!<\/p>\n<p style=\"text-align: justify;\">Aux commandes d&rsquo;un de nos v\u00e9los, vous pourrez profiter de ce cadeau de nature que seul Lisbonne a! \u00ab\u00a0Lis is Good\u00a0\u00bb loue et conduit une de nos v\u00e9los.<\/p>\n<h5 style=\"text-align: center;\">Louez un Moto en Lisbonne @ RentRiders<sup>\u00ae<\/sup> et d\u00e9couvrez la gastronomie portugaise !<\/h5>\n<p style=\"text-align: justify;\">Si vous aimez le poisson, prenez un tour \u00e0 Sesimbra et profitez d&rsquo;un bon d\u00e9jeuner avec la meilleure p\u00eache dans l&rsquo;oc\u00e9an Atlantique. Tout sans \u00eatre ennuyant avec la circulation et toujours avec un parking disponible.<\/p>\n<p style=\"text-align: justify;\">Louez une moto HONDA CB500X et incluez dans votre visite le Boca do Inferno, pr\u00e8s de Cascais, et profitez pour d\u00e9guster un bon \u00ab\u00a0Palourdes \u00e0 Bulh\u00e3o Pato\u00a0\u00bb, dans le contexte de la bravoure et de la beaut\u00e9 de cette c\u00f4te portugaise baign\u00e9e par Oc\u00e9an Atlantique.<\/p>\n<p style=\"text-align: justify;\">En louant une HONDA CB500X ou tout autre mod\u00e8le que nous avons disponible dans ce segment, vous pouvez parcourir de longues distances avec plus de confort et de commodit\u00e9.<\/p>\n<h6 style=\"text-align: center;\"><strong>Louez une Moto HONDA CB500X avec RentRiders<sup>\u00ae <\/sup>et connais le Portugal. Soyez un \u00ab\u00a0Rider\u00a0\u00bb avec c&rsquo;est Moto !<\/strong><\/h6>\n<p><\/p>","protected":false},"excerpt":{"rendered":"<p>Louez une moto 500cc \u00e0 Lisbonne si vous appr\u00e9ciez la performance. Louez une moto Honda CB500X et amusez-vous. Locations TOP de motos \u00e0 Lisbonne\u00a0!<\/p>\n","protected":false},"author":1,"featured_media":7687,"parent":77,"menu_order":45,"comment_status":"closed","ping_status":"closed","template":"","meta":{"iawp_total_views":426,"footnotes":""},"class_list":["post-6844","page","type-page","status-publish","has-post-thumbnail","czr-hentry"],"_links":{"self":[{"href":"https:\/\/www.rentriders.pt\/fr\/wp-json\/wp\/v2\/pages\/6844","targetHints":{"allow":["GET"]}}],"collection":[{"href":"https:\/\/www.rentriders.pt\/fr\/wp-json\/wp\/v2\/pages"}],"about":[{"href":"https:\/\/www.rentriders.pt\/fr\/wp-json\/wp\/v2\/types\/page"}],"author":[{"embeddable":true,"href":"https:\/\/www.rentriders.pt\/fr\/wp-json\/wp\/v2\/users\/1"}],"replies":[{"embeddable":true,"href":"https:\/\/www.rentriders.pt\/fr\/wp-json\/wp\/v2\/comments?post=6844"}],"version-history":[{"count":16,"href":"https:\/\/www.rentriders.pt\/fr\/wp-json\/wp\/v2\/pages\/6844\/revisions"}],"predecessor-version":[{"id":16871,"href":"https:\/\/www.rentriders.pt\/fr\/wp-json\/wp\/v2\/pages\/6844\/revisions\/16871"}],"up":[{"embeddable":true,"href":"https:\/\/www.rentriders.pt\/fr\/wp-json\/wp\/v2\/pages\/77"}],"wp:featuredmedia":[{"embeddable":true,"href":"https:\/\/www.rentriders.pt\/fr\/wp-json\/wp\/v2\/media\/7687"}],"wp:attachment":[{"href":"https:\/\/www.rentriders.pt\/fr\/wp-json\/wp\/v2\/media?parent=6844"}],"curies":[{"name":"wp","href":"https:\/\/api.w.org\/{rel}","templated":true}]}}