{"id":4618,"date":"2017-09-29T10:13:18","date_gmt":"2017-09-29T10:13:18","guid":{"rendered":"https:\/\/www.rentriders.pt\/?page_id=4618"},"modified":"2025-08-28T11:02:19","modified_gmt":"2025-08-28T11:02:19","slug":"aluguer-de-scooters-e-motociclos-300cc-cat-d","status":"publish","type":"page","link":"https:\/\/www.rentriders.pt\/fr\/location-motos-scooters-lisbonne\/location-de-scooters-et-motos-350-cc-cat-d1-d2\/","title":{"rendered":"Location de Scooters et Motos 350 CC &#8211; Cat. D2"},"content":{"rendered":"<p><\/p>\n<h2 style=\"text-align: center;\"><strong>Louez ici votre Maxicooter \u00e0 Lisbonne @ RentRiders<sup>\u00ae<\/sup><\/strong><\/h2>\n<p style=\"text-align: center;\">R\u00e9servez dej\u00e1 et b\u00e9n\u00e9ficiez d&rsquo;une r\u00e9duction de 15%* sur le tarif affich\u00e9 de l&rsquo;agence dans toutes les cat\u00e9gories de location de maxiscooters. Tout inclus*!<\/p>\n<p style=\"text-align: center;\"><span style=\"color: #339966;\"><strong>\u21d2 <\/strong><span style=\"text-decoration: underline;\"><strong>Les prix et r\u00e9ductions indiqu\u00e9s concernent exclusivement les r\u00e9servations effectu\u00e9es en ligne<\/strong><\/span>. <strong>\u21d0<\/strong><\/span><\/p>\n<p style=\"text-align: center;\">Payez 20% du montant total de la location et le reste lors de Check-in. Rent-a-Ride \u00e0 Lisbonne @ RentRiders<sup>\u00ae<\/sup> \ud83d\ude42<\/p>\n<h4 style=\"text-align: center;\">Payez seulement 20% du montant total de la location et le reste lors de Check-in! \ud83d\ude42<\/h4>\n<p style=\"text-align: center;\"><div class=\"woocommerce columns-4 \"><ul class=\"products columns-4\">\n<li class=\"czr-hentry product type-product post-13700 status-publish first instock product_cat-aluguer-de-maxiscooters-300cc-cat-d has-post-thumbnail sale taxable shipping-taxable purchasable product-type-simple\">\n\t<a href=\"https:\/\/www.rentriders.pt\/fr\/produto\/honda-adv-350cc\/\" class=\"woocommerce-LoopProduct-link woocommerce-loop-product__link\">\n\t<span class=\"onsale\">Promo\u00a0!<\/span>\n\t<img loading=\"lazy\" decoding=\"async\" width=\"300\" height=\"300\" src=\"https:\/\/www.rentriders.pt\/wp-content\/uploads\/2023\/07\/Honda-ADV-350-Rentriders.Pt-Produto-1-300x300.avif\" class=\"attachment-woocommerce_thumbnail size-woocommerce_thumbnail\" alt=\"Honda ADV 350 RentRiders.Pt\" srcset=\"https:\/\/www.rentriders.pt\/wp-content\/uploads\/2023\/07\/Honda-ADV-350-Rentriders.Pt-Produto-1-300x300.avif 300w, https:\/\/www.rentriders.pt\/wp-content\/uploads\/2023\/07\/Honda-ADV-350-Rentriders.Pt-Produto-1-100x100.avif 100w, https:\/\/www.rentriders.pt\/wp-content\/uploads\/2023\/07\/Honda-ADV-350-Rentriders.Pt-Produto-1-150x150.avif 150w, https:\/\/www.rentriders.pt\/wp-content\/uploads\/2023\/07\/Honda-ADV-350-Rentriders.Pt-Produto-1-510x510.avif 510w\" sizes=\"auto, (max-width: 300px) 100vw, 300px\" \/><h2 class=\"woocommerce-loop-product__title\">HONDA &#8211; ADV 350<\/h2>\n\t<span class=\"price\">Max. <span class=\"woocommerce-Price-amount amount\"><bdi>69,50&nbsp;<span class=\"woocommerce-Price-currencySymbol\">&euro;<\/span><\/bdi><\/span> par 1 jour<\/span>\n<\/a><a href=\"https:\/\/www.rentriders.pt\/fr\/produto\/honda-adv-350cc\/\" rel=\"nofollow\" class=\"button\">Rent &amp; Ride<\/a>\t<span id=\"woocommerce_loop_add_to_cart_link_describedby_13700\" class=\"screen-reader-text\">\n\t\t\t<\/span>\n<\/li>\n<\/ul>\n<\/div><\/p>\n<p style=\"text-align: center;\"><strong><span style=\"text-decoration: underline;\">L\u2019habitude de conduire des cyclomoteurs ou des motocycles est indispensable \u00e0 votre s\u00e9curit\u00e9 et \u00e0 celle des tiers.<\/span><\/strong><\/p>\n<p><em>* <span style=\"text-decoration: underline;\">Remise exclusive pour les r\u00e9servations online effectu\u00e9es ici.<\/span> La remise de 15% est incluse, est d\u00e9j\u00e0 remise, dans le prix final affich\u00e9. Les prix affich\u00e9s au comptoir de l&rsquo;agence peuvent pr\u00e9senter des diff\u00e9rences de plus de 15% par rapport aux prix online. Vous pouvez v\u00e9rifier ce qui est inclus dans le prix indiqu\u00e9 dans chaque cat\u00e9gorie.<\/em><\/p>\n<hr \/>\n<h4 style=\"text-align: center;\"><strong>Pour plus d&rsquo;aventures louer un Maxi Scooter <\/strong><strong>en Lisbonne <\/strong><strong>avec RentRiders<sup>\u00ae<\/sup> !<\/strong><\/h4>\n<p style=\"text-align: justify;\">RentRiders<sup>\u00ae <\/sup>est votre agence de location Maxiscooters \u00e0 Lisbonne . Avec notre service de location maxiscooters il est facile de trouver des monuments uniques et de belles plages pr\u00e8s de Lisbonne !<\/p>\n<p style=\"text-align: justify;\">Louer un Maxi-scooter @ RentRiders<sup>\u00ae<\/sup> \u00e0 Lisbonne de cat\u00e9gorie D1 et D2, moteur jusqu\u00b4\u00e1 350CC, sera plus facile\u00a0 aller plus loin !<\/p>\n<p style=\"text-align: justify;\">Visiter Cascais, Sintra, Costa de Caparica, Sesimbra et beaucoup d&rsquo;autres endroits baign\u00e9s par l&rsquo;Oc\u00e9an Atlantique, avec un plus grand confort.<\/p>\n<p style=\"text-align: justify;\">Pour de grandes aventurs louer un Maxiscooter. En choisissant la location d\u00b4un Maxiscooter dans ce segment, vous profiterez d\u00b4un confort et d\u00b4une\u00a0 performance magnifiques! Seul ou ensemble, le choix est le v\u00f4tre! Il suffit de venir \u00e0 Rent Riders, louer un Maxiscooter et partir!<\/p>\n<p style=\"text-align: justify;\">Pilotant un de nos Maxiscooter vous profiterez de ce don de la nature que seulement Lisbonne peut vous offrir! \u201cLis\u201d est \u201cbonne\u201d\u2026 pilotant un de nos Maxiscooter ou motos!<\/p>\n<p style=\"text-align: justify;\">Visitez Lisbonne \u00e0 votre aise sans se soucier avec les temps, les transport et les embouteillages interminables. Nos Maxiscooter sont champions des bas consomations! Avec quelques euros vous irez o\u00fa vous voudrez.<\/p>\n<p style=\"text-align: justify;\">Restez \u00ab\u00a0loin\u00a0\u00bb des stations de service et\u00a0 profiter pleinement du plaisir de louer et conduire l&rsquo;un de nos Maxiscooter !<\/p>\n<h5 style=\"text-align: center;\">Nos Maxiscooter Honda sont rapides, confortables et fiables. Comptez sur eux pour une visite diff\u00e9rente!<\/h5>\n<p style=\"text-align: justify;\">Louer un Maxi-scooter et d\u00e9couvrir la meilleure cuisine portugaise! Si vous aimez le poisson faites un tour \u00e0 Sesimbra profitez d&rsquo;un bon d\u00e9jeuner avec ce que la mer nous offre de mieux! Tout cela sans vous ennuyer avec les\u00a0 embouteillages\u00a0 et le parkings.<\/p>\n<p style=\"text-align: justify;\">Louer un Maxiscooter HONDA ADV 350CC ABS et inclut \u201cBoca do Inferno\u201d, pr\u00e8s de Cascais, profitant les bonnes palourdes portugaises avec la mer bleue comme scenario.<\/p>\n<h6 style=\"text-align: center;\"><strong>Louer un Maxi-scooter HONDA ADV 350 CC avec RentRiders<sup>\u00ae <\/sup>et d\u00e9couvre Lisbonne et Portugal!<\/strong><\/h6>\n<p><\/p>","protected":false},"excerpt":{"rendered":"<p>Location de Maxi-scooters 350CC. Si vous appr\u00e9cierez le confort et la performance louez un Maxi-scooter en Lisbonne @ RentRiders et profiter!<\/p>\n","protected":false},"author":2,"featured_media":13721,"parent":77,"menu_order":40,"comment_status":"closed","ping_status":"closed","template":"","meta":{"iawp_total_views":273,"footnotes":""},"class_list":["post-4618","page","type-page","status-publish","has-post-thumbnail","czr-hentry"],"_links":{"self":[{"href":"https:\/\/www.rentriders.pt\/fr\/wp-json\/wp\/v2\/pages\/4618","targetHints":{"allow":["GET"]}}],"collection":[{"href":"https:\/\/www.rentriders.pt\/fr\/wp-json\/wp\/v2\/pages"}],"about":[{"href":"https:\/\/www.rentriders.pt\/fr\/wp-json\/wp\/v2\/types\/page"}],"author":[{"embeddable":true,"href":"https:\/\/www.rentriders.pt\/fr\/wp-json\/wp\/v2\/users\/2"}],"replies":[{"embeddable":true,"href":"https:\/\/www.rentriders.pt\/fr\/wp-json\/wp\/v2\/comments?post=4618"}],"version-history":[{"count":20,"href":"https:\/\/www.rentriders.pt\/fr\/wp-json\/wp\/v2\/pages\/4618\/revisions"}],"predecessor-version":[{"id":16870,"href":"https:\/\/www.rentriders.pt\/fr\/wp-json\/wp\/v2\/pages\/4618\/revisions\/16870"}],"up":[{"embeddable":true,"href":"https:\/\/www.rentriders.pt\/fr\/wp-json\/wp\/v2\/pages\/77"}],"wp:featuredmedia":[{"embeddable":true,"href":"https:\/\/www.rentriders.pt\/fr\/wp-json\/wp\/v2\/media\/13721"}],"wp:attachment":[{"href":"https:\/\/www.rentriders.pt\/fr\/wp-json\/wp\/v2\/media?parent=4618"}],"curies":[{"name":"wp","href":"https:\/\/api.w.org\/{rel}","templated":true}]}}