{"id":324,"date":"2016-03-30T16:10:00","date_gmt":"2016-03-30T16:10:00","guid":{"rendered":"http:\/\/www.rentriders.pt\/?page_id=324"},"modified":"2025-08-28T11:01:22","modified_gmt":"2025-08-28T11:01:22","slug":"aluguer-de-motos-e-scooters-125-cc-cat-c","status":"publish","type":"page","link":"https:\/\/www.rentriders.pt\/fr\/location-motos-scooters-lisbonne\/location-de-motos-e-scooters-125-cc-cat-c\/","title":{"rendered":"Location de Scooters et Motos 125 CC &#8211; Cat. C \/ C1"},"content":{"rendered":"<p><\/p>\n<h2 style=\"text-align: center;\"><strong>Louez ici votre Scooter \u00e0 Lisbonne @ RentRiders<sup>\u00ae<\/sup><\/strong><\/h2>\n<p style=\"text-align: center;\">R\u00e9servez dej\u00e1 et b\u00e9n\u00e9ficiez d&rsquo;une r\u00e9duction de 15%* sur le tarif affich\u00e9 de l&rsquo;agence dans toutes les cat\u00e9gories de location de scooters. Tout inclus*!<\/p>\n<p style=\"text-align: center;\"><span style=\"color: #339966;\"><strong>\u21d2 <\/strong><span style=\"text-decoration: underline;\"><strong>Les prix et r\u00e9ductions indiqu\u00e9s concernent exclusivement les r\u00e9servations effectu\u00e9es en ligne<\/strong><\/span>. <strong>\u21d0<\/strong><\/span><\/p>\n<p style=\"text-align: center;\">Payez 20% du montant total de la location et le reste lors de Check-in. Rent-a-Ride \u00e0 Lisbonne @ RentRiders<sup>\u00ae<\/sup> \ud83d\ude42<\/p>\n<p style=\"text-align: center;\"><span style=\"font-family: 'Open Sans'; font-size: 16px;\"><div class=\"woocommerce columns-4 \"><ul class=\"products columns-4\">\n<li class=\"czr-hentry product type-product post-10980 status-publish first instock product_cat-aluguer-de-scooters-125cc-cat-c has-post-thumbnail sale sold-individually taxable shipping-taxable purchasable product-type-simple\">\n\t<a href=\"https:\/\/www.rentriders.pt\/fr\/produto\/honda-sh-mode-125cc-2-2\/\" class=\"woocommerce-LoopProduct-link woocommerce-loop-product__link\">\n\t<span class=\"onsale\">Promo\u00a0!<\/span>\n\t<img loading=\"lazy\" decoding=\"async\" width=\"300\" height=\"300\" src=\"https:\/\/&#119;&#119;&#119;&#46;&#x72;&#x65;&#x6e;&#x74;&#x72;id&#101;&#114;&#115;&#46;&#x70;&#x74;&#x2f;&#x77;&#x70;-c&#111;&#110;&#116;&#101;&#x6e;&#x74;&#x2f;&#x75;&#x70;loa&#100;&#115;&#47;&#x32;&#x30;&#x32;&#x33;&#x2f;07\/&#72;&#111;&#110;&#x64;&#x61;&#x2d;&#x53;&#x48;-12&#53;&#45;&#84;&#x6f;&#x70;&#x2d;&#x43;&#x61;se&#46;&#45;&#64;&#45;&#x52;&#x65;&#x6e;&#x74;&#x52;ide&#114;&#115;&#46;&#x50;&#x74;&#x6a;&#x70;&#x67;_-300x300.avif\" class=\"attachment-woocommerce_thumbnail size-woocommerce_thumbnail\" alt=\"Location de Scooter Honda SHi 125cc \u00e0 Lisbonne\" srcset=\"https:&#x2f;&#47;w&#x77;&#x77;&#46;r&#x65;&#x6e;&#116;r&#x69;&#100;e&#x72;&#x73;&#46;p&#x74;&#x2f;&#119;p&#x2d;&#99;&#111;&#x6e;&#x74;&#101;n&#x74;&#x2f;&#117;p&#x6c;&#111;&#97;d&#x73;&#47;2&#x30;&#x32;&#51;\/&#x30;&#x37;&#47;H&#x6f;&#110;d&#x61;&#x2d;&#83;H&#x2d;&#x31;&#50;5&#x2d;&#84;&#111;&#x70;&#x2d;&#67;a&#x73;&#x65;&#46;-&#x40;&#x2d;&#82;e&#x6e;&#116;R&#x69;&#x64;&#101;r&#x73;&#x2e;&#80;t&#x6a;&#112;g_-300x300.avif 300w, https:\/&#47;&#x77;&#x77;w&#46;&#114;&#x65;&#x6e;t&#114;&#105;&#x64;&#x65;r&#115;&#x2e;&#x70;&#x74;\/&#119;&#x70;&#x2d;c&#111;&#110;&#x74;&#x65;n&#116;&#47;&#x75;&#x70;l&#111;&#x61;&#x64;&#x73;\/&#50;&#x30;&#x32;3\/&#48;&#x37;&#x2f;H&#111;&#110;&#x64;&#x61;-&#83;&#72;&#x2d;&#x31;2&#53;&#x2d;&#x54;op&#45;&#x43;&#x61;s&#101;&#46;&#x2d;&#x40;-&#82;&#101;&#x6e;&#x74;R&#105;&#x64;&#x65;rs&#46;&#x50;&#x74;j&#112;&#103;_-100x100.avif 100w, https:&#47;&#x2f;&#x77;w&#119;&#x2e;r&#101;&#x6e;t&#114;&#x69;d&#101;&#x72;&#x73;&#46;&#x70;&#x74;\/&#119;&#x70;-&#99;&#x6f;n&#116;&#x65;&#x6e;&#116;&#x2f;&#x75;p&#108;&#x6f;a&#100;&#x73;\/&#50;&#x30;2&#51;&#x2f;&#x30;&#55;&#x2f;&#x48;o&#110;&#x64;a&#45;&#x53;H&#45;&#x31;&#x32;&#53;&#x2d;&#x54;o&#112;&#x2d;C&#97;&#x73;e&#46;&#x2d;&#64;&#45;&#x52;&#x65;&#110;&#x74;&#x52;i&#100;&#x65;r&#115;&#x2e;P&#116;&#x6a;&#x70;&#103;_-150x150.avif 150w, https:&#x2f;&#x2f;&#x77;&#x77;&#x77;&#x2e;&#114;&#101;&#110;&#116;ride&#x72;&#x73;&#x2e;&#x70;&#x74;&#x2f;&#119;&#112;&#45;&#99;&#111;nte&#x6e;&#x74;&#x2f;&#x75;&#x70;&#x6c;&#111;&#97;&#100;&#115;&#47;202&#x33;&#x2f;&#x30;&#x37;&#x2f;&#x48;&#x6f;&#110;&#100;&#97;&#45;SH-1&#x32;&#x35;&#x2d;&#x54;&#x6f;&#x70;&#45;&#67;&#97;&#115;e&#46;-&#64;&#x2d;&#x52;&#x65;&#x6e;&#x74;&#x52;&#105;&#100;&#101;&#114;&#115;&#46;Pt&#x6a;&#x70;&#x67;_-510x510.avif 510w\" sizes=\"auto, (max-width: 300px) 100vw, 300px\" \/><h2 class=\"woocommerce-loop-product__title\">HONDA &#8211; SH MODE 125<\/h2>\n\t<span class=\"price\">Max. <span class=\"woocommerce-Price-amount amount\"><bdi>39,50&nbsp;<span class=\"woocommerce-Price-currencySymbol\">&euro;<\/span><\/bdi><\/span> par 1 jour<\/span>\n<\/a><a href=\"https:\/\/www.rentriders.pt\/fr\/produto\/honda-sh-mode-125cc-2-2\/\" rel=\"nofollow\" class=\"button\">Rent &amp; Ride<\/a>\t<span id=\"woocommerce_loop_add_to_cart_link_describedby_10980\" class=\"screen-reader-text\">\n\t\t\t<\/span>\n<\/li>\n<li class=\"czr-hentry product type-product post-10982 status-publish instock product_cat-aluguer-de-scooters-125cc-cat-c1 has-post-thumbnail sold-individually taxable shipping-taxable purchasable product-type-simple\">\n\t<a href=\"https:\/\/www.rentriders.pt\/fr\/produto\/honda-shi-125cc\/\" class=\"woocommerce-LoopProduct-link woocommerce-loop-product__link\"><img loading=\"lazy\" decoding=\"async\" width=\"300\" height=\"300\" src=\"https:&#47;&#x2f;&#119;&#x77;w&#46;&#x72;&#101;&#x6e;t&#x72;i&#100;&#x65;&#114;&#x73;&#46;&#x70;&#x74;&#47;&#x77;p&#x2d;c&#111;&#x6e;&#116;&#x65;n&#x74;\/&#117;&#x70;&#108;&#x6f;a&#100;&#x73;&#47;&#x32;0&#x32;3&#47;&#x30;&#55;&#x2f;H&#x6f;&#x6e;&#100;&#x61;&#45;&#x53;H&#49;&#x32;&#53;&#x69;-&#x5f;-&#83;&#x63;&#111;&#x6f;t&#x65;&#x72;&#45;&#x64;e&#x2d;1&#50;&#x35;&#99;&#x63;-&#x40;-&#82;&#x65;&#110;&#x74;R&#105;&#x64;&#101;&#x72;s&#x2e;P&#116;_-300x300.avif\" class=\"attachment-woocommerce_thumbnail size-woocommerce_thumbnail\" alt=\"Louez une Scooter Executive Honda SHi 125cc ABS et d\u00e9couvrez du Lisbonne\" srcset=\"https:&#x2f;&#47;w&#x77;&#119;&#46;&#x72;&#x65;&#110;t&#x72;&#105;d&#x65;&#x72;&#115;&#46;&#x70;&#116;\/&#x77;&#x70;&#45;c&#x6f;&#110;t&#x65;&#x6e;&#116;\/&#x75;&#112;l&#x6f;&#x61;&#100;&#x73;&#x2f;&#50;0&#x32;&#51;\/&#x30;&#x37;&#47;H&#x6f;&#110;d&#x61;&#x2d;&#83;H&#x31;&#50;5&#x69;&#x2d;&#95;-&#x53;&#99;o&#x6f;&#x74;&#101;&#x72;&#x2d;&#100;e&#x2d;&#49;&#50;&#x35;&#x63;&#99;-&#x40;&#45;R&#x65;&#x6e;&#116;R&#x69;&#100;e&#x72;&#x73;&#46;P&#x74;_-300x300.avif 300w, https:&#x2f;&#x2f;&#119;w&#x77;&#x2e;&#x72;&#101;n&#x74;&#x72;&#x69;&#100;e&#x72;&#x73;&#x2e;&#112;t&#x2f;&#x77;&#x70;&#45;c&#x6f;&#x6e;&#x74;&#101;n&#x74;&#x2f;&#x75;&#112;l&#x6f;&#x61;&#x64;&#115;\/&#x32;&#x30;&#x32;&#51;\/&#x30;&#x37;&#x2f;&#72;o&#x6e;&#x64;&#x61;&#45;S&#x48;&#x31;&#x32;&#53;i&#x2d;&#x5f;&#x2d;&#83;c&#x6f;&#x6f;&#x74;&#101;r&#x2d;&#x64;&#x65;&#45;1&#x32;&#x35;&#x63;&#99;-&#x40;&#x2d;&#x52;&#101;n&#x74;&#x52;&#x69;&#100;e&#x72;&#x73;&#x2e;&#80;t_-100x100.avif 100w, https:&#x2f;&#47;&#x77;&#x77;w&#x2e;&#114;e&#x6e;&#116;r&#x69;&#100;&#x65;&#x72;s&#x2e;&#112;t&#x2f;&#119;p&#x2d;&#99;&#x6f;&#x6e;&#116;&#x65;&#x6e;t&#x2f;&#117;p&#x6c;&#111;a&#x64;&#115;&#x2f;&#x32;0&#x32;&#51;\/&#x30;&#55;\/&#x48;&#111;&#x6e;&#x64;&#97;&#x2d;&#x53;H&#x31;&#50;5&#x69;&#45;_&#x2d;&#83;&#x63;&#x6f;o&#x74;&#101;r&#x2d;&#100;e&#x2d;&#49;&#x32;&#x35;&#99;&#x63;&#x2d;&#64;&#x2d;&#82;e&#x6e;&#116;R&#x69;&#100;&#x65;&#x72;s&#x2e;&#80;t_-150x150.avif 150w, https:\/&#47;&#119;&#x77;&#x77;&#x2e;re&#110;&#116;&#x72;&#x69;&#x64;e&#114;&#115;&#46;&#x70;&#x74;&#x2f;w&#112;&#45;&#x63;&#x6f;&#x6e;te&#110;&#116;&#x2f;&#x75;&#x70;l&#111;&#97;&#100;&#x73;&#x2f;&#x32;0&#50;&#51;&#x2f;&#x30;&#x37;\/H&#111;&#110;&#x64;&#x61;&#x2d;S&#72;&#49;&#50;&#x35;&#x69;&#x2d;_&#45;&#83;&#x63;&#x6f;&#x6f;te&#114;&#45;&#x64;&#x65;&#x2d;1&#50;&#53;&#99;&#x63;&#x2d;&#x40;-&#82;&#101;&#x6e;&#x74;&#x52;id&#101;&#114;&#x73;&#x2e;&#x50;t_-510x510.avif 510w\" sizes=\"auto, (max-width: 300px) 100vw, 300px\" \/><h2 class=\"woocommerce-loop-product__title\">HONDA &#8211; SHi 125<\/h2>\n\t<span class=\"price\">Max. <span class=\"woocommerce-Price-amount amount\"><bdi>46,50&nbsp;<span class=\"woocommerce-Price-currencySymbol\">&euro;<\/span><\/bdi><\/span> par 1 jour<\/span>\n<\/a><a href=\"https:\/\/www.rentriders.pt\/fr\/produto\/honda-shi-125cc\/\" rel=\"nofollow\" class=\"button\">Rent &amp; Ride<\/a>\t<span id=\"woocommerce_loop_add_to_cart_link_describedby_10982\" class=\"screen-reader-text\">\n\t\t\t<\/span>\n<\/li>\n<\/ul>\n<\/div><\/span><\/p>\n<p style=\"text-align: center;\"><strong><span style=\"text-decoration: underline;\">L\u2019habitude de conduire des cyclomoteurs ou des motocycles est indispensable \u00e0 votre s\u00e9curit\u00e9 et \u00e0 celle des tiers.<\/span><\/strong><\/p>\n<p><em>* <span style=\"text-decoration: underline;\">Remise exclusive pour les r\u00e9servations online effectu\u00e9es ici.<\/span> La remise de 15% est incluse, est d\u00e9j\u00e0 remise, dans le prix final affich\u00e9. Les prix affich\u00e9s au comptoir de l&rsquo;agence peuvent pr\u00e9senter des diff\u00e9rences de plus de 15% par rapport aux prix online. Vous pouvez v\u00e9rifier ce qui est inclus dans le prix indiqu\u00e9 dans chaque cat\u00e9gorie.<\/em><\/p>\n<hr \/>\n<h4 style=\"text-align: center;\">Pour plus d&rsquo;aventures louer un scooter plus grande!<\/h4>\n<p style=\"text-align: justify;\">Louer un scooter chez RentRiders<sup>\u00ae<\/sup> est la meilleure fa\u00e7on de visiter et de conna\u00eetre le Portugal, en particulier de Lisbonne et ses magnifiques environs!<\/p>\n<p style=\"text-align: justify;\">Pour de grandes aventures louer un scooter plus grande aussi. En choisissant la location d\u00b4un scooter dans ce segment, vous profiterez d\u00b4un confort et d\u00b4une\u00a0 performance magnifiques! Allez \u00e0 Sintra, Cascais, Costa de Caparica ou tout autre endroit que vous souhaitez visiter ou d\u00e9couvrir pilotant l&rsquo;un des scooters de location ce sera inoubliable!<\/p>\n<p style=\"text-align: justify;\">Seul ou ensemble, le choix est le v\u00f4tre! Il suffit de venir \u00e0 RentRiders.Pt, louer un scooter et partir!<\/p>\n<p style=\"text-align: justify;\">Pilotant un de nos scooters vous profiterez de ce don de la nature que seulement Lisbonne peut vous offrir! \u201cLis\u201d est \u201cbonne\u201d\u2026 pilotant un de nos scooters ou motos! Visitez Lisbonne \u00e0 votre aise sans se soucier avec les temps, les transport et les embouteillages interminables.<\/p>\n<p style=\"text-align: justify;\">Nos scooters sont champions des bas consomations!<\/p>\n<p style=\"text-align: justify;\">Avec quelques euros vous irez o\u00fa vous voudrez. Restez \u00ab\u00a0loin\u00a0\u00bb des stations de service et\u00a0 profiter pleinement du plaisir de louer et conduire l&rsquo;un de nos scooters!<\/p>\n<h5 style=\"text-align: center;\">Nos scooters Sym sont rapides, confortables et fiables. Comptez sur eux pour une visite diff\u00e9rente!<\/h5>\n<p>Louer un scooter et d\u00e9couvrir la meilleure cuisine portugaise! Si vous aimez le poisson faites un tour \u00e0 Sesimbra profitez d&rsquo;un bon d\u00e9jeuner avec ce que la mer nous offre de mieux!<\/p>\n<p>Tout cela sans vous ennuyer avec les\u00a0 embouteillages\u00a0 et le parkings. Louer un scooter neuf HONDA SH\u00a0 Mode 125 TOP CASE or a HONDA SH 125i CC ABS TOP CASE et inclut \u201cBoca do Inferno\u201d, pr\u00e8s de Cascais, profitant les bonnes palourdes portugaises avec la mer bleue comme scenario.<\/p>\n<p style=\"text-align: justify;\">Louer un scooter ou une moto chez Rent Riders &#8211; Location de Scooters\u00a0Lisbonne &#8211;\u00a0de cat\u00e9gorie C \/ C1, moteur 125CC, sera plus facile\u00a0 aller plus oin,\u00a0 visiter Cascais, Sintra, Costa de Caparica, Sesimbra et beaucoup d&rsquo;autres endroits baign\u00e9s par l&rsquo;Oc\u00e9an Atlantique, avec un plus grand confort.<\/p>\n<h6 style=\"text-align: center;\"><strong>Louer un scooter HONDA SH Mode 125 TOP CASE\u00a0 (CAT. C) ou HONDA SH 125i ABS TOP CASE (CAT. C1) avec nous et d\u00e9couvre Lisbonne et Portugal! \u00catre un Rider!<\/strong><\/h6>\n<p><\/p>","protected":false},"excerpt":{"rendered":"<p>Location Scooter 125CC &#8211; Cat\u00e9gorie C\/C1. Un scooter est le meilleur choix pour conna\u00eetre Lisbonne et ses environs. Louez un scooter @ Rent Riders et soyez libre!<\/p>\n","protected":false},"author":1,"featured_media":6937,"parent":77,"menu_order":30,"comment_status":"closed","ping_status":"closed","template":"","meta":{"iawp_total_views":731,"footnotes":""},"class_list":["post-324","page","type-page","status-publish","has-post-thumbnail","czr-hentry"],"_links":{"self":[{"href":"https:\/\/www.rentriders.pt\/fr\/wp-json\/wp\/v2\/pages\/324","targetHints":{"allow":["GET"]}}],"collection":[{"href":"https:\/\/www.rentriders.pt\/fr\/wp-json\/wp\/v2\/pages"}],"about":[{"href":"https:\/\/www.rentriders.pt\/fr\/wp-json\/wp\/v2\/types\/page"}],"author":[{"embeddable":true,"href":"https:\/\/www.rentriders.pt\/fr\/wp-json\/wp\/v2\/users\/1"}],"replies":[{"embeddable":true,"href":"https:\/\/www.rentriders.pt\/fr\/wp-json\/wp\/v2\/comments?post=324"}],"version-history":[{"count":19,"href":"https:\/\/www.rentriders.pt\/fr\/wp-json\/wp\/v2\/pages\/324\/revisions"}],"predecessor-version":[{"id":16869,"href":"https:\/\/www.rentriders.pt\/fr\/wp-json\/wp\/v2\/pages\/324\/revisions\/16869"}],"up":[{"embeddable":true,"href":"https:\/\/www.rentriders.pt\/fr\/wp-json\/wp\/v2\/pages\/77"}],"wp:featuredmedia":[{"embeddable":true,"href":"https:\/\/www.rentriders.pt\/fr\/wp-json\/wp\/v2\/media\/6937"}],"wp:attachment":[{"href":"https:\/\/www.rentriders.pt\/fr\/wp-json\/wp\/v2\/media?parent=324"}],"curies":[{"name":"wp","href":"https:\/\/api.w.org\/{rel}","templated":true}]}}