{"id":1942,"date":"2016-06-09T13:34:37","date_gmt":"2016-06-09T13:34:37","guid":{"rendered":"http:\/\/www.rentriders.pt\/?page_id=1942"},"modified":"2024-02-16T16:27:25","modified_gmt":"2024-02-16T16:27:25","slug":"galeria","status":"publish","type":"page","link":"https:\/\/www.rentriders.pt\/fr\/galerie\/","title":{"rendered":"Galerie"},"content":{"rendered":"<p><a href=\"https:\/\/www.youtube.com\/watch?v=oxg-XBoSK6o\"><img loading=\"lazy\" decoding=\"async\" class=\"wp-image-15238\" src=\"https:\/\/www.rentriders.pt\/wp-content\/uploads\/2024\/02\/Rentriders-Motorbike-Tour-2024.jpg\" alt=\"Rentriders Motorbike Tour 2024\" width=\"642\" height=\"361\" \/><\/a><\/p>\n<div style=\"width: 640px;\" class=\"wp-video\"><video class=\"wp-video-shortcode\" id=\"video-1942-7\" width=\"640\" height=\"640\" loop autoplay preload=\"metadata\" controls=\"controls\"><source type=\"video\/mp4\" src=\"https:\/\/www.rentriders.pt\/wp-content\/uploads\/2017\/06\/19171096_322929834815351_59644945278959616_n-1.mp4?_=7\" \/><a href=\"https:\/\/www.rentriders.pt\/wp-content\/uploads\/2017\/06\/19171096_322929834815351_59644945278959616_n-1.mp4\">https:\/\/www.rentriders.pt\/wp-content\/uploads\/2017\/06\/19171096_322929834815351_59644945278959616_n-1.mp4<\/a><\/video><\/div>\n<p>&nbsp;<\/p>\n<div style=\"width: 640px;\" class=\"wp-video\"><video class=\"wp-video-shortcode\" id=\"video-1942-8\" width=\"640\" height=\"360\" loop autoplay preload=\"metadata\" controls=\"controls\"><source type=\"video\/mp4\" src=\"https:\/\/www.rentriders.pt\/wp-content\/uploads\/2017\/07\/Rentriders_Sintra_Customer_Vdieo.mp4?_=8\" \/><a href=\"https:\/\/www.rentriders.pt\/wp-content\/uploads\/2017\/07\/Rentriders_Sintra_Customer_Vdieo.mp4\">https:\/\/www.rentriders.pt\/wp-content\/uploads\/2017\/07\/Rentriders_Sintra_Customer_Vdieo.mp4<\/a><\/video><\/div>\n<h2>D\u00e9couvrez Lisbonne et ses environs avec Rent Riders &#8211; Location\u00a0 de Scooters et bicyclettes \u00e0 Lisbonne!<\/h2>\n<p>Louer un Scooter ou une\u00a0V\u00e9lo avec Rent Riders c\u00b4est la meilleure fa\u00e7on de visiter et de conna\u00eetre le Portugal, en particulier Lisbonne et ses environs. Aller \u00e0 Sintra, Cascais, Costa de Caparica ou tout autre endroit que vous souhaitez. Visiter ou d\u00e9couvrir Lisbonne aux commandes de l\u2019un des scooters de location, sera inoubliable.<\/p>\n<h3>La location de scooter, moto, v\u00e9lo ou v\u00e9lo \u00e9lectrique \u00e0 Lisbonne c&rsquo;est @RentRiders\u00ae ! D\u00e9couvrez notre ville en toute libert\u00e9. R\u00e9servez maintenant en ligne!<\/h3>\n<p>Avec notre scooters est facile de trouver de belles plages pr\u00e8s de Lisbonne! Vous pourrez vous rafra\u00eechir dans les eaux de l\u2019Atlantique! Lisbonne et la plage se combinent parfaitement! Seul ou ensemble, le choix est le v\u00f4tre! Il suffit de venir \u00e0 Rent Riders , louer un scooter et partir! En louant un de nos scooters vous partirez les cheveux au vent, sans se preocuper avec les embouteillages, ni avec les parkings. Vous d\u00e9couvrirez Lisbonne avec totale libert\u00e9! Avec un de nos scooters de location vous conna\u00eetrez plus d\u00b4endroits plus rapidement. Louer un scooter ou une moto c\u00b4est une exp\u00e9rience extraordinnaire. Vous allez pas regreter et vous deviendrez notre client!<\/p>\n<h4><strong><a href=\"https:\/\/www.rentriders.pt\/fr\/reservations\/\">Reservez ici!<\/a><\/strong><\/h4>\n<p><\/p>","protected":false},"excerpt":{"rendered":"<p>Location de scooter, moto, v\u00e9lo ou v\u00e9lo \u00e9lectrique \u00e0 Lisbonne c&rsquo;est @RentRiders\u00ae . D\u00e9couvrez Lisbonne et les alentours avec nous !<\/p>\n","protected":false},"author":2,"featured_media":2013,"parent":0,"menu_order":20000,"comment_status":"closed","ping_status":"closed","template":"","meta":{"iawp_total_views":112,"footnotes":""},"class_list":["post-1942","page","type-page","status-publish","has-post-thumbnail","czr-hentry"],"_links":{"self":[{"href":"https:\/\/www.rentriders.pt\/fr\/wp-json\/wp\/v2\/pages\/1942","targetHints":{"allow":["GET"]}}],"collection":[{"href":"https:\/\/www.rentriders.pt\/fr\/wp-json\/wp\/v2\/pages"}],"about":[{"href":"https:\/\/www.rentriders.pt\/fr\/wp-json\/wp\/v2\/types\/page"}],"author":[{"embeddable":true,"href":"https:\/\/www.rentriders.pt\/fr\/wp-json\/wp\/v2\/users\/2"}],"replies":[{"embeddable":true,"href":"https:\/\/www.rentriders.pt\/fr\/wp-json\/wp\/v2\/comments?post=1942"}],"version-history":[{"count":9,"href":"https:\/\/www.rentriders.pt\/fr\/wp-json\/wp\/v2\/pages\/1942\/revisions"}],"predecessor-version":[{"id":15242,"href":"https:\/\/www.rentriders.pt\/fr\/wp-json\/wp\/v2\/pages\/1942\/revisions\/15242"}],"wp:featuredmedia":[{"embeddable":true,"href":"https:\/\/www.rentriders.pt\/fr\/wp-json\/wp\/v2\/media\/2013"}],"wp:attachment":[{"href":"https:\/\/www.rentriders.pt\/fr\/wp-json\/wp\/v2\/media?parent=1942"}],"curies":[{"name":"wp","href":"https:\/\/api.w.org\/{rel}","templated":true}]}}