{"id":13700,"date":"2023-02-01T12:56:55","date_gmt":"2023-02-01T12:56:55","guid":{"rendered":"https:\/\/www.rentriders.pt\/?post_type=product&#038;p=13700"},"modified":"2026-04-08T09:39:36","modified_gmt":"2026-04-08T09:39:36","slug":"honda-adv-350cc","status":"publish","type":"product","link":"https:\/\/www.rentriders.pt\/es\/produto\/honda-adv-350cc\/","title":{"rendered":"HONDA &#8211; ADV 350"},"content":{"rendered":"<p><\/p>\n<h2>Maxiscooter &#8211; HONDA ADV 350 \u2013 Categoria de Alquiler D2<\/h2>\n<table style=\"width: 42.;\">\n<tbody>\n<tr style=\"height: 24px;\">\n<td style=\"height: 24px; width: 98.8304%;\" colspan=\"2\"><strong>Motor<\/strong><\/td>\n<\/tr>\n<tr style=\"height: 24px;\">\n<td style=\"height: 24px; width: 42.1053%;\">Tipo<\/td>\n<td style=\"height: 24px; width: 56.7251%;\">Monocilindrico 4 tiempos<\/td>\n<\/tr>\n<tr style=\"height: 24px;\">\n<td style=\"height: 24px; width: 42.1053%;\">Desplazamiento<\/td>\n<td style=\"height: 24px; width: 56.7251%;\">330 cc<\/td>\n<\/tr>\n<tr style=\"height: 24px;\">\n<td style=\"height: 24px; width: 42.1053%;\">Potencia<\/td>\n<td style=\"height: 24px; width: 56.7251%;\">21,5 kw (28.8 CV) \u2013 7.500 rpm<\/td>\n<\/tr>\n<tr style=\"height: 24px;\">\n<td style=\"height: 24px; width: 42.1053%;\">Sistema de refrigeraci\u00f3n<\/td>\n<td style=\"height: 24px; width: 56.7251%;\">Agua<\/td>\n<\/tr>\n<tr style=\"height: 24px;\">\n<td style=\"height: 24px; width: 42.1053%;\">Sistema de alimentaci\u00f3n<\/td>\n<td style=\"height: 24px; width: 56.7251%;\">Electr\u00f3nico CDI<\/td>\n<\/tr>\n<tr style=\"height: 24px;\">\n<td style=\"height: 24px; width: 42.1053%;\">Transmisi\u00f3n<\/td>\n<td style=\"height: 24px; width: 56.7251%;\">Variador<\/td>\n<\/tr>\n<tr style=\"height: 24px;\">\n<td style=\"height: 24px; width: 42.1053%;\">Ratificaci\u00f3n<\/td>\n<td style=\"height: 24px; width: 56.7251%;\">Euro 4<\/td>\n<\/tr>\n<tr style=\"height: 24px;\">\n<td style=\"height: 24px; width: 98.8304%;\" colspan=\"2\"><strong>Chassis<\/strong><\/td>\n<\/tr>\n<tr style=\"height: 24px;\">\n<td style=\"height: 24px; width: 42.1053%;\">Longitud (mm)<\/td>\n<td style=\"height: 24px; width: 56.7251%;\">2.200mm<\/td>\n<\/tr>\n<tr style=\"height: 24px;\">\n<td style=\"height: 24px; width: 42.1053%;\">Ancho (mm)<\/td>\n<td style=\"height: 24px; width: 56.7251%;\">895mm<\/td>\n<\/tr>\n<tr style=\"height: 27px;\">\n<td style=\"height: 27px; width: 42.1053%;\">Altura (mm)<\/td>\n<td style=\"height: 27px; width: 56.7251%;\">1.295mm<\/td>\n<\/tr>\n<tr style=\"height: 24px;\">\n<td style=\"height: 24px; width: 42.1053%;\">Distancia entre ejes (mm)<\/td>\n<td style=\"height: 24px; width: 56.7251%;\">1.520mm<\/td>\n<\/tr>\n<tr style=\"height: 24px;\">\n<td style=\"height: 24px; width: 42.1053%;\">Peso en seco (kg)<\/td>\n<td style=\"height: 24px; width: 56.7251%;\">186<\/td>\n<\/tr>\n<tr style=\"height: 24px;\">\n<td style=\"height: 24px; width: 42.1053%;\">Dep\u00f3sito de combustible (L)<\/td>\n<td style=\"height: 24px; width: 56.7251%;\">11.7<\/td>\n<\/tr>\n<tr style=\"height: 24px;\">\n<td style=\"height: 24px; width: 42.1053%;\">Suspensi\u00f3n delantera<\/td>\n<td style=\"height: 24px; width: 56.7251%;\">Tenedor telesc\u00f3pica hidr\u00e1ulica<\/td>\n<\/tr>\n<tr style=\"height: 24px;\">\n<td style=\"height: 24px; width: 42.1053%;\">Suspensi\u00f3n trasera<\/td>\n<td style=\"height: 24px; width: 56.7251%;\">Brazo oscilante con 2 amortiguadores<\/td>\n<\/tr>\n<tr style=\"height: 24px;\">\n<td style=\"height: 24px; width: 42.1053%;\">Freno delantero<\/td>\n<td style=\"height: 24px; width: 56.7251%;\">Disc 256 mm \u2013 ABS<\/td>\n<\/tr>\n<tr style=\"height: 24px;\">\n<td style=\"height: 24px; width: 42.1053%;\">Freno trasero<\/td>\n<td style=\"height: 24px; width: 56.7251%;\">Disc 240 mm \u2013 ABS<\/td>\n<\/tr>\n<tr style=\"height: 24px;\">\n<td style=\"height: 24px; width: 42.1053%;\">Neum\u00e1tico delantero<\/td>\n<td style=\"height: 24px; width: 56.7251%;\">120\/70-15MC 56P<\/td>\n<\/tr>\n<tr style=\"height: 24px;\">\n<td style=\"height: 24px; width: 42.1053%;\">Neum\u00e1tico trasero<\/td>\n<td style=\"height: 24px; width: 56.7251%;\">140\/70-14MC 62P<\/td>\n<\/tr>\n<\/tbody>\n<\/table>\n<h3 style=\"text-align: justify;\">Un viaje a Cascais, Sintra, Costa da Caparica, Sesimbra o cualquier otro lugar que quiera visitar montando nuestra Maxiscooter ser\u00e1 una experiencia inolvidable.<\/h3>\n<h3 style=\"text-align: justify;\">Esta es una motocicleta muy c\u00f3moda para dos personas. Por su cuenta o con un pasajero, es su decisi\u00f3n. Venga a Rent Riders, alquilar una Maxiscooter y tener un viaje c\u00f3modo!<\/h3>\n<h3 style=\"text-align: justify;\">Al alquilar una de nuestras Maxiscooters y sentir\u00e1s el viento, no el tr\u00e1fico, no el duro estacionamiento, y sobre todo, la total libertad mientras viajas por Lisboa y alrededores. Con nuestros alquileres, podremos visitar m\u00e1s por menos, m\u00e1s lugares en menos tiempo. Alquile esta Maxiscooters y lo sentir\u00e1. Sin duda volver\u00e1 por m\u00e1s, garantizado!<\/h3>\n<h3 style=\"text-align: justify;\">En Rent Riders es f\u00e1cil alquilar una Maxicooter. Es el punto de partida para el descubrimiento de nuestra ciudad y sus alrededores. Lisboa tiene la luz m\u00e1s hermosa del mundo, sobre las ruedas de nuestra motocicleta usted podr\u00e1 apreciar \u00e9ste del regalo de la naturaleza del tipo. \u00abLis \u00e9 Boa\u00bb al alquilar y montar una de nuestras motos.<\/h3>\n<h3 style=\"text-align: justify;\">Visite toda Lisboa sin preocuparse por las tablas de tiempo de transporte y las colas interminables. Nuestras Maxi Scooters pueden ir donde otros no pueden. Nuestras Maxiscooters HONDA ADV 350CC son poderosas, f\u00e1ciles de manejar, c\u00f3modos y elegantes. Contar con ella para una experiencia \u00fanica.<\/h3>\n<h3 style=\"text-align: justify;\">No dependa de los transportes ni de otras personas. Al alquilar uno de nuestras Maxiscooters HONDA ADV 350CC, usted se sentir\u00e1 libre de ir donde quiera cuando quiera.<\/h3>\n<h4 style=\"text-align: justify;\">Alquilar un Maxiscooter HONDA ADV 350CC y tendr\u00e1 la aventura de la vida en dos ruedas.<\/h4>\n<p><\/p>","protected":false},"excerpt":{"rendered":"<p>\u00a1 Alquile un Maxiscooter Honda ADV 350i en RentRiders y divi\u00e9rtase en Lisboa y sus alrededores sobre dos ruedas ! \ud83d\ude42<\/p>\n<p><em>Nota: Es necesario tener Licencia de Conducir de Motocicleta categor\u00eda A o A2.<\/em><\/p>\n","protected":false},"featured_media":14646,"template":"","meta":{"iawp_total_views":1032},"product_brand":[],"product_cat":[41],"product_tag":[],"class_list":{"0":"post-13700","1":"product","2":"type-product","3":"status-publish","4":"has-post-thumbnail","6":"product_cat-aluguer-de-maxiscooters-300cc-cat-d","8":"first","9":"instock","10":"sale","11":"taxable","12":"shipping-taxable","13":"purchasable","14":"product-type-simple","15":"czr-hentry"},"_links":{"self":[{"href":"https:\/\/www.rentriders.pt\/es\/wp-json\/wp\/v2\/product\/13700","targetHints":{"allow":["GET"]}}],"collection":[{"href":"https:\/\/www.rentriders.pt\/es\/wp-json\/wp\/v2\/product"}],"about":[{"href":"https:\/\/www.rentriders.pt\/es\/wp-json\/wp\/v2\/types\/product"}],"wp:featuredmedia":[{"embeddable":true,"href":"https:\/\/www.rentriders.pt\/es\/wp-json\/wp\/v2\/media\/14646"}],"wp:attachment":[{"href":"https:\/\/www.rentriders.pt\/es\/wp-json\/wp\/v2\/media?parent=13700"}],"wp:term":[{"taxonomy":"product_brand","embeddable":true,"href":"https:\/\/www.rentriders.pt\/es\/wp-json\/wp\/v2\/product_brand?post=13700"},{"taxonomy":"product_cat","embeddable":true,"href":"https:\/\/www.rentriders.pt\/es\/wp-json\/wp\/v2\/product_cat?post=13700"},{"taxonomy":"product_tag","embeddable":true,"href":"https:\/\/www.rentriders.pt\/es\/wp-json\/wp\/v2\/product_tag?post=13700"}],"curies":[{"name":"wp","href":"https:\/\/api.w.org\/{rel}","templated":true}]}}