{"id":11621,"date":"2020-08-10T18:01:26","date_gmt":"2020-08-10T18:01:26","guid":{"rendered":"https:\/\/www.rentriders.pt\/?post_type=product&#038;p=11621"},"modified":"2025-07-19T01:08:51","modified_gmt":"2025-07-19T01:08:51","slug":"yamaha-tracer-900-gt","status":"publish","type":"product","link":"https:\/\/www.rentriders.pt\/es\/produto\/yamaha-tracer-900-gt\/","title":{"rendered":"YAMAHA &#8211; TRACER 900 GT"},"content":{"rendered":"<p><\/p>\n<h2>MOTO MODELO\u2013 YAMAHA TRACER 900GT ABS \u2013 Categoria de Alquiler G<\/h2>\n<table style=\"width: 50.365%; height: 552px;\">\n<tbody>\n<tr style=\"height: 24px;\">\n<td style=\"height: 24px;\" colspan=\"2\">\n<h3><strong>Motor<\/strong><\/h3>\n<\/td>\n<\/tr>\n<tr style=\"height: 24px;\">\n<td style=\"height: 24px;\">Type<\/td>\n<td style=\"height: 24px;\">Parallel-tricilindric 4 stroke<\/td>\n<\/tr>\n<tr style=\"height: 24px;\">\n<td style=\"height: 24px;\">Displacement<\/td>\n<td style=\"height: 24px;\">847cc<\/td>\n<\/tr>\n<tr style=\"height: 24px;\">\n<td style=\"height: 24px;\">Power<\/td>\n<td style=\"height: 24px;\">84.6kW (115 hp) @ 10.000rpm<\/td>\n<\/tr>\n<tr style=\"height: 24px;\">\n<td style=\"height: 24px;\">Cooling System<\/td>\n<td style=\"height: 24px;\">Liquid-cooled<\/td>\n<\/tr>\n<tr style=\"height: 24px;\">\n<td style=\"height: 24px;\">Power supply<\/td>\n<td style=\"height: 24px;\">Electronic injection\u00a0CDI<\/td>\n<\/tr>\n<tr style=\"height: 24px;\">\n<td style=\"height: 24px;\">Transmission<\/td>\n<td style=\"height: 24px;\">Chain<\/td>\n<\/tr>\n<tr style=\"height: 24px;\">\n<td style=\"height: 24px;\">Homologation<\/td>\n<td style=\"height: 24px;\">Euro 5<\/td>\n<\/tr>\n<tr style=\"height: 24px;\">\n<td style=\"height: 24px;\" colspan=\"2\"><strong>Chassis<\/strong><\/td>\n<\/tr>\n<tr style=\"height: 24px;\">\n<td style=\"height: 24px;\">Length (mm)<\/td>\n<td style=\"height: 24px;\">2.160<\/td>\n<\/tr>\n<tr style=\"height: 24px;\">\n<td style=\"height: 24px;\">Width (mm)<\/td>\n<td style=\"height: 24px;\">850<\/td>\n<\/tr>\n<tr style=\"height: 24px;\">\n<td style=\"height: 24px;\">Height SEAT (mm)<\/td>\n<td style=\"height: 24px;\">850 TO 865<\/td>\n<\/tr>\n<tr style=\"height: 24px;\">\n<td style=\"height: 24px;\">Wheelbase (mm)<\/td>\n<td style=\"height: 24px;\">1500<\/td>\n<\/tr>\n<tr style=\"height: 24px;\">\n<td style=\"height: 24px;\">Dry weight (kg)<\/td>\n<td style=\"height: 24px;\">215<\/td>\n<\/tr>\n<tr style=\"height: 24px;\">\n<td style=\"height: 24px;\">Fuel tank (L)<\/td>\n<td style=\"height: 24px;\">18 Lts<\/td>\n<\/tr>\n<tr style=\"height: 48px;\">\n<td style=\"height: 48px;\">Front suspension<\/td>\n<td style=\"height: 48px;\">Conventional Telescopic, pre-load adjustable<\/td>\n<\/tr>\n<tr style=\"height: 48px;\">\n<td style=\"height: 48px;\">Rear suspension<\/td>\n<td style=\"height: 48px;\">Prolink\u00a0mono with 9 stage Preload adjuster, steel square pipe\u00a0swingarm<\/td>\n<\/tr>\n<tr style=\"height: 24px;\">\n<td style=\"height: 24px;\">Front Break<\/td>\n<td style=\"height: 24px;\">Double disc \u00d8298 mm \u2013 ABS<\/td>\n<\/tr>\n<tr style=\"height: 24px;\">\n<td style=\"height: 24px;\">Rear Break<\/td>\n<td style=\"height: 24px;\">Single Wavy Disk \u00d8245 mm \u2013 ABS<\/td>\n<\/tr>\n<tr style=\"height: 24px;\">\n<td style=\"height: 24px;\">Front wheel size<\/td>\n<td style=\"height: 24px;\">120\/70ZR17M\/C (58W)<\/td>\n<\/tr>\n<tr style=\"height: 24px;\">\n<td style=\"height: 24px;\">Rear wheel size<\/td>\n<td style=\"height: 24px;\">180\/55ZR17M\/C (73W)<\/td>\n<\/tr>\n<\/tbody>\n<\/table>\n<h4 style=\"text-align: justify;\">Un viaje a Cascais, Sintra, Costa da Caparica, Sesimbra o cualquier otro lugar que quiera visitar montando nuestras Motos ser\u00e1 una experiencia inolvidable.<\/h4>\n<p style=\"text-align: justify;\">Esta es una motocicleta muy c\u00f3moda para dos personas. Por su cuenta o con un pasajero, es su decisi\u00f3n. Venga a Rent Riders, alquilar una Moto y tener un viaje c\u00f3modo.<\/p>\n<p style=\"text-align: justify;\">Al alquilar una de nuestras Motos y sentir\u00e1s el viento, no el tr\u00e1fico, no el duro estacionamiento, y sobre todo, la total libertad mientras viajas por Lisboa y alrededores. Con nuestros alquileres, podremos visitar m\u00e1s por menos, m\u00e1s lugares en menos tiempo. Alquile esta Motyo y lo sentir\u00e1. Sin duda volver\u00e1 por m\u00e1s, garantizado!<\/p>\n<p style=\"text-align: justify;\">En Rent Riders es f\u00e1cil alquilar una Moto. Es el punto de partida para el descubrimiento de nuestra ciudad y sus alrededores. Lisboa tiene la luz m\u00e1s hermosa del mundo, sobre las ruedas de nuestra motocicleta usted podr\u00e1 apreciar \u00e9ste del regalo de la naturaleza del tipo. \u00abLis \u00e9 Boa\u00bb al alquilar y montar una de nuestras motos.<\/p>\n<p style=\"text-align: justify;\">Visite toda Lisboa sin preocuparse por las tablas de tiempo de transporte y las colas interminables. Nuestras Motos pueden ir donde otros no pueden. Nuestras Yamaha Tracer 900 GT ABS son poderosas, f\u00e1ciles de manejar, c\u00f3modos y elegantes. Contar con ella para una experiencia \u00fanica.<\/p>\n<p style=\"text-align: justify;\">No dependa de los transportes ni de otras personas, al alquilar uno de nuestras Motos, usted se sentir\u00e1 libre de ir donde quiera cuando quiera.<\/p>\n<h5 style=\"text-align: justify;\">Alquilar una Moto Yamaha Tracer 900 GT ABS y tendr\u00e1 la aventura de la vida en dos ruedas.<\/h5>\n<p><\/p>","protected":false},"excerpt":{"rendered":"<p>\u00a1 Alquile un Moto Yamaha Tracer 900 GT en RentRiders y divi\u00e9rtase en Lisboa y sus alrededores ! \ud83d\ude42<\/p>\n<p><em>Nota: Es necesario tener Licencia de Conducir de Motocicleta categor\u00eda A.<\/em><\/p>\n","protected":false},"featured_media":14668,"template":"","meta":{"iawp_total_views":564},"product_brand":[],"product_cat":[51],"product_tag":[],"class_list":{"0":"post-11621","1":"product","2":"type-product","3":"status-publish","4":"has-post-thumbnail","6":"product_cat-aluguer-de-motos-900cc-cat-g","8":"first","9":"instock","10":"taxable","11":"shipping-taxable","12":"purchasable","13":"product-type-simple","14":"czr-hentry"},"_links":{"self":[{"href":"https:\/\/www.rentriders.pt\/es\/wp-json\/wp\/v2\/product\/11621","targetHints":{"allow":["GET"]}}],"collection":[{"href":"https:\/\/www.rentriders.pt\/es\/wp-json\/wp\/v2\/product"}],"about":[{"href":"https:\/\/www.rentriders.pt\/es\/wp-json\/wp\/v2\/types\/product"}],"wp:featuredmedia":[{"embeddable":true,"href":"https:\/\/www.rentriders.pt\/es\/wp-json\/wp\/v2\/media\/14668"}],"wp:attachment":[{"href":"https:\/\/www.rentriders.pt\/es\/wp-json\/wp\/v2\/media?parent=11621"}],"wp:term":[{"taxonomy":"product_brand","embeddable":true,"href":"https:\/\/www.rentriders.pt\/es\/wp-json\/wp\/v2\/product_brand?post=11621"},{"taxonomy":"product_cat","embeddable":true,"href":"https:\/\/www.rentriders.pt\/es\/wp-json\/wp\/v2\/product_cat?post=11621"},{"taxonomy":"product_tag","embeddable":true,"href":"https:\/\/www.rentriders.pt\/es\/wp-json\/wp\/v2\/product_tag?post=11621"}],"curies":[{"name":"wp","href":"https:\/\/api.w.org\/{rel}","templated":true}]}}