{"id":11422,"date":"2020-07-07T17:32:33","date_gmt":"2020-07-07T17:32:33","guid":{"rendered":"https:\/\/www.rentriders.pt\/?post_type=product&#038;p=11422"},"modified":"2026-04-14T18:09:32","modified_gmt":"2026-04-14T18:09:32","slug":"scott-e-sub-active","status":"publish","type":"product","link":"https:\/\/www.rentriders.pt\/es\/produto\/scott-e-sub-active\/","title":{"rendered":"SCOTT &#8211; SUB E-ACTIVE"},"content":{"rendered":"<p><\/p>\n<h2 style=\"text-align: center;\"><strong>Alquila una bicicleta electrica topo de gama para visitar Lisboa \u2013 Cat. BE<\/strong><\/h2>\n<h3><strong>Las principales caracter\u00edsticas de la Bicicleta Electrica Scott Sub e-Active incluyen:<\/strong><\/h3>\n<p>DISTANCIA hasta 140km in Eco Mode (Eco, Turbo, Sport, Tour, Off modos disponibles)<br \/>\nSUBCHASIS E-SUB 6061 Alloy<br \/>\nHORQUILLA Suntour NEX-E25 DS QR<br \/>\nE.DRIVE SYSTEM Bosch Active 250w System w\/ 400wh battery pack \/ Purion display \/ 2A Charger<br \/>\nHEADSET GW semi integrated<br \/>\nDESVIADOR TRASERO Shimano Acera T3000 9 Speed<br \/>\nMANDOS Shimano Acera T3000<br \/>\nPALANCAS DE FRENO Shimano BR-M315 Disc<br \/>\nFRENO Shimano BR-M315 Disc<br \/>\nPLATOS Miranda Classic 0<br \/>\nMANILLAR Syncros UC1.5 640mm \/ 10\u00b0 bend<br \/>\nH\u2019STEM Syncros UC3.0 adjustable<br \/>\nPEDALES VP 615<br \/>\nTIJA DE SILLIN Syncros UC3.0 \/ 31.6mm<br \/>\nSILLIN Syncros Urban Commuter 2.5<br \/>\nHUB (DELANTERO) Shimano HB-TX50 CL<br \/>\nHUB (TRASERO) Shimano FH-TX50 CL<br \/>\nCADENA KMC X9<br \/>\nCASSETTE Shimano CS-HG200 11-34 T<br \/>\nRAYOS Sapim double butted<br \/>\nBORDE Rodi<br \/>\nNEUMATICO Schwalbe Energizer Plus 700x50c<br \/>\nLUCES delantera \/ trasera Axa Blue Line<br \/>\nPI\u00d1ON Y DEFENSAS Racktime w\/ abrazadera de resorte chin chern defensas,<br \/>\nPATA Syncros<br \/>\nEXTRAS Abus Pro Tectic Frame \/ Bloquear bateria<br \/>\nAPPROX PESOS 24.90 Kg<\/p>\n<p>El modelo de bicicleta electrica Scott E-Sub Active , disponible con marco adaptado a los hombres o a las mujeres, una bici de alta gama que le proporcionar\u00e1 una mayor comodidad en visitar Lisboa. \u00a0Pedalear hasta el r\u00edo detr\u00e1s del volante de esta bicicleta ser\u00e1 una experiencia inolvidable. \u00a1 Alquila una e-bici con Rent Riders y sea libre en Lisboa !<\/p>\n<h4>\u00a1 Una excelente compa\u00f1era electrica por sus descubrimientos en Lisboa !<\/h4>\n<p><\/p>","protected":false},"excerpt":{"rendered":"<p>\u00a1Alquile una bicicleta electrica Scott Sub e-Active en Rent Riders y emprenda una aventura en Lisboa sobre dos ruedas!<\/p>\n","protected":false},"featured_media":14739,"template":"","meta":{"iawp_total_views":756},"product_brand":[],"product_cat":[50],"product_tag":[],"class_list":{"0":"post-11422","1":"product","2":"type-product","3":"status-publish","4":"has-post-thumbnail","6":"product_cat-aluguer-de-bicicletas-electricas-cat-be","8":"first","9":"instock","10":"taxable","11":"shipping-taxable","12":"purchasable","13":"product-type-variable","14":"czr-hentry"},"_links":{"self":[{"href":"https:\/\/www.rentriders.pt\/es\/wp-json\/wp\/v2\/product\/11422","targetHints":{"allow":["GET"]}}],"collection":[{"href":"https:\/\/www.rentriders.pt\/es\/wp-json\/wp\/v2\/product"}],"about":[{"href":"https:\/\/www.rentriders.pt\/es\/wp-json\/wp\/v2\/types\/product"}],"wp:featuredmedia":[{"embeddable":true,"href":"https:\/\/www.rentriders.pt\/es\/wp-json\/wp\/v2\/media\/14739"}],"wp:attachment":[{"href":"https:\/\/www.rentriders.pt\/es\/wp-json\/wp\/v2\/media?parent=11422"}],"wp:term":[{"taxonomy":"product_brand","embeddable":true,"href":"https:\/\/www.rentriders.pt\/es\/wp-json\/wp\/v2\/product_brand?post=11422"},{"taxonomy":"product_cat","embeddable":true,"href":"https:\/\/www.rentriders.pt\/es\/wp-json\/wp\/v2\/product_cat?post=11422"},{"taxonomy":"product_tag","embeddable":true,"href":"https:\/\/www.rentriders.pt\/es\/wp-json\/wp\/v2\/product_tag?post=11422"}],"curies":[{"name":"wp","href":"https:\/\/api.w.org\/{rel}","templated":true}]}}