{"id":10985,"date":"2020-07-02T22:21:01","date_gmt":"2020-07-02T22:21:01","guid":{"rendered":"https:\/\/www.rentriders.pt\/?post_type=product&#038;p=10985"},"modified":"2026-03-22T04:09:05","modified_gmt":"2026-03-22T04:09:05","slug":"honda-cb500x-500cc","status":"publish","type":"product","link":"https:\/\/www.rentriders.pt\/es\/produto\/honda-cb500x-500cc\/","title":{"rendered":"HONDA &#8211; CB 500X"},"content":{"rendered":"<p><\/p>\n<h2>MOTO \u2013 HONDA CB500X ABS \u2013 Categor\u00eda de Alquiler E<\/h2>\n<table>\n<tbody>\n<tr>\n<td colspan=\"2\"><strong>Motor<\/strong><\/td>\n<\/tr>\n<tr>\n<td>Tipo<\/td>\n<td>4 tiempos, bicil\u00edndrico paralelo, DOHC, 8 v\u00e1lvulas<\/td>\n<\/tr>\n<tr>\n<td>Desplazamiento<\/td>\n<td>471 cc<\/td>\n<\/tr>\n<tr>\n<td>Potencia<\/td>\n<td>35 kW (48 cv) @ 8500 rpm (95\/1\/EC)<\/td>\n<\/tr>\n<tr>\n<td>Sistema de refrigeraci\u00f3n<\/td>\n<td>Enfriado por l\u00edquido<\/td>\n<\/tr>\n<tr>\n<td>Sistema de alimentaci\u00f3n<\/td>\n<td>Sistema de inyecci\u00f3n programada de gasolina (PGM-FI)<\/td>\n<\/tr>\n<tr>\n<td>Transmisi\u00f3n<\/td>\n<td>Cadena<\/td>\n<\/tr>\n<tr>\n<td>Ratificaci\u00f3n<\/td>\n<td>Euro 4<\/td>\n<\/tr>\n<tr>\n<td colspan=\"2\"><strong>Chassis<\/strong><\/td>\n<\/tr>\n<tr>\n<td>Longitud (mm)<\/td>\n<td>2155<\/td>\n<\/tr>\n<tr>\n<td>Ancho (mm)<\/td>\n<td>830<\/td>\n<\/tr>\n<tr>\n<td>Altura (mm)<\/td>\n<td>1410<\/td>\n<\/tr>\n<tr>\n<td>Distancia entre ejes (mm)<\/td>\n<td>1445<\/td>\n<\/tr>\n<tr>\n<td>Peso en seco (kg)<\/td>\n<td>199<\/td>\n<\/tr>\n<tr>\n<td>Dep\u00f3sito de combustible (L)<\/td>\n<td>17.7<\/td>\n<\/tr>\n<tr>\n<td>Suspensi\u00f3n delantera<\/td>\n<td>Horquilla telesc\u00f3pica \u00d8 41 mm, 108 mm de recorrido<\/td>\n<\/tr>\n<tr>\n<td>Suspensi\u00f3n trasera<\/td>\n<td>Amortiguador Monoshock accionado por bieletas Pro-Link con ajuste de precarga, basculante de secci\u00f3n rectangular con 119 mm de recorrido<\/td>\n<\/tr>\n<tr>\n<td>Freno delantero<\/td>\n<td>1 disco lobulado \u00d8 320 mm, pinza de 2 pistones de accionamiento hidr\u00e1ulico \u2013 ABS<\/td>\n<\/tr>\n<tr>\n<td>Freno trasero<\/td>\n<td>1 disco lobulado \u00d8 240 mm, pinza de pist\u00f3n simple de accionamiento hidr\u00e1ulico \u2013 ABS<\/td>\n<\/tr>\n<tr>\n<td>Neum\u00e1tico delantero<\/td>\n<td>110\/80R19M\/C (59H)<\/td>\n<\/tr>\n<tr>\n<td>Neum\u00e1tico trasero<\/td>\n<td>160\/60R17M\/C (69H)<\/td>\n<\/tr>\n<\/tbody>\n<\/table>\n<hr \/>\n<h3 style=\"text-align: justify;\">Un viaje a Cascais, Sintra, Costa da Caparica, Sesimbra o cualquier otro lugar que quiera visitar montando nuestras Motos ser\u00e1 una experiencia inolvidable.<\/h3>\n<p style=\"text-align: justify;\">Esta es una motocicleta muy c\u00f3moda para dos personas. Por su cuenta o con un pasajero, es su decisi\u00f3n. Venga a Rent Riders, alquilar una Moto y tener un viaje c\u00f3modo!<\/p>\n<p style=\"text-align: justify;\">Al alquilar una de nuestras Motos y sentir\u00e1s el viento, no el tr\u00e1fico, no el duro estacionamiento, y sobre todo, la total libertad mientras viajas por Lisboa y alrededores. Con nuestros alquileres, podremos visitar m\u00e1s por menos, m\u00e1s lugares en menos tiempo. Alquile esta Motyo y lo sentir\u00e1. Sin duda volver\u00e1 por m\u00e1s, garantizado!<\/p>\n<p style=\"text-align: justify;\">En Rent Riders es f\u00e1cil alquilar una Moto. Es el punto de partida para el descubrimiento de nuestra ciudad y sus alrededores. Lisboa tiene la luz m\u00e1s hermosa del mundo, sobre las ruedas de nuestra motocicleta usted podr\u00e1 apreciar \u00e9ste del regalo de la naturaleza del tipo. \u00abLis \u00e9 Boa\u00bb al alquilar y montar una de nuestras motos.<\/p>\n<p style=\"text-align: justify;\">Visite toda Lisboa sin preocuparse por las tablas de tiempo de transporte y las colas interminables. Nuestras Motos pueden ir donde otros no pueden. Nuestras HONDA CB500X\u00a0 son poderosas, f\u00e1ciles de manejar, c\u00f3modos y elegantes. Contar con ella para una experiencia \u00fanica.<\/p>\n<p style=\"text-align: justify;\">No dependa de los transportes ni de otras personas, al alquilar uno de nuestras Motos, usted se sentir\u00e1 libre de ir donde quiera cuando quiera.<\/p>\n<h4 style=\"text-align: justify;\">Alquilar una HONDA CB500X 500CC\u00a0 y tendr\u00e1 la aventura de la vida en dos ruedas.<\/h4>\n<p><\/p>","protected":false},"excerpt":{"rendered":"<p>\u00a1 Alquile un Moto Honda CB500X en RentRiders y avent\u00farate en Lisboa y sus alrededores en dos ruedas!<\/p>\n<p><em>Nota: Es necesario tener Licencia de Conducir de Motocicleta categor\u00eda A o A2.<\/em><\/p>\n","protected":false},"featured_media":14666,"template":"","meta":{"iawp_total_views":901},"product_brand":[],"product_cat":[43],"product_tag":[],"class_list":{"0":"post-10985","1":"product","2":"type-product","3":"status-publish","4":"has-post-thumbnail","6":"product_cat-aluguer-de-motos-500cc-cat-e","8":"first","9":"instock","10":"sale","11":"taxable","12":"shipping-taxable","13":"purchasable","14":"product-type-simple","15":"czr-hentry"},"_links":{"self":[{"href":"https:\/\/www.rentriders.pt\/es\/wp-json\/wp\/v2\/product\/10985","targetHints":{"allow":["GET"]}}],"collection":[{"href":"https:\/\/www.rentriders.pt\/es\/wp-json\/wp\/v2\/product"}],"about":[{"href":"https:\/\/www.rentriders.pt\/es\/wp-json\/wp\/v2\/types\/product"}],"wp:featuredmedia":[{"embeddable":true,"href":"https:\/\/www.rentriders.pt\/es\/wp-json\/wp\/v2\/media\/14666"}],"wp:attachment":[{"href":"https:\/\/www.rentriders.pt\/es\/wp-json\/wp\/v2\/media?parent=10985"}],"wp:term":[{"taxonomy":"product_brand","embeddable":true,"href":"https:\/\/www.rentriders.pt\/es\/wp-json\/wp\/v2\/product_brand?post=10985"},{"taxonomy":"product_cat","embeddable":true,"href":"https:\/\/www.rentriders.pt\/es\/wp-json\/wp\/v2\/product_cat?post=10985"},{"taxonomy":"product_tag","embeddable":true,"href":"https:\/\/www.rentriders.pt\/es\/wp-json\/wp\/v2\/product_tag?post=10985"}],"curies":[{"name":"wp","href":"https:\/\/api.w.org\/{rel}","templated":true}]}}