{"id":10979,"date":"2020-07-02T22:07:04","date_gmt":"2020-07-02T22:07:04","guid":{"rendered":"https:\/\/www.rentriders.pt\/?post_type=product&#038;p=10979"},"modified":"2026-03-16T12:33:18","modified_gmt":"2026-03-16T12:33:18","slug":"honda-vision-110cc","status":"publish","type":"product","link":"https:\/\/www.rentriders.pt\/es\/produto\/honda-vision-110cc\/","title":{"rendered":"HONDA \u2013 VISION 110"},"content":{"rendered":"<p><\/p>\n<h2>Scooter &#8211; HONDA VISION CBS 110 \u2013 Alquiler de Categoria B<\/h2>\n<table>\n<tbody>\n<tr>\n<td colspan=\"2\"><strong>Motor<\/strong><\/td>\n<\/tr>\n<tr>\n<td>Tipo<\/td>\n<td>Monocil\u00edndrico a 4 tiempos<\/td>\n<\/tr>\n<tr>\n<td>Desplazamiento<\/td>\n<td>108 cc<\/td>\n<\/tr>\n<tr>\n<td>Pot\u00eancia<\/td>\n<td>9 cv \/ 7500 rpm<\/td>\n<\/tr>\n<tr>\n<td>Sistema de refrigeraci\u00f3n<\/td>\n<td>Ar forzado<\/td>\n<\/tr>\n<tr>\n<td>Alimentacion<\/td>\n<td>Inyecci\u00f3n<\/td>\n<\/tr>\n<tr>\n<td>Transmisi\u00f3n<\/td>\n<td>De variaci\u00f3n<\/td>\n<\/tr>\n<tr>\n<td>Homologacion<\/td>\n<td>Euro 4<\/td>\n<\/tr>\n<tr>\n<td colspan=\"2\"><strong>Chassis<\/strong><\/td>\n<\/tr>\n<tr>\n<td>Longitud (mm)<\/td>\n<td>1925<\/td>\n<\/tr>\n<tr>\n<td>Ancho (mm)<\/td>\n<td>686<\/td>\n<\/tr>\n<tr>\n<td>Altura (mm)<\/td>\n<td>1115<\/td>\n<\/tr>\n<tr>\n<td>Distancia entre ejes (mm)<\/td>\n<td>1290<\/td>\n<\/tr>\n<tr>\n<td>Peso en seco (kg)<\/td>\n<td>102<\/td>\n<\/tr>\n<tr>\n<td>Dep\u00f3sito de combustible (L)<\/td>\n<td>5.2<\/td>\n<\/tr>\n<tr>\n<td>Suspensi\u00f3n delantera<\/td>\n<td>Tenedor telesc\u00f3pica hidr\u00e1ulica<\/td>\n<\/tr>\n<tr>\n<td>Suspens\u00e3o trasera<\/td>\n<td>Motor basculante, solo amortiguador<\/td>\n<\/tr>\n<tr>\n<td>Trav\u00e3o delantero<\/td>\n<td>Disco de 220 mm<\/td>\n<\/tr>\n<tr>\n<td>Trav\u00e3o trasero<\/td>\n<td>Tambor 130 mm, CBS<\/td>\n<\/tr>\n<tr>\n<td>Neum\u00e1tico delantero<\/td>\n<td>80\/90- 16&#8243;<\/td>\n<\/tr>\n<tr>\n<td>Neum\u00e1tico trasero<\/td>\n<td>90\/90 \u2013 14&#8243;<\/td>\n<\/tr>\n<tr>\n<td>Capacidad de carga m\u00e1xima<\/td>\n<td>170Kg<\/td>\n<\/tr>\n<\/tbody>\n<\/table>\n<h3 style=\"text-align: justify;\">Visitar y descubrir Sintra, Cascais, Costa de Caparica, o cualquier otro lugar que desee, a los comandos de uno de nuestros scooters de alquiler le proporcionar\u00e1 algo inolvidable.<\/h3>\n<p style=\"text-align: justify;\">\u00a1Solamente (a) o acompa\u00f1ado (a), la elecci\u00f3n es tuya! S\u00f3lo tienes que ir a RentRiders.Pt, alquilar un scooter y seguir el viaje!<\/p>\n<p style=\"text-align: justify;\">Reservar una de nuestras scooters de pelo en el viento, no se \u00absiente\u00bb en la congesti\u00f3n de la piel, no tendr\u00e1 problemas de aparcamiento y, sobre todo, se extender\u00e1 hasta Lisboa con total libertad. A trav\u00e9s de uno de nuestros alquileres de scooters conseguir\u00e1 conocer m\u00e1s por menos.<\/p>\n<p style=\"text-align: justify;\">M\u00e1s lugares en menos tiempo. Alquile una scooter o una moto y pruebe. \u00a1Vaya a ver que, no s\u00f3lo no se arrepiente, como va a volver a un paseo m\u00e1s!<\/p>\n<p style=\"text-align: justify;\">En Rent Riders alquilar un scooter o alquilar una moto es f\u00e1cil. De aqu\u00ed se deriva de la aventura del descubrimiento de la capital y sus alrededores. Lisboa tiene el m\u00e1s bello mundo natural \u00abluz\u00bb. A los mandos de uno de nuestros scooters\u2019ll disfrutar de este regalo de la naturaleza que s\u00f3lo tiene de Lisboa!<\/p>\n<p style=\"text-align: justify;\">Visita de Lisboa en su totalidad sin tener que preocuparse por el tiempo de transporte y colas interminables. Nuestros scooters son campeones de los consumos bajos. Con pocos euros nuestras scooters llegan donde otras no lo logran.<\/p>\n<p style=\"text-align: justify;\">\u00a1Qu\u00e9date \u00ablejos\u00bb de las bombas de gasolina por m\u00e1s tiempo y disfruta del mismo para divertirse alquilando y conduciendo una de nuestras scooters! Nuestros scooters son \u00e1giles, c\u00f3modos y fiables. \u00a1Cuente con ellas para un paseo diferente!<\/p>\n<p style=\"text-align: justify;\">\u00a1No te quedes dependiente de transportes o de terceros, alquila una de nuestras scooters y si\u00e9ntete libre para hacer lo que quieras! Lis es buena alquilando y conduciendo una de nuestras scooters o motos.<\/p>\n<h4 style=\"text-align: justify;\">Alquile una Scooter HONDA VISION CBS 110CC y salga a la aventura en dos ruedas con nuestros nuevos scooters!<\/h4>\n<p><\/p>","protected":false},"excerpt":{"rendered":"<p>\u00a1 Alquile un scooter Honda Vision 110cc en RentRiders y descubra Lisboa sobre dos ruedas !:)<\/p>\n","protected":false},"featured_media":14664,"template":"","meta":{"iawp_total_views":1333},"product_brand":[],"product_cat":[38],"product_tag":[],"class_list":{"0":"post-10979","1":"product","2":"type-product","3":"status-publish","4":"has-post-thumbnail","6":"product_cat-aluguer-de-scooters-110cc-cat-b","8":"first","9":"instock","10":"sold-individually","11":"taxable","12":"shipping-taxable","13":"purchasable","14":"product-type-simple","15":"czr-hentry"},"_links":{"self":[{"href":"https:\/\/www.rentriders.pt\/es\/wp-json\/wp\/v2\/product\/10979","targetHints":{"allow":["GET"]}}],"collection":[{"href":"https:\/\/www.rentriders.pt\/es\/wp-json\/wp\/v2\/product"}],"about":[{"href":"https:\/\/www.rentriders.pt\/es\/wp-json\/wp\/v2\/types\/product"}],"wp:featuredmedia":[{"embeddable":true,"href":"https:\/\/www.rentriders.pt\/es\/wp-json\/wp\/v2\/media\/14664"}],"wp:attachment":[{"href":"https:\/\/www.rentriders.pt\/es\/wp-json\/wp\/v2\/media?parent=10979"}],"wp:term":[{"taxonomy":"product_brand","embeddable":true,"href":"https:\/\/www.rentriders.pt\/es\/wp-json\/wp\/v2\/product_brand?post=10979"},{"taxonomy":"product_cat","embeddable":true,"href":"https:\/\/www.rentriders.pt\/es\/wp-json\/wp\/v2\/product_cat?post=10979"},{"taxonomy":"product_tag","embeddable":true,"href":"https:\/\/www.rentriders.pt\/es\/wp-json\/wp\/v2\/product_tag?post=10979"}],"curies":[{"name":"wp","href":"https:\/\/api.w.org\/{rel}","templated":true}]}}