{"id":10970,"date":"2020-07-02T17:54:08","date_gmt":"2020-07-02T17:54:08","guid":{"rendered":"https:\/\/www.rentriders.pt\/?post_type=product&#038;p=10970"},"modified":"2026-05-12T01:46:59","modified_gmt":"2026-05-12T01:46:59","slug":"sym-orbit-iii-50cc","status":"publish","type":"product","link":"https:\/\/www.rentriders.pt\/es\/produto\/sym-orbit-iii-50cc\/","title":{"rendered":"SYM \u2013 ORBIT III 50"},"content":{"rendered":"<p><\/p>\n<h2>Scooter &#8211; SYM ORBIT III 50 &#8211; Categor\u00eda de Alquiler A<\/h2>\n<table>\n<tbody>\n<tr>\n<td colspan=\"2\"><strong>Motor<\/strong><\/td>\n<\/tr>\n<tr>\n<td>Tipo<\/td>\n<td>Monocil\u00edndrico a 4 tiempos<\/td>\n<\/tr>\n<tr>\n<td>Desplazamiento<\/td>\n<td>49.5 cc<\/td>\n<\/tr>\n<tr>\n<td>Potencia<\/td>\n<td>3.2 cv \/ 8500 rpm<\/td>\n<\/tr>\n<tr>\n<td>Sistema de refrigeraci\u00f3n<\/td>\n<td>Ar forzado<\/td>\n<\/tr>\n<tr>\n<td>Alimenta\u00e7\u00e3o<\/td>\n<td>Carburador &#8211;\u00a0Inyecci\u00f3n electr\u00f3nica<\/td>\n<\/tr>\n<tr>\n<td>Transmisi\u00f3n<\/td>\n<td>De variaci\u00f3n<\/td>\n<\/tr>\n<tr>\n<td>Homologacion<\/td>\n<td>Euro 4<\/td>\n<\/tr>\n<tr>\n<td colspan=\"2\"><strong>Chassis<\/strong><\/td>\n<\/tr>\n<tr>\n<td>Longitud(mm)<\/td>\n<td>1905<\/td>\n<\/tr>\n<tr>\n<td>Ancho (mm)<\/td>\n<td>690<\/td>\n<\/tr>\n<tr>\n<td>Altura (mm)<\/td>\n<td>1125<\/td>\n<\/tr>\n<tr>\n<td>Distancia entre ejes (mm)<\/td>\n<td>1310<\/td>\n<\/tr>\n<tr>\n<td>Peso en seco (kg)<\/td>\n<td>99<\/td>\n<\/tr>\n<tr>\n<td>Dep\u00f3sito de\u00a0combustible (L)<\/td>\n<td>5.2<\/td>\n<\/tr>\n<tr>\n<td>Suspensi\u00f3n delantera<\/td>\n<td>Tenedor telesc\u00f3pica hidr\u00e1ulica<\/td>\n<\/tr>\n<tr>\n<td>Suspensi\u00f3n trasera<\/td>\n<td>Doble amortiguador hidr\u00e1ulico<\/td>\n<\/tr>\n<tr>\n<td>Trav\u00e3o delantero<\/td>\n<td>Disco de 190 mm<\/td>\n<\/tr>\n<tr>\n<td>Trav\u00e3o trasero<\/td>\n<td>Tambor<\/td>\n<\/tr>\n<tr>\n<td>Neum\u00e1tico delantero<\/td>\n<td>120\/70 &#8211; 12<\/td>\n<\/tr>\n<tr>\n<td>Neum\u00e1tico trasero<\/td>\n<td>130\/70 &#8211; 12<\/td>\n<\/tr>\n<tr>\n<td>Capacidad de carga m\u00e1xima<\/td>\n<td>140Kg<\/td>\n<\/tr>\n<\/tbody>\n<\/table>\n<hr \/>\n<h3 style=\"text-align: justify;\"><strong>Alquilando una de nuestras scooters va de cabellos al viento, no \u00absiente\u00bb en la piel los atascos, no tendr\u00e1 problemas de aparcamiento y, sobre todo, rodar\u00e1 por Lisboa con total libertad.<\/strong><\/h3>\n<p style=\"text-align: justify;\">A trav\u00e9s de uno de nuestros alquileres de scooters conseguir\u00e1 conocer m\u00e1s por menos. M\u00e1s lugares en menos tiempo. Alquila una scooter o una moto y prueba. \u00a1Vaya a ver que, no s\u00f3lo no se arrepiente, como va a volver a un paseo m\u00e1s!<\/p>\n<p style=\"text-align: justify;\">En RentRiders.Pt alquilar un scooter es f\u00e1cil. De aqu\u00ed a la aventura del descubrimiento de la capital y sus alrededores. Lisboa tiene la m\u00e1s bella \u00abluz\u00bb natural del mundo. A los comandos de una de nuestras scooters podr\u00e1s apreciar este regalo de la naturaleza que s\u00f3lo tiene Lisboa!<\/p>\n<p style=\"text-align: justify;\">Visite Lisboa por entero sin preocuparse por los horarios de transporte y filas interminables. Nuestros scooters son campeones de los consumos bajos. Con pocos euros nuestros scooters llegan donde otras no lo logran. \u00a1Qu\u00e9date \u00ablejos\u00bb de las bombas de gasolina por m\u00e1s tiempo y disfruta del mismo para divertirse alquilando y conduciendo una de nuestras scooters!<\/p>\n<p style=\"text-align: justify;\">Nuestros scooters de Sym son \u00e1giles, c\u00f3modos y fiables. \u00a1Cuente con ellas para un paseo divertido!<\/p>\n<p style=\"text-align: justify;\">\u00a1No te quedes dependiente de transportes o de terceros, alquila una de nuestras scooters y si\u00e9ntete libre para hacer lo que quieras! Lis es buena alquilando y conduciendo una de nuestras scooters o motos!<\/p>\n<h4 style=\"text-align: justify;\">\u00a1Alquile una Scooter Sym ORBIT III 50 y vaya a la aventura en dos ruedas con nuestros nuevos scooters !<\/h4>\n<p><\/p>","protected":false},"excerpt":{"rendered":"<p>\u00a1Alquile una scooter en Rent Riders y emprenda una aventura en Lisboa sobre dos ruedas!<\/p>\n<p><span style=\"text-decoration: underline;\"><strong>Este scooter s\u00f3lo lleva 1 persona.<\/strong><\/span><\/p>\n","protected":false},"featured_media":14665,"template":"","meta":{"iawp_total_views":1672},"product_brand":[],"product_cat":[37],"product_tag":[],"class_list":{"0":"post-10970","1":"product","2":"type-product","3":"status-publish","4":"has-post-thumbnail","6":"product_cat-aluguer-de-scooters-50cc-cat-a","8":"first","9":"instock","10":"sold-individually","11":"taxable","12":"shipping-taxable","13":"purchasable","14":"product-type-simple","15":"czr-hentry"},"_links":{"self":[{"href":"https:\/\/www.rentriders.pt\/es\/wp-json\/wp\/v2\/product\/10970","targetHints":{"allow":["GET"]}}],"collection":[{"href":"https:\/\/www.rentriders.pt\/es\/wp-json\/wp\/v2\/product"}],"about":[{"href":"https:\/\/www.rentriders.pt\/es\/wp-json\/wp\/v2\/types\/product"}],"wp:featuredmedia":[{"embeddable":true,"href":"https:\/\/www.rentriders.pt\/es\/wp-json\/wp\/v2\/media\/14665"}],"wp:attachment":[{"href":"https:\/\/www.rentriders.pt\/es\/wp-json\/wp\/v2\/media?parent=10970"}],"wp:term":[{"taxonomy":"product_brand","embeddable":true,"href":"https:\/\/www.rentriders.pt\/es\/wp-json\/wp\/v2\/product_brand?post=10970"},{"taxonomy":"product_cat","embeddable":true,"href":"https:\/\/www.rentriders.pt\/es\/wp-json\/wp\/v2\/product_cat?post=10970"},{"taxonomy":"product_tag","embeddable":true,"href":"https:\/\/www.rentriders.pt\/es\/wp-json\/wp\/v2\/product_tag?post=10970"}],"curies":[{"name":"wp","href":"https:\/\/api.w.org\/{rel}","templated":true}]}}