{"id":6844,"date":"2018-10-02T16:40:51","date_gmt":"2018-10-02T16:40:51","guid":{"rendered":"https:\/\/www.rentriders.pt\/?page_id=6844"},"modified":"2025-08-28T11:03:15","modified_gmt":"2025-08-28T11:03:15","slug":"aluguer-de-motociclos-500cc-cat-e","status":"publish","type":"page","link":"https:\/\/www.rentriders.pt\/es\/alquiler-scooters-motos-lisboa\/alquiler-de-motocicletas-500cc-cat-e\/","title":{"rendered":"Aluguer de Motociclos 500 CC &#8211; Cat. E"},"content":{"rendered":"<p><\/p>\n<h2 style=\"text-align: center;\"><strong>Alquila aqu\u00ed tu Moto en Lisboa @ RentRiders<sup>\u00ae\u00a0<\/sup><\/strong><\/h2>\n<p style=\"text-align: center;\">Reserva ahora y obt\u00e9n un 15%* de descuento sobre las tarifas de la agencia en todas las categorias de alquileres de motos. \u00a1Todo incluido*!<\/p>\n<p style=\"text-align: center;\">Pague 20% del monto total de lo alquiler y el resto en el Check-in. \u00a1 Rent-a-Ride en Lisboa @ RentRiders<sup>\u00ae<\/sup> \ud83d\ude42<\/p>\n<p style=\"text-align: center;\"><span style=\"color: #339966;\"><strong>\u21d2 <span style=\"text-decoration: underline;\">Los precios y descuentos mostrados son exclusivamente para reservas realizadas online.<\/span> \u21d0<\/strong><\/span><\/p>\n<p style=\"text-align: center;\"><div class=\"woocommerce columns-4 \"><ul class=\"products columns-4\">\n<li class=\"czr-hentry product type-product post-10985 status-publish first instock product_cat-aluguer-de-motos-500cc-cat-e has-post-thumbnail sale taxable shipping-taxable purchasable product-type-simple\">\n\t<a href=\"https:\/\/www.rentriders.pt\/es\/produto\/honda-cb500x-500cc\/\" class=\"woocommerce-LoopProduct-link woocommerce-loop-product__link\">\n\t<span class=\"onsale\">\u00a1Oferta!<\/span>\n\t<img loading=\"lazy\" decoding=\"async\" width=\"300\" height=\"300\" src=\"https:&#x2f;&#47;&#x77;&#x77;&#119;&#x2e;&#114;e&#x6e;&#116;r&#x69;&#100;e&#x72;&#115;&#46;&#x70;&#116;&#x2f;&#x77;&#112;&#x2d;&#x63;&#111;&#x6e;&#116;e&#x6e;&#116;\/&#x75;&#112;l&#x6f;&#97;d&#x73;&#47;&#x32;&#x30;&#50;&#x30;&#x2f;&#48;&#x37;&#47;H&#x6f;&#110;d&#x61;&#45;C&#x42;&#53;0&#x30;&#88;&#x2d;&#x40;&#45;&#x52;&#x65;&#110;&#x74;&#82;i&#x64;&#101;r&#x73;&#46;P&#x74;_-300x300.avif\" class=\"attachment-woocommerce_thumbnail size-woocommerce_thumbnail\" alt=\"Alquiler de Motos Honda CB500X en Lisboa\" srcset=\"https:\/&#47;&#119;&#x77;&#x77;&#46;r&#101;&#110;&#x74;&#x72;id&#101;&#114;&#x73;&#x2e;pt&#47;&#x77;&#x70;&#x2d;c&#111;&#110;&#x74;&#x65;&#x6e;t&#47;&#117;&#x70;&#x6c;&#x6f;a&#100;&#115;&#x2f;&#x32;&#x30;2&#48;&#47;&#x30;&#x37;&#x2f;H&#111;&#110;&#x64;&#x61;-C&#66;&#53;&#x30;&#x30;X-&#64;&#45;&#x52;&#x65;nt&#82;&#x69;&#x64;&#x65;rs&#46;&#x50;&#x74;_-300x300.avif 300w, https:&#47;&#x2f;w&#119;&#x77;&#46;&#114;&#x65;n&#x74;&#x72;&#105;&#x64;e&#114;&#x73;&#46;&#112;&#x74;\/&#x77;&#x70;&#45;&#x63;&#x6f;&#110;&#x74;e&#110;&#x74;\/&#117;&#x70;l&#x6f;&#x61;&#100;&#x73;\/&#50;&#x30;2&#48;&#x2f;0&#x37;&#x2f;&#72;&#x6f;&#x6e;&#100;&#x61;-&#67;&#x42;5&#48;&#x30;X&#x2d;&#x40;&#45;&#x52;e&#110;&#x74;R&#105;&#x64;e&#x72;&#x73;&#46;&#x50;&#x74;_-100x100.avif 100w, https:&#47;&#x2f;w&#x77;&#x77;&#46;&#x72;e&#110;&#x74;&#114;&#x69;d&#101;&#x72;s&#x2e;p&#116;&#x2f;w&#x70;&#x2d;&#99;&#x6f;n&#116;&#x65;&#110;&#x74;\/&#117;&#x70;&#108;&#x6f;a&#100;&#x73;\/&#x32;&#x30;&#50;&#x30;\/&#48;&#x37;&#47;&#x48;o&#110;&#x64;&#97;&#x2d;C&#66;&#x35;0&#x30;X&#45;&#x40;-&#x52;&#x65;&#110;&#x74;R&#105;&#x64;&#101;&#x72;s&#46;&#x50;&#116;_-150x150.avif 150w, https:&#x2f;&#x2f;&#x77;&#x77;&#x77;&#x2e;&#x72;&#x65;&#x6e;&#x74;&#x72;&#x69;&#x64;&#x65;&#x72;&#x73;&#x2e;&#x70;&#x74;&#x2f;&#x77;&#x70;&#x2d;&#x63;&#x6f;&#x6e;&#x74;&#x65;&#x6e;&#x74;&#x2f;&#x75;&#x70;&#x6c;&#x6f;&#x61;&#x64;&#x73;&#x2f;&#x32;&#x30;&#x32;&#x30;&#x2f;&#48;&#55;&#47;&#72;&#111;&#110;&#100;&#97;&#45;&#67;&#66;&#53;&#48;&#48;&#88;&#45;&#64;&#45;&#82;&#101;&#110;&#116;&#82;&#105;&#100;&#101;&#114;&#115;&#46;&#80;&#116;_-510x510.avif 510w\" sizes=\"auto, (max-width: 300px) 100vw, 300px\" \/><h2 class=\"woocommerce-loop-product__title\">HONDA &#8211; CB 500X<\/h2>\n\t<span class=\"price\">Max. <span class=\"woocommerce-Price-amount amount\"><bdi>78,50&nbsp;<span class=\"woocommerce-Price-currencySymbol\">&euro;<\/span><\/bdi><\/span> por 1 d\u00eda<\/span>\n<\/a><a href=\"https:\/\/www.rentriders.pt\/es\/produto\/honda-cb500x-500cc\/\" rel=\"nofollow\" class=\"button\">Rent &amp; Ride<\/a>\t<span id=\"woocommerce_loop_add_to_cart_link_describedby_10985\" class=\"screen-reader-text\">\n\t\t\t<\/span>\n<\/li>\n<\/ul>\n<\/div><\/p>\n<p style=\"text-align: center;\"><strong><span style=\"text-decoration: underline;\">Experiencia en la conducci\u00f3n de ciclomotores o motocicletas se requiere para su seguridad y para la seguridad de terceros.<\/span><\/strong><\/p>\n<p style=\"text-align: justify;\"><em>* <span style=\"text-decoration: underline;\">Descuento exclusivo para reservas online realizadas aqu\u00ed.<\/span> El descuento del 15% est\u00e1 incluido, ya est\u00e1 descontado, en el precio final mostrado. Los precios mostrados en el mostrador de la agencia pueden tener diferencias superiores al 15% respecto a los precios online. Podr\u00e1s consultar qu\u00e9 est\u00e1 incluido en el precio indicado en cada una de las categor\u00edas.<br \/>\n<\/em><\/p>\n<hr \/>\n<h4 style=\"text-align: center;\"><strong>Alquila una a Moto m\u00e1s potente y descubre Portugal con RentRiders<sup>\u00ae<\/sup><\/strong><\/h4>\n<p style=\"text-align: justify;\">RentRiders<sup>\u00ae<\/sup> es su empresa de alquiler de motos en Lisboa. Con nuestro servicio de alquiler de motos conseguir\u00e1s una experiencia inolvidable. \u00a1 Es f\u00e1cil encontrar hermosas playas cerca de Lisboa donde refrescarse en nuestras aguas atl\u00e1nticas !<\/p>\n<p style=\"text-align: justify;\">Para m\u00e1s aventuras en Lisboa y alrededores alquile una moto con m\u00e1s ciclindrada! Al elegir alquilar una moto en este segmento valora la potencia, el confort y el rendimiento.<\/p>\n<p style=\"text-align: justify;\">Alquilar una moto, en Rent Riders &#8211; Lisboa &#8211; es la mejor forma de visitar y conocer Portugal, especialmente Lisboa y sus magn\u00edficos alrededores. Ir a Sintra, Cascais, Costa de Caparica o cualquier otro lugar que desee visitar, o descubrir, a los comandos de una de nuestras motos de alquiler le proporcionar\u00e1 ciertamente algo inolvidable.<\/p>\n<p style=\"text-align: justify;\">\u00a1Solo o acompa\u00f1ado, la elecci\u00f3n es tuya! S\u00f3lo tienes que ir a RentRiders.Pt, alquilar una motocicleta y seguir el viaje!<\/p>\n<p style=\"text-align: justify;\">Alquila una scooter o una motocicleta de categor\u00eda E, con motor de 500CC, y podr\u00e1s experimentar paseos y visitas m\u00e1s amplias, permitiendo as\u00ed explorar a\u00fan m\u00e1s Lisboa, pero tambi\u00e9n Cascais, Sintra, Costa de Caparica, Sesimbra y muchas otras localidades ba\u00f1adas por el oc\u00e9ano Atl\u00e1ntico con mayor comodidad.<\/p>\n<p style=\"text-align: justify;\">En RentRiders<sup>\u00ae<\/sup> alquilar una motocicleta o alquilar es f\u00e1cil. De aqu\u00ed a la aventura del descubrimiento de la capital y sus alrededores.<\/p>\n<p style=\"text-align: justify;\">Lisboa tiene la m\u00e1s bella \u00abluz\u00bb natural del mundo. \u00a1A los comandos de una de nuestras motos podr\u00e1 apreciar este regalo de la naturaleza que s\u00f3lo tiene Lisboa! \u00abLis es buena\u00bb alquilando y conduciendo una de nuestras motos.<\/p>\n<h5 style=\"text-align: center;\">\u00a1 Alquile una moto en Lisboa @ RentRiders<sup>\u00ae<\/sup> y descubra la gastronom\u00eda portuguesa !<\/h5>\n<p style=\"text-align: justify;\">Si le gusta el pescado dar una vuelta a Sesimbra y disfrutar de un buen almuerzo con lo que mejor se pesca en el oc\u00e9ano Atl\u00e1ntico. Todo sin molestarse con tr\u00e1nsito y siempre con aparcamiento disponible.<\/p>\n<p style=\"text-align: justify;\">Alquile una Honda CB500X ABS e incluya en su visita a Boca do Inferno, cerca de Cascais, y disfrute all\u00ed para degustar unas buenas \u00abalmejas a Bul\u00e3o Pato\u00bb, teniendo como tel\u00f3n de fondo la bravura y la belleza de esta costa portuguesa ba\u00f1ada por oceano Atlantico.<\/p>\n<p style=\"text-align: justify;\">Al alquilar una Honda CB500X ABS o cualquier otro modelo que hayamos disponible en este segmento, consigue recorrer mayores distancias con m\u00e1s comodidad y comodidad.<\/p>\n<h6 style=\"text-align: center;\"><strong>Alquile una motocicleta Honda CB500X ABS @ RentRiders<sup>\u00ae<\/sup> y conozca Lisboa y Portugal. \u00a1 Sea un Rider con esta Moto !<\/strong><\/h6>\n<p><\/p>","protected":false},"excerpt":{"rendered":"<p>Alquila una moto de 500cc en Lisboa si valoras el rendimiento. Alquila una Moto Honda CB500X y divi\u00e9rtete. TOP Alquiler de motos en Lisboa!<\/p>\n","protected":false},"author":1,"featured_media":7687,"parent":77,"menu_order":45,"comment_status":"closed","ping_status":"closed","template":"","meta":{"iawp_total_views":408,"footnotes":""},"class_list":["post-6844","page","type-page","status-publish","has-post-thumbnail","czr-hentry"],"_links":{"self":[{"href":"https:\/\/www.rentriders.pt\/es\/wp-json\/wp\/v2\/pages\/6844","targetHints":{"allow":["GET"]}}],"collection":[{"href":"https:\/\/www.rentriders.pt\/es\/wp-json\/wp\/v2\/pages"}],"about":[{"href":"https:\/\/www.rentriders.pt\/es\/wp-json\/wp\/v2\/types\/page"}],"author":[{"embeddable":true,"href":"https:\/\/www.rentriders.pt\/es\/wp-json\/wp\/v2\/users\/1"}],"replies":[{"embeddable":true,"href":"https:\/\/www.rentriders.pt\/es\/wp-json\/wp\/v2\/comments?post=6844"}],"version-history":[{"count":16,"href":"https:\/\/www.rentriders.pt\/es\/wp-json\/wp\/v2\/pages\/6844\/revisions"}],"predecessor-version":[{"id":16871,"href":"https:\/\/www.rentriders.pt\/es\/wp-json\/wp\/v2\/pages\/6844\/revisions\/16871"}],"up":[{"embeddable":true,"href":"https:\/\/www.rentriders.pt\/es\/wp-json\/wp\/v2\/pages\/77"}],"wp:featuredmedia":[{"embeddable":true,"href":"https:\/\/www.rentriders.pt\/es\/wp-json\/wp\/v2\/media\/7687"}],"wp:attachment":[{"href":"https:\/\/www.rentriders.pt\/es\/wp-json\/wp\/v2\/media?parent=6844"}],"curies":[{"name":"wp","href":"https:\/\/api.w.org\/{rel}","templated":true}]}}