{"id":4618,"date":"2017-09-29T10:13:18","date_gmt":"2017-09-29T10:13:18","guid":{"rendered":"https:\/\/www.rentriders.pt\/?page_id=4618"},"modified":"2025-08-28T11:02:19","modified_gmt":"2025-08-28T11:02:19","slug":"aluguer-de-scooters-e-motociclos-300cc-cat-d","status":"publish","type":"page","link":"https:\/\/www.rentriders.pt\/es\/alquiler-scooters-motos-lisboa\/alquiler-de-scooters-e-motocicletas-350-cc-cat-d1-d2\/","title":{"rendered":"Alquiler de Scooters e Motocicletas 350 CC- Cat. D2"},"content":{"rendered":"<p><\/p>\n<h2 style=\"text-align: center;\"><strong>\u00a0Alquila aqu\u00ed tu Maxicooter en Lisboa @ RentRiders<sup>\u00ae\u00a0<\/sup><\/strong><\/h2>\n<p style=\"text-align: center;\">Reserva ahora y obt\u00e9n un 15%* de descuento sobre las tarifas de la agencia en todas las categorias de alquileres de maxiscooters. \u00a1Todo incluido*!<\/p>\n<p style=\"text-align: center;\"><span style=\"color: #339966;\"><strong>\u21d2 <span style=\"text-decoration: underline;\">Los precios y descuentos mostrados son exclusivamente para reservas realizadas online.<\/span> \u21d0<\/strong><\/span><\/p>\n<p style=\"text-align: center;\">Pague 20% del monto total de lo alquiler y el resto en el Check-in. \u00a1 Rent-a-Ride en Lisboa @ RentRiders<sup>\u00ae<\/sup> \ud83d\ude42<\/p>\n<p style=\"text-align: center;\"><div class=\"woocommerce columns-4 \"><ul class=\"products columns-4\">\n<li class=\"czr-hentry product type-product post-13700 status-publish first instock product_cat-aluguer-de-maxiscooters-300cc-cat-d has-post-thumbnail sale taxable shipping-taxable purchasable product-type-simple\">\n\t<a href=\"https:\/\/www.rentriders.pt\/es\/produto\/honda-adv-350cc\/\" class=\"woocommerce-LoopProduct-link woocommerce-loop-product__link\">\n\t<span class=\"onsale\">\u00a1Oferta!<\/span>\n\t<img loading=\"lazy\" decoding=\"async\" width=\"300\" height=\"300\" src=\"https:\/\/www.rentriders.pt\/wp-content\/uploads\/2023\/07\/Honda-ADV-350-Rentriders.Pt-Produto-1-300x300.avif\" class=\"attachment-woocommerce_thumbnail size-woocommerce_thumbnail\" alt=\"Honda ADV 350 RentRiders.Pt\" srcset=\"https:\/\/www.rentriders.pt\/wp-content\/uploads\/2023\/07\/Honda-ADV-350-Rentriders.Pt-Produto-1-300x300.avif 300w, https:\/\/www.rentriders.pt\/wp-content\/uploads\/2023\/07\/Honda-ADV-350-Rentriders.Pt-Produto-1-100x100.avif 100w, https:\/\/www.rentriders.pt\/wp-content\/uploads\/2023\/07\/Honda-ADV-350-Rentriders.Pt-Produto-1-150x150.avif 150w, https:\/\/www.rentriders.pt\/wp-content\/uploads\/2023\/07\/Honda-ADV-350-Rentriders.Pt-Produto-1-510x510.avif 510w\" sizes=\"auto, (max-width: 300px) 100vw, 300px\" \/><h2 class=\"woocommerce-loop-product__title\">HONDA &#8211; ADV 350<\/h2>\n\t<span class=\"price\">Max. <span class=\"woocommerce-Price-amount amount\"><bdi>69,50&nbsp;<span class=\"woocommerce-Price-currencySymbol\">&euro;<\/span><\/bdi><\/span> por 1 d\u00eda<\/span>\n<\/a><a href=\"https:\/\/www.rentriders.pt\/es\/produto\/honda-adv-350cc\/\" rel=\"nofollow\" class=\"button\">Rent &amp; Ride<\/a>\t<span id=\"woocommerce_loop_add_to_cart_link_describedby_13700\" class=\"screen-reader-text\">\n\t\t\t<\/span>\n<\/li>\n<\/ul>\n<\/div><\/p>\n<p style=\"text-align: center;\"><strong><span style=\"text-decoration: underline;\">Experiencia en la conducci\u00f3n de ciclomotores o motocicletas se requiere para su seguridad y para la seguridad de terceros.<\/span><\/strong><\/p>\n<p style=\"text-align: justify;\"><em>* <span style=\"text-decoration: underline;\">Descuento exclusivo para reservas online realizadas aqu\u00ed.<\/span> El descuento del 15% est\u00e1 incluido, ya est\u00e1 descontado, en el precio final mostrado. Los precios mostrados en el mostrador de la agencia pueden tener diferencias superiores al 15% respecto a los precios online. Podr\u00e1s consultar qu\u00e9 est\u00e1 incluido en el precio indicado en cada una de las categor\u00edas.<\/em><\/p>\n<hr \/>\n<h4 style=\"text-align: center;\"><strong>Para m\u00e1s aventuras alquila una Maxiscooter en RentRiders<sup>\u00ae<\/sup> \u00a0&#8211; Lisboa<\/strong><\/h4>\n<p>RentRiders<sup>\u00ae<\/sup> es su empresa de Alquiler de Maxi-Scooters en Lisboa. Con nuestros alquileres de Maxiscooters conseguir\u00e1s una experiencia inolvidable. \u00a1Es f\u00e1cil encontrar hermosas playas cerca de Lisboa donde refrescarse en nuestras aguas atl\u00e1nticas !<\/p>\n<p>Alquilar una Maxi scooter en RentRiders<sup>\u00ae<\/sup> en Lisboa de las Categor\u00edas D1 y D2 con motor 350 CC, y ser\u00e1 capaz de experimentar excursiones y visitas m\u00e1s amplios&#8230; Cascais, Sintra, Caparica y muchas otras localidades ba\u00f1adas por el Oc\u00e9ano Atl\u00e1ntico.<\/p>\n<p style=\"text-align: justify;\">Al elegir a alquilar una maxiscooter o una motocicleta en este segmento disfrute de la comodidad y del rendimiento .<\/p>\n<h5 style=\"text-align: center;\">Si te gusta el pescado toman una ronda de Sesimbra y luego disfruta de un buen almuerzo con lo que lo mejor pescado del Oc\u00e9ano Atl\u00e1ntico.<\/h5>\n<p style=\"text-align: justify;\">Todo sin aburrirse con el tr\u00e1fico y con el aparcamiento siempre disponible. Alquila una Maxiscooter o motocicleta en Rent Riders &#8211; Alquiler de Scooters y Motocicletas &#8211; Lisboa\u00a0 y viene a descubrir lo mejor de la cocina portuguesa.<\/p>\n<p style=\"text-align: justify;\">Incluir en su visita a Boca del Infierno, cerca de Cascais, y\u00a0 all\u00ed disfrutar de unas buenas \u00abalmejas\u00bb, con el tel\u00f3n de fondo del valor y la belleza de esta costa portuguesa ba\u00f1ada por el Oc\u00e9ano Atl\u00e1ntico.<\/p>\n<p style=\"text-align: justify;\">Al alquilar una Maxiscooter HONDA ADV 350CC ABS o cualquier otro modelo que tenemos disponible, puede viajar m\u00e1s lejos con m\u00e1s comodidade.<\/p>\n<h6 style=\"text-align: center;\"><strong>Alquila una Maxiscooter\u00a0 HONDA ADV 350CC con RentRiders<sup>\u00ae<\/sup> &#8211; Alquiler de Scooters y Motocicletas y descubre Lisboa y Portugal con alegr\u00eda e total conforto!<\/strong><\/h6>\n<p><\/p>","protected":false},"excerpt":{"rendered":"<p>Alquiler de Maxi-scooters 350CC. Usted apreciar\u00e1 la comodidad y el rendimiento. Alquila un Maxiscooter en Lisboa @ Rent Riders y descubre m\u00e1s!<\/p>\n","protected":false},"author":2,"featured_media":13721,"parent":77,"menu_order":40,"comment_status":"closed","ping_status":"closed","template":"","meta":{"iawp_total_views":277,"footnotes":""},"class_list":["post-4618","page","type-page","status-publish","has-post-thumbnail","czr-hentry"],"_links":{"self":[{"href":"https:\/\/www.rentriders.pt\/es\/wp-json\/wp\/v2\/pages\/4618","targetHints":{"allow":["GET"]}}],"collection":[{"href":"https:\/\/www.rentriders.pt\/es\/wp-json\/wp\/v2\/pages"}],"about":[{"href":"https:\/\/www.rentriders.pt\/es\/wp-json\/wp\/v2\/types\/page"}],"author":[{"embeddable":true,"href":"https:\/\/www.rentriders.pt\/es\/wp-json\/wp\/v2\/users\/2"}],"replies":[{"embeddable":true,"href":"https:\/\/www.rentriders.pt\/es\/wp-json\/wp\/v2\/comments?post=4618"}],"version-history":[{"count":20,"href":"https:\/\/www.rentriders.pt\/es\/wp-json\/wp\/v2\/pages\/4618\/revisions"}],"predecessor-version":[{"id":16870,"href":"https:\/\/www.rentriders.pt\/es\/wp-json\/wp\/v2\/pages\/4618\/revisions\/16870"}],"up":[{"embeddable":true,"href":"https:\/\/www.rentriders.pt\/es\/wp-json\/wp\/v2\/pages\/77"}],"wp:featuredmedia":[{"embeddable":true,"href":"https:\/\/www.rentriders.pt\/es\/wp-json\/wp\/v2\/media\/13721"}],"wp:attachment":[{"href":"https:\/\/www.rentriders.pt\/es\/wp-json\/wp\/v2\/media?parent=4618"}],"curies":[{"name":"wp","href":"https:\/\/api.w.org\/{rel}","templated":true}]}}