{"id":4368,"date":"2017-09-08T18:09:49","date_gmt":"2017-09-08T18:09:49","guid":{"rendered":"https:\/\/www.rentriders.pt\/?page_id=4368"},"modified":"2025-08-28T11:04:10","modified_gmt":"2025-08-28T11:04:10","slug":"aluguer-de-motociclos-750-cc-cat-f","status":"publish","type":"page","link":"https:\/\/www.rentriders.pt\/es\/alquiler-scooters-motos-lisboa\/alquiler-de-motocicletas-750-cc-cat-f\/","title":{"rendered":"Alquiler de Motocicletas 750 CC &#8211; Cat. F"},"content":{"rendered":"<p><\/p>\n<h2 style=\"text-align: center;\"><strong>Alquila aqu\u00ed tu Moto en Lisboa @ RentRiders<sup>\u00ae\u00a0<\/sup><\/strong><\/h2>\n<p style=\"text-align: center;\">Reserva ahora y obt\u00e9n un 15%* de descuento sobre las tarifas de la agencia en todas las categorias de alquileres de motos. \u00a1Todo incluido*!<\/p>\n<p style=\"text-align: center;\"><span style=\"color: #339966;\"><strong>\u21d2 <span style=\"text-decoration: underline;\">Los precios y descuentos mostrados son exclusivamente para reservas realizadas online.<\/span> \u21d0<\/strong><\/span><\/p>\n<p style=\"text-align: center;\">Pague 20% del monto total de lo alquiler y el resto en el Check-in. \u00a1 Rent-a-Ride en Lisboa @ RentRiders<sup>\u00ae<\/sup> \ud83d\ude42<\/p>\n<p style=\"text-align: center;\"><div class=\"woocommerce columns-4 \"><ul class=\"products columns-4\">\n<li class=\"czr-hentry product type-product post-10986 status-publish first instock product_cat-aluguer-de-motos-750cc-cat-f has-post-thumbnail sold-individually taxable shipping-taxable purchasable product-type-simple\">\n\t<a href=\"https:\/\/www.rentriders.pt\/es\/produto\/moto-guzzi-750cc\/\" class=\"woocommerce-LoopProduct-link woocommerce-loop-product__link\"><img loading=\"lazy\" decoding=\"async\" width=\"300\" height=\"300\" src=\"https:&#x2f;&#x2f;&#119;&#119;w&#x2e;&#x72;&#x65;&#110;tr&#x69;&#x64;&#101;&#114;s&#x2e;&#x70;&#x74;&#47;wp&#x2d;&#x63;&#111;&#110;t&#x65;&#x6e;&#x74;&#47;up&#x6c;&#x6f;&#97;&#100;s&#x2f;&#x32;&#x30;&#50;&#51;\/&#x30;&#x37;&#47;&#77;o&#x74;&#x6f;&#x2d;&#71;&#117;z&#x7a;&#x69;&#x2d;&#86;7-&#x49;&#x49;&#45;&#83;p&#x65;&#x63;&#x69;&#97;l-&#x40;&#x2d;&#82;&#101;n&#x74;&#x52;&#x69;&#100;er&#x73;&#x2e;&#80;&#116;_-300x300.avif\" class=\"attachment-woocommerce_thumbnail size-woocommerce_thumbnail\" alt=\"Alquiler de Moto Guzzi en Lisboa @ RenRiders.Pt\" srcset=\"https:\/&#47;&#x77;&#x77;w&#46;&#x72;&#x65;n&#116;&#x72;&#x69;d&#101;&#x72;&#x73;&#46;&#112;&#x74;&#x2f;w&#112;&#45;&#x63;&#x6f;n&#116;&#x65;&#x6e;t&#47;&#x75;&#x70;l&#111;&#x61;&#x64;s&#47;&#x32;&#x30;2&#51;&#x2f;&#x30;7&#47;&#77;&#x6f;&#x74;o&#45;&#x47;&#x75;z&#122;&#x69;&#x2d;V&#55;&#x2d;&#x49;I&#45;&#x53;&#x70;e&#99;&#x69;&#x61;l&#45;&#64;&#x2d;&#x52;e&#110;&#x74;&#x52;i&#100;&#x65;&#x72;s&#46;&#x50;&#x74;_-300x300.avif 300w, https:\/\/ww&#119;&#46;&#114;&#101;&#110;&#116;&#114;&#x69;&#x64;&#x65;&#x72;&#x73;&#x2e;&#x70;&#x74;&#x2f;wp-c&#111;&#110;&#116;&#101;&#110;&#116;&#47;&#x75;&#x70;&#x6c;&#x6f;&#x61;&#x64;&#x73;&#x2f;&#x32;023\/&#48;&#55;&#47;&#77;&#111;&#116;&#111;&#x2d;&#x47;&#x75;&#x7a;&#x7a;&#x69;&#x2d;&#x56;&#x37;-II-&#83;&#112;&#101;&#99;&#105;&#97;&#108;&#x2d;&#x40;&#x2d;&#x52;&#x65;&#x6e;&#x74;&#x52;&#x69;ders&#46;&#80;&#116;_-100x100.avif 100w, https:&#x2f;&#47;&#x77;&#119;w&#x2e;&#114;e&#x6e;&#116;&#x72;&#x69;d&#x65;&#114;s&#x2e;&#112;&#x74;&#x2f;w&#x70;&#45;c&#x6f;&#110;t&#x65;&#110;&#x74;&#47;u&#x70;&#108;o&#x61;&#100;&#x73;&#x2f;2&#x30;&#50;3&#x2f;&#48;&#x37;&#x2f;M&#x6f;&#116;o&#x2d;&#71;u&#x7a;&#122;&#x69;&#45;V&#x37;&#45;I&#x49;&#45;&#x53;&#x70;e&#x63;&#105;a&#x6c;&#45;&#x40;&#x2d;&#82;&#x65;&#110;t&#x52;&#105;d&#x65;&#114;&#x73;&#46;P&#x74;_-150x150.avif 150w, https:&#47;&#47;&#x77;w&#119;&#x2e;&#x72;e&#110;&#x74;&#x72;i&#100;&#x65;&#x72;s&#46;&#x70;&#x74;\/&#119;&#x70;&#x2d;c&#111;&#x6e;t&#101;&#110;&#x74;\/&#117;&#x70;&#x6c;o&#97;&#x64;&#x73;\/&#50;&#x30;&#x32;3&#47;&#x30;&#x37;\/&#77;&#x6f;&#x74;&#111;&#45;&#x47;u&#122;&#x7a;&#x69;-&#86;&#x37;&#x2d;I&#73;&#x2d;&#x53;p&#101;&#x63;&#x69;a&#108;&#x2d;&#x40;-&#82;&#x65;n&#116;&#82;&#x69;d&#101;&#x72;&#x73;&#46;&#80;&#x74;_-510x510.avif 510w\" sizes=\"auto, (max-width: 300px) 100vw, 300px\" \/><h2 class=\"woocommerce-loop-product__title\">MOTO GUZZI &#8211; V7 II SPECIAL 750<\/h2>\n\t<span class=\"price\">Max. <span class=\"woocommerce-Price-amount amount\"><bdi>94,50&nbsp;<span class=\"woocommerce-Price-currencySymbol\">&euro;<\/span><\/bdi><\/span> por 1 d\u00eda<\/span>\n<\/a><a href=\"https:\/\/www.rentriders.pt\/es\/produto\/moto-guzzi-750cc\/\" rel=\"nofollow\" class=\"button\">Rent &amp; Ride<\/a>\t<span id=\"woocommerce_loop_add_to_cart_link_describedby_10986\" class=\"screen-reader-text\">\n\t\t\t<\/span>\n<\/li>\n<\/ul>\n<\/div><\/p>\n<p style=\"text-align: center;\"><strong><span style=\"text-decoration: underline;\">Experiencia en la conducci\u00f3n de ciclomotores o motocicletas se requiere para su seguridad y para la seguridad de terceros.<\/span><\/strong><\/p>\n<p style=\"text-align: justify;\"><em>* <span style=\"text-decoration: underline;\">Descuento exclusivo para reservas online realizadas aqu\u00ed.<\/span> El descuento del 15% est\u00e1 incluido, ya est\u00e1 descontado, en el precio final mostrado. Los precios mostrados en el mostrador de la agencia pueden tener diferencias superiores al 15% respecto a los precios online. Podr\u00e1s consultar qu\u00e9 est\u00e1 incluido en el precio indicado en cada una de las categor\u00edas.<\/em><\/p>\n<hr \/>\n<h3 style=\"text-align: center;\"><strong>Alquila una a Moto m\u00e1s potente en RentRiders y descubre Portugal con RentRiders<sup>\u00ae<\/sup><\/strong><\/h3>\n<p>RentRiders<sup>\u00ae<\/sup> es su empresa de alquiler de motos en Lisboa. Con nuestro servicio de alquiler de motos conseguir\u00e1s una experiencia inolvidable. \u00a1 Es f\u00e1cil encontrar hermosas playas cerca de Lisboa donde refrescarse en nuestras aguas atl\u00e1nticas !<\/p>\n<p style=\"text-align: justify;\">\u00a1 Para m\u00e1s aventuras en Lisboa y alrededores alquile una moto con m\u00e1s ciclindrada ! Al elegir alquilar una moto en este segmento valora la potencia, el confort y el rendimiento.<\/p>\n<p style=\"text-align: justify;\">Alquilar una moto en Lisboa @ RentRiders<sup>\u00ae<\/sup> es la mejor forma de visitar y conocer Portugal, especialmente Lisboa y sus magn\u00edficos alrededores.<\/p>\n<p style=\"text-align: justify;\">Ir a Sintra, Cascais, Costa de Caparica o cualquier otro lugar que desee visitar, o descubrir, a los comandos de una de nuestras motos de alquiler le proporcionar\u00e1 ciertamente algo inolvidable. \u00a1Solo o acompa\u00f1ado, la elecci\u00f3n es tuya! S\u00f3lo tienes que ir a RentRiders.Pt, alquilar una motocicleta y seguir el viaje!<\/p>\n<p style=\"text-align: justify;\">Alquila una scooter o una motocicleta de categor\u00eda F, con motor de 750CC, y podr\u00e1s experimentar paseos y visitas m\u00e1s amplias, permitiendo as\u00ed explorar a\u00fan m\u00e1s Lisboa, pero tambi\u00e9n Cascais, Sintra, Costa de Caparica, Sesimbra y muchas otras localidades ba\u00f1adas por el oc\u00e9ano Atl\u00e1ntico con mayor comodidad.<\/p>\n<p style=\"text-align: justify;\">En RentRiders<sup>\u00ae <\/sup>alquilar una motocicleta es f\u00e1cil. De aqu\u00ed a la aventura del descubrimiento de la capital y sus alrededores. Lisboa tiene la m\u00e1s bella \u00abluz\u00bb natural del mundo. \u00a1A los comandos de una de nuestras motos podr\u00e1 apreciar este regalo de la naturaleza que s\u00f3lo tiene Lisboa!<\/p>\n<p style=\"text-align: justify;\">\u00abLis es buena\u00bb alquilando y conduciendo una de nuestras motos.<\/p>\n<h4 style=\"text-align: center;\">\u00a1 Alquile una moto en Lisboa @ RentRiders<sup>\u00ae<\/sup> y descubra la gastronom\u00eda portuguesa !<\/h4>\n<p style=\"text-align: justify;\">Si le gusta el pescado dar una vuelta a Sesimbra y disfrutar de un buen almuerzo con lo que mejor se pesca en el oc\u00e9ano Atl\u00e1ntico. Todo sin molestarse con tr\u00e1nsito y siempre con aparcamiento disponible.<\/p>\n<p style=\"text-align: justify;\">Alquile una Moto Guzzi V7 II Special e incluya en su visita a Boca do Inferno, cerca de Cascais, y disfrute all\u00ed para degustar unas buenas \u00abalmejas a Bul\u00e3o Pato\u00bb, teniendo como tel\u00f3n de fondo la bravura y la belleza de esta costa portuguesa ba\u00f1ada por oceano Atlantico.<\/p>\n<p style=\"text-align: justify;\">Al alquilar una Moto Guzzi V7 II o cualquier otro modelo que hayamos disponible en este segmento, consigue recorrer mayores distancias con m\u00e1s comodidad y comodidad.<\/p>\n<h5 style=\"text-align: center;\">Alquile una motocicleta Moto Guzzi con RentRiders<sup>\u00ae <\/sup>conozca Lisboa y Portugal. \u00a1 Sea un Rider con este classico !<\/h5>\n<p><\/p>","protected":false},"excerpt":{"rendered":"<p>Alquiler de Moto Guzzi V7 II Special 750 CC en Lisboa<\/p>\n","protected":false},"author":2,"featured_media":14667,"parent":77,"menu_order":60,"comment_status":"closed","ping_status":"closed","template":"","meta":{"iawp_total_views":315,"footnotes":""},"class_list":["post-4368","page","type-page","status-publish","has-post-thumbnail","czr-hentry"],"_links":{"self":[{"href":"https:\/\/www.rentriders.pt\/es\/wp-json\/wp\/v2\/pages\/4368","targetHints":{"allow":["GET"]}}],"collection":[{"href":"https:\/\/www.rentriders.pt\/es\/wp-json\/wp\/v2\/pages"}],"about":[{"href":"https:\/\/www.rentriders.pt\/es\/wp-json\/wp\/v2\/types\/page"}],"author":[{"embeddable":true,"href":"https:\/\/www.rentriders.pt\/es\/wp-json\/wp\/v2\/users\/2"}],"replies":[{"embeddable":true,"href":"https:\/\/www.rentriders.pt\/es\/wp-json\/wp\/v2\/comments?post=4368"}],"version-history":[{"count":11,"href":"https:\/\/www.rentriders.pt\/es\/wp-json\/wp\/v2\/pages\/4368\/revisions"}],"predecessor-version":[{"id":16872,"href":"https:\/\/www.rentriders.pt\/es\/wp-json\/wp\/v2\/pages\/4368\/revisions\/16872"}],"up":[{"embeddable":true,"href":"https:\/\/www.rentriders.pt\/es\/wp-json\/wp\/v2\/pages\/77"}],"wp:featuredmedia":[{"embeddable":true,"href":"https:\/\/www.rentriders.pt\/es\/wp-json\/wp\/v2\/media\/14667"}],"wp:attachment":[{"href":"https:\/\/www.rentriders.pt\/es\/wp-json\/wp\/v2\/media?parent=4368"}],"curies":[{"name":"wp","href":"https:\/\/api.w.org\/{rel}","templated":true}]}}