{"id":324,"date":"2016-03-30T16:10:00","date_gmt":"2016-03-30T16:10:00","guid":{"rendered":"http:\/\/www.rentriders.pt\/?page_id=324"},"modified":"2025-08-28T11:01:22","modified_gmt":"2025-08-28T11:01:22","slug":"aluguer-de-motos-e-scooters-125-cc-cat-c","status":"publish","type":"page","link":"https:\/\/www.rentriders.pt\/es\/alquiler-scooters-motos-lisboa\/alquiler-de-scooters-e-motocicletas-125-cc-cat-c\/","title":{"rendered":"Alquiler de Scooters e Motocicletas 125 CC &#8211; Cat. C \/ C1"},"content":{"rendered":"<p><\/p>\n<h2 style=\"text-align: center;\"><strong>\u00a0Alquila aqu\u00ed tu Scooter en Lisboa @ RentRiders<sup>\u00ae\u00a0<\/sup><\/strong><\/h2>\n<p style=\"text-align: center;\">Reserva ahora y obt\u00e9n un 15%* de descuento sobre las tarifas de la agencia en todas las categorias de alquileres de scooters. \u00a1Todo incluido*!<\/p>\n<p style=\"text-align: center;\"><span style=\"color: #339966;\"><strong>\u21d2 <span style=\"text-decoration: underline;\">Los precios y descuentos mostrados son exclusivamente para reservas realizadas online.<\/span> \u21d0<\/strong><\/span><\/p>\n<p style=\"text-align: center;\">Pague 20% del monto total de lo alquiler y el resto en el Check-in. \u00a1 Rent-a-Ride en Lisboa @ RentRiders<sup>\u00ae<\/sup> \ud83d\ude42<\/p>\n<p style=\"text-align: center;\"><div class=\"woocommerce columns-4 \"><ul class=\"products columns-4\">\n<li class=\"czr-hentry product type-product post-10980 status-publish first instock product_cat-aluguer-de-scooters-125cc-cat-c has-post-thumbnail sale sold-individually taxable shipping-taxable purchasable product-type-simple\">\n\t<a href=\"https:\/\/www.rentriders.pt\/es\/produto\/honda-sh-mode-125cc-2-2\/\" class=\"woocommerce-LoopProduct-link woocommerce-loop-product__link\">\n\t<span class=\"onsale\">\u00a1Oferta!<\/span>\n\t<img loading=\"lazy\" decoding=\"async\" width=\"300\" height=\"300\" src=\"https:&#x2f;&#47;w&#x77;&#119;&#46;&#x72;&#101;n&#x74;&#114;i&#x64;&#101;r&#x73;&#46;p&#x74;&#47;w&#x70;&#45;c&#x6f;&#110;t&#x65;&#110;t&#x2f;&#117;p&#x6c;&#111;a&#x64;&#115;\/&#x32;&#48;2&#x33;&#47;0&#x37;&#47;H&#x6f;&#110;d&#x61;&#45;S&#x48;&#45;1&#x32;&#53;-&#x54;&#111;p&#x2d;&#67;a&#x73;&#x65;&#46;&#x2d;&#x40;-&#x52;&#x65;&#110;&#x74;&#x52;&#105;&#x64;&#x65;&#114;&#x73;&#x2e;&#80;&#x74;&#x6a;&#112;&#x67;_-300x300.avif\" class=\"attachment-woocommerce_thumbnail size-woocommerce_thumbnail\" alt=\"Alquile una Scooter Honda SHi 125cc y descubre Lisboa\" srcset=\"https:&#x2f;&#47;w&#x77;&#119;&#46;&#x72;&#101;n&#x74;&#114;i&#x64;&#101;r&#x73;&#46;p&#x74;&#47;w&#x70;&#45;c&#x6f;&#110;t&#x65;&#110;t&#x2f;&#117;p&#x6c;&#111;a&#x64;&#115;\/&#x32;&#48;2&#x33;&#47;0&#x37;&#47;H&#x6f;&#110;d&#x61;&#45;S&#x48;&#45;1&#x32;&#53;-&#x54;&#111;p&#x2d;&#67;a&#x73;&#x65;&#46;&#x2d;&#x40;-&#x52;&#x65;&#110;&#x74;&#x52;&#105;&#x64;&#x65;&#114;&#x73;&#x2e;&#80;&#x74;&#x6a;&#112;&#x67;_-300x300.avif 300w, https:\/&#47;&#x77;&#x77;w&#46;&#x72;&#x65;n&#116;&#114;&#x69;&#x64;e&#114;&#x73;&#x2e;p&#116;&#x2f;&#x77;p&#45;&#99;&#x6f;&#x6e;t&#101;&#x6e;&#x74;\/&#117;&#x70;&#x6c;o&#97;&#100;&#x73;&#x2f;2&#48;&#x32;&#x33;\/&#48;&#x37;&#x2f;H&#111;&#110;&#x64;&#x61;-&#83;&#x48;&#x2d;1&#50;&#x35;&#x2d;T&#111;&#112;&#x2d;&#x43;a&#115;&#x65;&#x2e;-&#64;&#x2d;&#x52;e&#110;&#116;&#x52;&#x69;d&#101;&#x72;&#x73;&#46;&#80;&#116;&#x6a;pg_-100x100.avif 100w, https:&#x2f;\/&#x77;&#119;&#x77;&#46;&#x72;&#x65;n&#x74;&#114;&#x69;&#100;&#x65;&#114;s&#x2e;&#112;&#x74;&#47;&#x77;&#112;-&#x63;&#111;&#x6e;&#116;&#x65;&#110;t&#x2f;u&#x70;&#108;&#x6f;&#97;d&#x73;\/&#x32;&#48;&#x32;&#51;\/&#x30;7&#x2f;&#72;&#x6f;&#110;d&#x61;-&#x53;&#72;&#x2d;&#49;2&#x35;-&#x54;&#111;&#x70;&#45;C&#x61;s&#x65;&#46;&#x2d;&#64;-&#x52;e&#x6e;&#116;&#x52;&#105;d&#x65;r&#x73;&#46;&#x50;&#116;j&#x70;g_-150x150.avif 150w, https:&#x2f;&#x2f;&#x77;&#x77;&#119;&#46;&#114;&#101;ntr&#x69;&#x64;&#x65;&#x72;&#x73;&#46;&#112;&#116;\/wp&#x2d;&#x63;&#x6f;&#x6e;&#x74;&#101;&#110;&#116;\/up&#x6c;&#x6f;&#x61;&#x64;&#x73;&#47;&#50;&#48;23\/&#x30;&#x37;&#x2f;&#x48;&#x6f;&#110;&#100;&#97;-SH&#x2d;&#x31;&#x32;&#x35;&#x2d;&#84;&#111;&#112;-Ca&#x73;&#x65;&#x2e;&#x2d;&#x40;&#45;&#82;&#101;&#110;tR&#x69;&#x64;&#x65;&#x72;&#x73;&#46;&#80;&#116;&#106;pg_-510x510.avif 510w\" sizes=\"auto, (max-width: 300px) 100vw, 300px\" \/><h2 class=\"woocommerce-loop-product__title\">HONDA &#8211; SH MODE 125<\/h2>\n\t<span class=\"price\">Max. <span class=\"woocommerce-Price-amount amount\"><bdi>39,50&nbsp;<span class=\"woocommerce-Price-currencySymbol\">&euro;<\/span><\/bdi><\/span> por 1 d\u00eda<\/span>\n<\/a><a href=\"https:\/\/www.rentriders.pt\/es\/produto\/honda-sh-mode-125cc-2-2\/\" rel=\"nofollow\" class=\"button\">Rent &amp; Ride<\/a>\t<span id=\"woocommerce_loop_add_to_cart_link_describedby_10980\" class=\"screen-reader-text\">\n\t\t\t<\/span>\n<\/li>\n<li class=\"czr-hentry product type-product post-10982 status-publish instock product_cat-aluguer-de-scooters-125cc-cat-c1 has-post-thumbnail sold-individually taxable shipping-taxable purchasable product-type-simple\">\n\t<a href=\"https:\/\/www.rentriders.pt\/es\/produto\/honda-shi-125cc\/\" class=\"woocommerce-LoopProduct-link woocommerce-loop-product__link\"><img loading=\"lazy\" decoding=\"async\" width=\"300\" height=\"300\" src=\"https:\/\/www&#46;rentri&#100;&#101;&#114;&#115;&#46;&#112;&#116;&#47;&#119;&#112;&#45;&#99;&#111;&#110;&#116;&#x65;&#x6e;&#x74;&#x2f;&#x75;&#x70;&#x6c;&#x6f;&#x61;&#x64;&#x73;&#x2f;&#x32;&#x30;&#x32;&#x33;&#x2f;&#x30;&#x37;&#x2f;&#x48;&#x6f;&#x6e;da-SH125i-_-&#83;&#99;&#111;&#111;&#116;&#101;&#114;&#45;&#100;&#101;&#45;&#49;&#50;&#53;&#99;&#x63;&#x2d;&#x40;&#x2d;&#x52;&#x65;&#x6e;&#x74;&#x52;&#x69;&#x64;&#x65;&#x72;&#x73;&#x2e;&#x50;&#x74;_-300x300.avif\" class=\"attachment-woocommerce_thumbnail size-woocommerce_thumbnail\" alt=\"Alquile una Scooter Executiva Honda SHi 125cc y descubre Lisboa\" srcset=\"https:\/\/&#119;&#119;&#x77;&#x2e;&#x72;&#x65;nt&#114;&#105;&#x64;&#x65;&#x72;&#x73;&#46;p&#116;&#47;&#119;&#x70;&#x2d;&#x63;&#x6f;nt&#101;&#110;&#x74;&#x2f;&#x75;&#x70;lo&#97;&#100;&#x73;&#x2f;&#x32;&#x30;23&#47;&#48;&#55;&#x2f;&#x48;&#x6f;&#x6e;da&#45;&#83;&#x48;&#x31;&#x32;&#x35;i-&#95;&#45;&#x53;&#x63;&#x6f;&#x6f;te&#114;&#45;&#100;&#x65;&#x2d;&#x31;&#x32;5c&#99;&#45;&#x40;&#x2d;&#x52;&#x65;nt&#82;&#105;&#x64;&#x65;&#x72;&#x73;&#46;P&#116;_-300x300.avif 300w, https:\/\/&#119;&#119;&#x77;&#x2e;&#x72;&#x65;nt&#114;&#105;&#x64;&#x65;&#x72;&#x73;&#46;p&#116;&#47;&#119;&#x70;&#x2d;&#x63;&#x6f;nt&#101;&#110;&#x74;&#x2f;&#x75;&#x70;lo&#97;&#100;&#x73;&#x2f;&#x32;&#x30;23&#47;&#48;&#55;&#x2f;&#x48;&#x6f;&#x6e;da&#45;&#83;&#x48;&#x31;&#x32;&#x35;i-&#95;&#45;&#x53;&#x63;&#x6f;&#x6f;te&#114;&#45;&#100;&#x65;&#x2d;&#x31;&#x32;5c&#99;&#45;&#x40;&#x2d;&#x52;&#x65;nt&#82;&#105;&#x64;&#x65;&#x72;&#x73;&#46;P&#116;_-100x100.avif 100w, https:&#47;&#x2f;&#119;&#x77;&#119;&#x2e;r&#x65;n&#116;&#x72;&#105;&#x64;&#101;&#x72;s&#x2e;p&#116;&#x2f;&#119;&#x70;&#45;&#x63;&#111;&#x6e;t&#x65;n&#116;&#x2f;&#117;&#x70;&#108;&#x6f;a&#x64;s&#47;&#x32;&#48;&#x32;&#51;&#x2f;&#48;&#x37;\/&#x48;o&#110;&#x64;&#97;&#x2d;&#83;&#x48;1&#x32;5&#105;&#x2d;&#95;&#x2d;&#83;&#x63;&#111;&#x6f;t&#x65;r&#45;&#x64;&#101;&#x2d;&#49;&#x32;5&#x63;c&#45;&#x40;&#45;&#x52;&#101;&#x6e;&#116;&#x52;i&#x64;e&#114;&#x73;&#46;&#x50;&#116;_-150x150.avif 150w, https:&#47;&#x2f;&#x77;w&#119;&#x2e;r&#101;&#x6e;&#x74;&#114;&#x69;&#x64;e&#114;&#x73;&#46;&#112;&#x74;&#x2f;&#119;&#x70;&#x2d;c&#111;&#x6e;t&#101;&#x6e;&#x74;&#47;&#x75;&#x70;l&#111;&#x61;d&#115;&#x2f;&#x32;&#48;&#x32;&#x33;\/&#48;&#x37;\/&#72;&#x6f;&#x6e;&#100;&#x61;&#x2d;S&#72;&#x31;2&#53;&#x69;&#x2d;&#95;&#x2d;&#x53;c&#111;&#x6f;t&#101;&#x72;&#x2d;&#100;&#x65;&#x2d;1&#50;&#x35;c&#99;&#x2d;&#x40;&#45;&#x52;&#x65;n&#116;&#x52;i&#100;&#x65;&#x72;&#115;&#x2e;&#x50;t_-510x510.avif 510w\" sizes=\"auto, (max-width: 300px) 100vw, 300px\" \/><h2 class=\"woocommerce-loop-product__title\">HONDA &#8211; SHi 125<\/h2>\n\t<span class=\"price\">Max. <span class=\"woocommerce-Price-amount amount\"><bdi>46,50&nbsp;<span class=\"woocommerce-Price-currencySymbol\">&euro;<\/span><\/bdi><\/span> por 1 d\u00eda<\/span>\n<\/a><a href=\"https:\/\/www.rentriders.pt\/es\/produto\/honda-shi-125cc\/\" rel=\"nofollow\" class=\"button\">Rent &amp; Ride<\/a>\t<span id=\"woocommerce_loop_add_to_cart_link_describedby_10982\" class=\"screen-reader-text\">\n\t\t\t<\/span>\n<\/li>\n<\/ul>\n<\/div><\/p>\n<p style=\"text-align: center;\"><strong><span style=\"text-decoration: underline;\">Experiencia en la conducci\u00f3n de ciclomotores o motocicletas se requiere para su seguridad y para la seguridad de terceros.<\/span><\/strong><\/p>\n<p style=\"text-align: justify;\"><em>*<span style=\"text-decoration: underline;\">Descuento exclusivo para reservas online realizadas aqu\u00ed.<\/span> El descuento del 15% est\u00e1 incluido, ya est\u00e1 descontado, en el precio final mostrado. Los precios mostrados en el mostrador de la agencia pueden tener diferencias superiores al 15% respecto a los precios online. Podr\u00e1s consultar qu\u00e9 est\u00e1 incluido en el precio indicado en cada una de las categor\u00edas.<br \/>\n<\/em><\/p>\n<hr \/>\n<h4 style=\"text-align: center;\"><strong>Para m\u00e1s aventuras alquila una scooter m\u00e1s grande!<\/strong><\/h4>\n<p style=\"text-align: justify;\">\u00a1 Alquilar una scooter o una motocicleta en Lisboa @ RentRiders<sup>\u00ae<\/sup> es la mejor manera de visitar y conocer Portugal, especialmente Lisboa y sus magn\u00edficos alrededores !<\/p>\n<p style=\"text-align: justify;\">Al elegir a alquilar una scooter en este segmento disfrute de la comodidad y del rendimiento.<\/p>\n<p style=\"text-align: justify;\">Alquilar una scooter en Lisboa @ RentRiders<sup>\u00ae<\/sup> de la Categor\u00eda C \/ C1, con motor 125 CC, y ser\u00e1 capaz de experimentar excursiones y visitas m\u00e1s amplios, lo que permite explorar Lisboa, pero Cascais, Sintra, Caparica y muchas otras localidades ba\u00f1adas por el Oc\u00e9ano Atl\u00e1ntico.<\/p>\n<p style=\"text-align: justify;\">Si te gusta el pescado toman una ronda de Sesimbra y luego disfruta de un buen almuerzo con lo que lo mejor pescado del Oc\u00e9ano Atl\u00e1ntico. Todo sin aburrirse con el tr\u00e1fico y con\u00a0el aparcamiento siempre disponible.<\/p>\n<h5 style=\"text-align: center;\"><strong>Alquila una scooter o motocicleta en RentRiders<sup>\u00ae<\/sup> &#8211; Alquiler de Scooters y Motocicletas &#8211; Lisboa\u00a0 y viene a descubrir lo mejor de la cocina portuguesa.<\/strong><\/h5>\n<p style=\"text-align: justify;\">Incluir en su visita a Boca del Infierno, cerca de Cascais, y\u00a0 all\u00ed disfrutar de unas buenas \u00abalmejas\u00bb, con el tel\u00f3n de fondo del valor y la belleza de esta costa portuguesa ba\u00f1ada por el Oc\u00e9ano Atl\u00e1ntico.<\/p>\n<p style=\"text-align: justify;\">Al alquilar una scooter una HONDA SH\u00a0 Mode 125 TOP CASE or a HONDA SH 125i CC ABS TOP CASE, o cualquier otro modelo que tenemos disponible, puede viajar m\u00e1s lejos con m\u00e1s comodidade .<\/p>\n<h6 style=\"text-align: center;\"><strong>Alquila una scooter HONDA SH\u00a0 Mode 125 TOP CASE\u00a0 (Cat. C) o HONDA SH 125i ABS TOP CASE \u00a0(Cat. C1) con RentRiders<sup>\u00ae <\/sup>y descubre Lisboa y sus alrededores!\u00a0<\/strong><\/h6>\n<p><\/p>","protected":false},"excerpt":{"rendered":"<p>Alquiler de Scooter 125CC &#8211; Categorias C\/C1. Alquila un scooter y descubre Lisboa y sus al redores. \u00a1Servicio de alquiler de calidad y al mejor precio!<\/p>\n","protected":false},"author":1,"featured_media":6937,"parent":77,"menu_order":30,"comment_status":"closed","ping_status":"closed","template":"","meta":{"iawp_total_views":700,"footnotes":""},"class_list":["post-324","page","type-page","status-publish","has-post-thumbnail","czr-hentry"],"_links":{"self":[{"href":"https:\/\/www.rentriders.pt\/es\/wp-json\/wp\/v2\/pages\/324","targetHints":{"allow":["GET"]}}],"collection":[{"href":"https:\/\/www.rentriders.pt\/es\/wp-json\/wp\/v2\/pages"}],"about":[{"href":"https:\/\/www.rentriders.pt\/es\/wp-json\/wp\/v2\/types\/page"}],"author":[{"embeddable":true,"href":"https:\/\/www.rentriders.pt\/es\/wp-json\/wp\/v2\/users\/1"}],"replies":[{"embeddable":true,"href":"https:\/\/www.rentriders.pt\/es\/wp-json\/wp\/v2\/comments?post=324"}],"version-history":[{"count":19,"href":"https:\/\/www.rentriders.pt\/es\/wp-json\/wp\/v2\/pages\/324\/revisions"}],"predecessor-version":[{"id":16869,"href":"https:\/\/www.rentriders.pt\/es\/wp-json\/wp\/v2\/pages\/324\/revisions\/16869"}],"up":[{"embeddable":true,"href":"https:\/\/www.rentriders.pt\/es\/wp-json\/wp\/v2\/pages\/77"}],"wp:featuredmedia":[{"embeddable":true,"href":"https:\/\/www.rentriders.pt\/es\/wp-json\/wp\/v2\/media\/6937"}],"wp:attachment":[{"href":"https:\/\/www.rentriders.pt\/es\/wp-json\/wp\/v2\/media?parent=324"}],"curies":[{"name":"wp","href":"https:\/\/api.w.org\/{rel}","templated":true}]}}