{"id":11,"date":"2016-03-11T18:16:19","date_gmt":"2016-03-11T18:16:19","guid":{"rendered":"http:\/\/www.rentriders.pt\/?page_id=11"},"modified":"2026-04-13T15:12:36","modified_gmt":"2026-04-13T15:12:36","slug":"contactos-e-localizacao","status":"publish","type":"page","link":"https:\/\/www.rentriders.pt\/es\/contactos-y-ubicacion\/","title":{"rendered":"Contactos y Ubicaci\u00f3n"},"content":{"rendered":"<p><\/p>\n<div>\n<div>\n<h2 style=\"text-align: center;\">RentRiders<sup>\u00ae<\/sup> | Alquiler de Scooters, Motos y Bicicletas | Lisboa &#8211; Portugal<\/h2>\n<ul>\n<li style=\"text-align: left;\">Agencia &#8211; Direcci\u00f3n de Recogida y Entrega: <a href=\"https:\/\/g.page\/RENTRIDERS?share\" target=\"_blank\" rel=\"noopener\">Rua Almirante Barroso n\u00ba 28 &#8211; Lisbon &#8211; ZIP Code 1000-012 &#8211; Portugal<\/a><\/li>\n<li style=\"text-align: left;\">Tel.:<span style=\"text-align: left;\"> +351_964_137_544 (Llamada a la red de telefon\u00eda m\u00f3vil Portuguesa)<\/span><\/li>\n<li style=\"text-align: left;\"><strong>WhatsApp: +351_964_137_544<\/strong><\/li>\n<li style=\"text-align: left;\">e-mail.: &#x69;&#x6e;&#102;o&#64;&#x72;&#x65;&#110;&#116;r&#x69;&#x64;&#101;&#114;s&#x2e;&#x70;&#x74;<\/li>\n<li style=\"text-align: left;\">Asistencia en Viaje para Scooters y Motocicletas 24H &#8211; Europe Assistance &#8211; Tel.: +351 213 886 282 &#8211; <span style=\"text-decoration: underline;\">Prensa 2<\/span> (Llamada a la red de telefon\u00eda fija Portuguesa)<\/li>\n<\/ul>\n<\/div>\n<hr \/>\n<div style=\"text-align: justify;\">\n<h3 style=\"text-align: center;\"><strong><span style=\"text-decoration: underline;\">Horario de la agencia<\/span><\/strong><\/h3>\n<ul>\n<li><strong>Horario de la agencia: <a href=\"https:\/\/maps.app.goo.gl\/BD1BmaLh9EwbhhF67\">https:\/\/maps.app.goo.gl\/BD1BmaLh9EwbhhF67<\/a><\/strong><\/li>\n<li style=\"text-align: left;\"><strong><span style=\"text-decoration: underline;\">Informamos que nuestro horario de atenci\u00f3n puede cambiar sin previo aviso. Si no tiene una reserva confirmada, por favor p\u00f3ngase en contacto con nosotros antes de acudir a la agencia. <\/span><\/strong><strong>Los check-ins para reservas previamente confirmadas, y los respectivos check-outs, estar\u00e1n siempre garantizados en los horarios definidos en las respectivas reservas y contratos.<\/strong><\/li>\n<\/ul>\n<p style=\"text-align: center;\">Agradecemos su comprensi\u00f3n y pedimos disculpas por la molestia.<\/p>\n<\/div>\n<\/div>\n<div>\n<div style=\"text-align: justify;\">\n<hr \/>\n<h3 style=\"text-align: center;\"><strong><span style=\"text-decoration: underline;\">Formulario de contacto<\/span><\/strong><\/h3>\n<\/div>\n<p style=\"text-align: left;\">\n<div class=\"wpcf7 no-js\" id=\"wpcf7-f65-o3\" lang=\"pt-PT\" dir=\"ltr\" data-wpcf7-id=\"65\">\n<div class=\"screen-reader-response\"><p role=\"status\" aria-live=\"polite\" aria-atomic=\"true\"><\/p> <ul><\/ul><\/div>\n<form action=\"\/es\/wp-json\/wp\/v2\/pages\/11#wpcf7-f65-o3\" method=\"post\" class=\"wpcf7-form init\" aria-label=\"Formul\u00e1rio de contacto\" novalidate=\"novalidate\" data-status=\"init\">\n<fieldset class=\"hidden-fields-container\"><input type=\"hidden\" name=\"_wpcf7\" value=\"65\" \/><input type=\"hidden\" name=\"_wpcf7_version\" value=\"6.1.5\" \/><input type=\"hidden\" name=\"_wpcf7_locale\" value=\"pt_PT\" \/><input type=\"hidden\" name=\"_wpcf7_unit_tag\" value=\"wpcf7-f65-o3\" \/><input type=\"hidden\" name=\"_wpcf7_container_post\" value=\"0\" \/><input type=\"hidden\" name=\"_wpcf7_posted_data_hash\" value=\"\" \/><input type=\"hidden\" name=\"_wpcf7_recaptcha_response\" value=\"\" \/>\n<\/fieldset>\n<p>Your Name (mandatory)\n<\/p>\n<p><span class=\"wpcf7-form-control-wrap\" data-name=\"your-name\"><input size=\"40\" maxlength=\"400\" class=\"wpcf7-form-control wpcf7-text wpcf7-validates-as-required\" aria-required=\"true\" aria-invalid=\"false\" value=\"\" type=\"text\" name=\"your-name\" \/><\/span>\n<\/p>\n<p>Your email (mandatory)\n<\/p>\n<p><span class=\"wpcf7-form-control-wrap\" data-name=\"your-email\"><input size=\"40\" maxlength=\"400\" class=\"wpcf7-form-control wpcf7-email wpcf7-validates-as-required wpcf7-text wpcf7-validates-as-email\" aria-required=\"true\" aria-invalid=\"false\" value=\"\" type=\"email\" name=\"your-email\" \/><\/span>\n<\/p>\n<p>Subject (mandatory)\n<\/p>\n<p><span class=\"wpcf7-form-control-wrap\" data-name=\"your-subject\"><input size=\"40\" maxlength=\"400\" class=\"wpcf7-form-control wpcf7-text wpcf7-validates-as-required\" aria-required=\"true\" aria-invalid=\"false\" value=\"\" type=\"text\" name=\"your-subject\" \/><\/span>\n<\/p>\n<p>Your message\n<\/p>\n<p><span class=\"wpcf7-form-control-wrap\" data-name=\"your-message\"><textarea cols=\"40\" rows=\"10\" maxlength=\"2000\" class=\"wpcf7-form-control wpcf7-textarea\" aria-invalid=\"false\" name=\"your-message\"><\/textarea><\/span>\n<\/p>\n<p><input class=\"wpcf7-form-control wpcf7-submit has-spinner\" type=\"submit\" value=\"Send\" \/>\n<\/p><div class=\"wpcf7-response-output\" aria-hidden=\"true\"><\/div>\n<\/form>\n<\/div>\n<\/p>\n<p style=\"text-align: left;\">Revise su correo \u00abSPAM\u00bb. Gracias.<\/p>\n<hr \/>\n<h4 style=\"text-align: center;\"><strong>RentRiders<sup>\u00ae<\/sup> &#8211; Lisboa &#8211; Portugal<\/strong><\/h4>\n<div>\n<p style=\"text-align: left;\">RentRiders\u00ae tiene una ubicaci\u00f3n central en Lisboa, cerca de la Plaza Duque de Saldanha, Plaza Marqu\u00e9s de Pombal, Av. Da Rep\u00fablica y Av. Fontes Pereira de Melo. Estamos ubicados muy cerca de varios hoteles (Turim Hotels, Sana e Sana Evolution Hotels, VIP Hotels, Sheraton Hotel, Ibis Hotel, Hilton Fontana Park Hotel, Intercontinental Hotel, Ritz Hotel, Novotel, A\u00e7ores Hotel, Lisboa Hotel, Hotels F\u00e9nix , Hotel Eduardo VII, Real Pal\u00e1cio e Real Parque Hotels, Hotel Neya, Hoteles Olissippo, Hoteles NH, Hoteles Olissippo, Hoteles NH, Hotel Corinthia, Hotel Mercure entre otros). \u00a1Ven a visitarnos y alquila una scooter, maxiscooter, moto o alquila una bicicleta, y disfruta de Lisboa!<\/p>\n<p style=\"text-align: left;\">Para llegar a la agencia Rent Riders tambi\u00e9n puede utilizar las cercanas estaciones de metro \u00abSaldanha\u00bb, l\u00edneas amarilla y roja; \u00abPicoas\u00bb, l\u00ednea amarilla o \u00abArroios\u00bb, l\u00ednea verde.<\/p>\n<hr \/>\n<h5 style=\"text-align: left;\">Servicio Lisbon Airport Express o Hotel Express *<\/h5>\n<p style=\"text-align: left;\">\u00a1 Los hu\u00e9spedes de RenRiders.Pt pueden disfrutar del servicio exclusivo \u00abLisbon Airport Express\u00bb o \u00abHotel Express\u00bb ! \u00a1 Te llevamos a la tienda RentRiders antes del scooter, moto o bicicleta, alquilamos y te llevamos a tu destino despu\u00e9s ! \u00a1 Alquile una scooter en Lisboa sin estr\u00e9s !<\/p>\n<p style=\"text-align: left;\">*Servicio sujeto a disponibilidad.<\/p>\n<p><iframe loading=\"lazy\" style=\"border: 0;\" src=\"https:\/\/www.google.com\/maps\/embed?pb=!1m18!1m12!1m3!1d1556.202329861443!2d-9.14340344229487!3d38.73147535411516!2m3!1f0!2f0!3f0!3m2!1i1024!2i768!4f13.1!3m3!1m2!1s0xd19339f030178bd%3A0x12fdf7838bad6a60!2sRent%20Riders%20-%20Scooter%20-%20Moto%20-%20Bike%20-%20e.Bike%20-%20Rentals%20-%20Lisbon!5e0!3m2!1spt-PT!2spt!4v1615836183098!5m2!1spt-PT!2spt\" width=\"100%\" height=\"600\" allowfullscreen=\"allowfullscreen\"><\/iframe><\/p>\n<\/div>\n<\/div>\n<p><\/p>","protected":false},"excerpt":{"rendered":"<p>RentRiders\u00ae se encuentra en Lisboa cerca de Saldanha, Marqu\u00eas de Pombal y de varios hoteles. \u00a1 Alquila un scooter, una moto o una bici con nosotros y divi\u00e9rtete !<\/p>\n","protected":false},"author":1,"featured_media":16689,"parent":0,"menu_order":100,"comment_status":"closed","ping_status":"closed","template":"","meta":{"iawp_total_views":911,"footnotes":""},"class_list":["post-11","page","type-page","status-publish","has-post-thumbnail","czr-hentry"],"_links":{"self":[{"href":"https:\/\/www.rentriders.pt\/es\/wp-json\/wp\/v2\/pages\/11","targetHints":{"allow":["GET"]}}],"collection":[{"href":"https:\/\/www.rentriders.pt\/es\/wp-json\/wp\/v2\/pages"}],"about":[{"href":"https:\/\/www.rentriders.pt\/es\/wp-json\/wp\/v2\/types\/page"}],"author":[{"embeddable":true,"href":"https:\/\/www.rentriders.pt\/es\/wp-json\/wp\/v2\/users\/1"}],"replies":[{"embeddable":true,"href":"https:\/\/www.rentriders.pt\/es\/wp-json\/wp\/v2\/comments?post=11"}],"version-history":[{"count":20,"href":"https:\/\/www.rentriders.pt\/es\/wp-json\/wp\/v2\/pages\/11\/revisions"}],"predecessor-version":[{"id":17053,"href":"https:\/\/www.rentriders.pt\/es\/wp-json\/wp\/v2\/pages\/11\/revisions\/17053"}],"wp:featuredmedia":[{"embeddable":true,"href":"https:\/\/www.rentriders.pt\/es\/wp-json\/wp\/v2\/media\/16689"}],"wp:attachment":[{"href":"https:\/\/www.rentriders.pt\/es\/wp-json\/wp\/v2\/media?parent=11"}],"curies":[{"name":"wp","href":"https:\/\/api.w.org\/{rel}","templated":true}]}}